{"id":32346,"date":"2021-09-21T17:41:15","date_gmt":"2021-09-21T15:41:15","guid":{"rendered":"https:\/\/galicianparts.com\/shop\/producto\/9644251680-tapa-ciguenal-fiat-ducato-scudo-ulysse-lancia-citroen-peugeot-nueva-original\/"},"modified":"2025-04-28T11:13:48","modified_gmt":"2025-04-28T09:13:48","slug":"9644251680-tapa-ciguenal-fiat-ducato-scudo-ulysse-lancia-citroen-peugeot-nueva-original","status":"publish","type":"product","link":"https:\/\/galicianparts.com\/shop\/producto\/9644251680-tapa-ciguenal-fiat-ducato-scudo-ulysse-lancia-citroen-peugeot-nueva-original\/","title":{"rendered":"9644251680 Tapa cig\u00fce\u00f1al Fiat Ducato \/ Scudo \/ Ulysse \/ Lancia \/ Citroen \/ Peugeot NUEVA ORIGINAL"},"content":{"rendered":"<p>Tapa del c\u00e1rter, apoyo del ret\u00e9n del cig\u00fce\u00f1al del lado de la correa de distribuci\u00f3n de:<br \/>\nFIAT &#8211; 2F NUOVO ULYSSE 2.0 JTD 16V \/ 2.2 JTD 16V (2001-2010)<br \/>\nFIAT &#8211; PG ULYSSE 2.0 JTD 8V-16V(1994-2002)<br \/>\nLANCIA &#8211; SK \u00abZ\u00bb 2.0 JTD 8V-16V (1994-2002)<br \/>\nLANCIA &#8211; TC PHEDRA 2.0 JTD 16V \/ 2.2 JTD 16V (2001-2010)<br \/>\nFIAT PROFESSIONAL &#8211; 2E DUCATO RESTYL. 2.0 JTD (2001-2006)<br \/>\nFIAT PROFESSIONAL &#8211; PE DUCATO 2.0 JTD EGR (1994-2002)<br \/>\nFIAT PROFESSIONAL &#8211; 3H NUOVO SCUDO 2.0 JTD (2007-&#8230;.)<br \/>\nFIAT PROFESSIONAL &#8211; PL SCUDO 1.9 D \/ 2.0 JTD (1995-2004)<br \/>\nFIAT PROFESSIONAL &#8211; 2X SCUDO 1.9 D \/ 2.0 JTD (2004-2006)<br \/>\nCITROEN JUMPER<br \/>\nCITROEN JUMPY<br \/>\nPEUGEOT BOXER<br \/>\nPEUGEOT EXPERT<\/p>\n<p>LA PIEZA ES NUEVA Y ORIGINAL.<\/p>\n","protected":false},"excerpt":{"rendered":"<p>Tapa del c\u00e1rter, apoyo del ret\u00e9n del cig\u00fce\u00f1al del lado de la correa de distribuci\u00f3n de: FIAT &#8211; 2F NUOVO ULYSSE 2.0 JTD 16V \/ 2.2 JTD 16V (2001-2010) FIAT &#8211; PG ULYSSE 2.0 JTD 8V-16V(1994-2002) LANCIA &#8211; SK \u00abZ\u00bb 2.0 JTD 8V-16V (1994-2002) LANCIA &#8211; TC PHEDRA 2.0 JTD 16V \/ 2.2 JTD 16V [&hellip;]<\/p>\n","protected":false},"featured_media":32347,"template":"","meta":{"_seopress_robots_primary_cat":"","_seopress_titles_title":"","_seopress_titles_desc":"","_seopress_robots_index":""},"product_cat":[155,23,88,156,20,137,138,21,24,122,104,113,128],"product_tag":[],"class_list":{"0":"post-32346","1":"product","2":"type-product","3":"status-publish","4":"has-post-thumbnail","6":"product_cat-recambios-peugeot-boxer","7":"product_cat-recambios-citroen","8":"product_cat-recambios-fiat-ducato","9":"product_cat-recambios-peugeot-expert","10":"product_cat-recambios-fiat","11":"product_cat-recambios-citroen-jumper","12":"product_cat-recambios-citroen-jumpy","13":"product_cat-recambios-lancia","14":"product_cat-recambios-peugeot","15":"product_cat-recambios-lancia-phedra","16":"product_cat-recambios-fiat-scudo","17":"product_cat-recambios-fiat-ulysse","18":"product_cat-recambios-lancia-z","20":"first","21":"outofstock","22":"taxable","23":"shipping-taxable","24":"purchasable","25":"product-type-simple"},"_links":{"self":[{"href":"https:\/\/galicianparts.com\/shop\/wp-json\/wp\/v2\/product\/32346"}],"collection":[{"href":"https:\/\/galicianparts.com\/shop\/wp-json\/wp\/v2\/product"}],"about":[{"href":"https:\/\/galicianparts.com\/shop\/wp-json\/wp\/v2\/types\/product"}],"wp:featuredmedia":[{"embeddable":true,"href":"https:\/\/galicianparts.com\/shop\/wp-json\/wp\/v2\/media\/32347"}],"wp:attachment":[{"href":"https:\/\/galicianparts.com\/shop\/wp-json\/wp\/v2\/media?parent=32346"}],"wp:term":[{"taxonomy":"product_cat","embeddable":true,"href":"https:\/\/galicianparts.com\/shop\/wp-json\/wp\/v2\/product_cat?post=32346"},{"taxonomy":"product_tag","embeddable":true,"href":"https:\/\/galicianparts.com\/shop\/wp-json\/wp\/v2\/product_tag?post=32346"}],"curies":[{"name":"wp","href":"https:\/\/api.w.org\/{rel}","templated":true}]}}