{"id":32557,"date":"2021-09-23T12:08:47","date_gmt":"2021-09-23T10:08:47","guid":{"rendered":"https:\/\/galicianparts.com\/shop\/producto\/82476062-instalacion-electrica-lancia-dedra-1-6-1992-1994-nuevo-original\/"},"modified":"2021-09-23T12:10:20","modified_gmt":"2021-09-23T10:10:20","slug":"82476062-instalacion-electrica-lancia-dedra-1-6-1992-1994-nuevo-original","status":"publish","type":"product","link":"https:\/\/galicianparts.com\/shop\/producto\/82476062-instalacion-electrica-lancia-dedra-1-6-1992-1994-nuevo-original\/","title":{"rendered":"82476062 Instalaci\u00f3n el\u00e9ctrica Lancia Dedra 1.6 (1992-1994) NUEVO ORIGINAL"},"content":{"rendered":"<p>Cableado el\u00e9ctrico de:<br \/>\nLANCIA &#8211; RY DEDRA 1600cc BENZINA (1992-1994)<\/p>\n<p>LA PIEZA ES NUEVA Y ORIGINAL.<\/p>\n","protected":false},"excerpt":{"rendered":"<p>Cableado el\u00e9ctrico de: LANCIA &#8211; RY DEDRA 1600cc BENZINA (1992-1994) LA PIEZA ES NUEVA Y ORIGINAL.<\/p>\n","protected":false},"featured_media":32558,"template":"","meta":{"_seopress_robots_primary_cat":"","_seopress_titles_title":"","_seopress_titles_desc":"","_seopress_robots_index":""},"product_cat":[117,21],"product_tag":[],"class_list":{"0":"post-32557","1":"product","2":"type-product","3":"status-publish","4":"has-post-thumbnail","6":"product_cat-recambios-lancia-dedra","7":"product_cat-recambios-lancia","9":"first","10":"instock","11":"taxable","12":"shipping-taxable","13":"purchasable","14":"product-type-simple"},"_links":{"self":[{"href":"https:\/\/galicianparts.com\/shop\/wp-json\/wp\/v2\/product\/32557"}],"collection":[{"href":"https:\/\/galicianparts.com\/shop\/wp-json\/wp\/v2\/product"}],"about":[{"href":"https:\/\/galicianparts.com\/shop\/wp-json\/wp\/v2\/types\/product"}],"wp:featuredmedia":[{"embeddable":true,"href":"https:\/\/galicianparts.com\/shop\/wp-json\/wp\/v2\/media\/32558"}],"wp:attachment":[{"href":"https:\/\/galicianparts.com\/shop\/wp-json\/wp\/v2\/media?parent=32557"}],"wp:term":[{"taxonomy":"product_cat","embeddable":true,"href":"https:\/\/galicianparts.com\/shop\/wp-json\/wp\/v2\/product_cat?post=32557"},{"taxonomy":"product_tag","embeddable":true,"href":"https:\/\/galicianparts.com\/shop\/wp-json\/wp\/v2\/product_tag?post=32557"}],"curies":[{"name":"wp","href":"https:\/\/api.w.org\/{rel}","templated":true}]}}