{"id":32602,"date":"2021-09-23T14:17:15","date_gmt":"2021-09-23T12:17:15","guid":{"rendered":"https:\/\/galicianparts.com\/shop\/producto\/7539514-eje-marcha-atras-lancia-delta-hf-turbo-1986-1992-nuevo-original\/"},"modified":"2021-09-23T14:21:12","modified_gmt":"2021-09-23T12:21:12","slug":"7539514-eje-marcha-atras-lancia-delta-hf-turbo-1986-1992-nuevo-original","status":"publish","type":"product","link":"https:\/\/galicianparts.com\/shop\/producto\/7539514-eje-marcha-atras-lancia-delta-hf-turbo-1986-1992-nuevo-original\/","title":{"rendered":"7539514 Eje marcha atr\u00e1s Lancia Delta HF Turbo (1986-1992) NUEVO ORIGINAL"},"content":{"rendered":"<p>Eje, bul\u00f3n de la marcha atr\u00e1s de:<br \/>\nLANCIA &#8211; TB DELTA R.86 1600cc MPI TURBO (1986-1992)<br \/>\nLANCIA &#8211; TB DELTA R.86 1600cc (1986-1992)<br \/>\nLANCIA &#8211; TB DELTA R.86 1100cc CARB 1300cc CARB 1500cc CARB (1986-1992)<br \/>\nLANCIA &#8211; TB DELTA R.86 1930cc TB\/DS (1986-1992)<\/p>\n<p> LA PIEZA ES NUEVA Y ORIGINAL.<\/p>\n","protected":false},"excerpt":{"rendered":"<p>Eje, bul\u00f3n de la marcha atr\u00e1s de: LANCIA &#8211; TB DELTA R.86 1600cc MPI TURBO (1986-1992) LANCIA &#8211; TB DELTA R.86 1600cc (1986-1992) LANCIA &#8211; TB DELTA R.86 1100cc CARB 1300cc CARB 1500cc CARB (1986-1992) LANCIA &#8211; TB DELTA R.86 1930cc TB\/DS (1986-1992) LA PIEZA ES NUEVA Y ORIGINAL.<\/p>\n","protected":false},"featured_media":32603,"template":"","meta":{"_seopress_robots_primary_cat":"","_seopress_titles_title":"","_seopress_titles_desc":"","_seopress_robots_index":""},"product_cat":[118,21],"product_tag":[],"class_list":{"0":"post-32602","1":"product","2":"type-product","3":"status-publish","4":"has-post-thumbnail","6":"product_cat-recambios-lancia-delta","7":"product_cat-recambios-lancia","9":"first","10":"instock","11":"taxable","12":"shipping-taxable","13":"purchasable","14":"product-type-simple"},"_links":{"self":[{"href":"https:\/\/galicianparts.com\/shop\/wp-json\/wp\/v2\/product\/32602"}],"collection":[{"href":"https:\/\/galicianparts.com\/shop\/wp-json\/wp\/v2\/product"}],"about":[{"href":"https:\/\/galicianparts.com\/shop\/wp-json\/wp\/v2\/types\/product"}],"wp:featuredmedia":[{"embeddable":true,"href":"https:\/\/galicianparts.com\/shop\/wp-json\/wp\/v2\/media\/32603"}],"wp:attachment":[{"href":"https:\/\/galicianparts.com\/shop\/wp-json\/wp\/v2\/media?parent=32602"}],"wp:term":[{"taxonomy":"product_cat","embeddable":true,"href":"https:\/\/galicianparts.com\/shop\/wp-json\/wp\/v2\/product_cat?post=32602"},{"taxonomy":"product_tag","embeddable":true,"href":"https:\/\/galicianparts.com\/shop\/wp-json\/wp\/v2\/product_tag?post=32602"}],"curies":[{"name":"wp","href":"https:\/\/api.w.org\/{rel}","templated":true}]}}