{"id":32624,"date":"2021-09-27T10:21:24","date_gmt":"2021-09-27T08:21:24","guid":{"rendered":"https:\/\/galicianparts.com\/shop\/producto\/46308269-capuchon-palier-alfa-romeo-159-brera-sider-nuevo-original\/"},"modified":"2024-03-22T14:02:32","modified_gmt":"2024-03-22T12:02:32","slug":"46308269-capuchon-palier-alfa-romeo-159-brera-sider-nuevo-original","status":"publish","type":"product","link":"https:\/\/galicianparts.com\/shop\/producto\/46308269-capuchon-palier-alfa-romeo-159-brera-sider-nuevo-original\/","title":{"rendered":"46308269 Capuch\u00f3n palier Alfa Romeo 159 \/ Brera \/ Sider NUEVO ORIGINAL"},"content":{"rendered":"<p>Capuch\u00f3n del semieje de:<br \/>\nALFA ROMEO 159 Berlina (939) (A\u00f1o 09.2005 &#8211; 12.2012)<br \/>\n1.9 JTDM 16V, A\u00f1o 09.2005 &#8211; 11.2011, 1910 , 136<br \/>\n1.9 JTDM 16V, A\u00f1o 09.2005 &#8211; 11.2011, 1910 , 150<br \/>\n1.9 JTDM 8V, A\u00f1o 09.2005 &#8211; 11.2011, 1910 , 115<br \/>\n1.9 JTDM 8V, A\u00f1o 09.2005 &#8211; 11.2011, 1910 , 120<br \/>\n1.9 JTS, A\u00f1o 09.2005 &#8211; 11.2011, 1859 , 160<br \/>\n2.0 JTDM, A\u00f1o 06.2010 &#8211; 11.2011, 1956 , 136<br \/>\n2.2 JTS, A\u00f1o 09.2005 &#8211; 11.2011, 2198 , 185<br \/>\n2.4 JTDM Q4, A\u00f1o 05.2007 &#8211; 11.2011, 2387 , 210<br \/>\n3.2 JTS Q4, A\u00f1o 12.2005 &#8211; 11.2011, 3195 , 260<br \/>\nALFA ROMEO Brera (939) (A\u00f1o 01.2006 &#8211; 05.2011)<br \/>\n2.2 JTS (939.DXB11), A\u00f1o 01.2006 &#8211; 05.2011, 2198 , 185<br \/>\n3.2 JTS, A\u00f1o 03.2008 &#8211; 06.2010, 3195 , 260<br \/>\n3.2 JTS Q4 (939.DXG22), A\u00f1o 01.2006 &#8211; 05.2011, 3195 , 260<br \/>\nALFA ROMEO 159 Sportwagon (939) (A\u00f1o 03.2006 &#8211; 12.2012)<br \/>\n1.9 JTDM 16V, A\u00f1o 03.2006 &#8211; 11.2011, 1910 , 136<br \/>\n1.9 JTDM 16V, A\u00f1o 03.2006 &#8211; 11.2011, 1910 , 150<br \/>\n1.9 JTDM 8V, A\u00f1o 03.2006 &#8211; 11.2011, 1910 , 115<br \/>\n1.9 JTDM 8V, A\u00f1o 03.2006 &#8211; 11.2011, 1910 , 120<br \/>\n1.9 JTS, A\u00f1o 03.2006 &#8211; 11.2011, 1859 , 160<br \/>\n2.0 JTDM, A\u00f1o 06.2010 &#8211; 11.2011, 1956 , 136<br \/>\n2.2 JTS, A\u00f1o 03.2006 &#8211; 11.2011, 2198 , 185<br \/>\n2.4 JTDM Q4, A\u00f1o 05.2007 &#8211; 11.2011, 2387 , 210<br \/>\n3.2 JTS Q4, A\u00f1o 03.2006 &#8211; 11.2011, 3195 , 260<br \/>\nALFA ROMEO Spider (939) (A\u00f1o 03.2006 &#8211; 03.2011)<br \/>\n2.2 JTS, A\u00f1o 03.2006 &#8211; 03.2011, 2198 , 185<br \/>\n3.2 JTS, A\u00f1o 03.2008 &#8211; 06.2010, 3195 , 260<br \/>\n3.2 JTS Q4, A\u00f1o 03.2006 &#8211; 03.2011, 3195 , 260<\/p>\n<p>LA PIEZA ES NUEVA Y ORIGINAL.<\/p>\n","protected":false},"excerpt":{"rendered":"<p>Capuch\u00f3n del semieje de: ALFA ROMEO 159 Berlina (939) (A\u00f1o 09.2005 &#8211; 12.2012) 1.9 JTDM 16V, A\u00f1o 09.2005 &#8211; 11.2011, 1910 , 136 1.9 JTDM 16V, A\u00f1o 09.2005 &#8211; 11.2011, 1910 , 150 1.9 JTDM 8V, A\u00f1o 09.2005 &#8211; 11.2011, 1910 , 115 1.9 JTDM 8V, A\u00f1o 09.2005 &#8211; 11.2011, 1910 , 120 1.9 JTS, [&hellip;]<\/p>\n","protected":false},"featured_media":32625,"template":"","meta":{"_seopress_robots_primary_cat":"","_seopress_titles_title":"","_seopress_titles_desc":"","_seopress_robots_index":""},"product_cat":[51,16,52,56],"product_tag":[],"class_list":{"0":"post-32624","1":"product","2":"type-product","3":"status-publish","4":"has-post-thumbnail","6":"product_cat-recambios-alfa-romeo-159","7":"product_cat-recambios-alfa-romeo","8":"product_cat-recambios-alfa-romeo-brera","9":"product_cat-recambios-alfa-romeo-spider","11":"first","12":"outofstock","13":"taxable","14":"shipping-taxable","15":"purchasable","16":"product-type-simple"},"_links":{"self":[{"href":"https:\/\/galicianparts.com\/shop\/wp-json\/wp\/v2\/product\/32624"}],"collection":[{"href":"https:\/\/galicianparts.com\/shop\/wp-json\/wp\/v2\/product"}],"about":[{"href":"https:\/\/galicianparts.com\/shop\/wp-json\/wp\/v2\/types\/product"}],"wp:featuredmedia":[{"embeddable":true,"href":"https:\/\/galicianparts.com\/shop\/wp-json\/wp\/v2\/media\/32625"}],"wp:attachment":[{"href":"https:\/\/galicianparts.com\/shop\/wp-json\/wp\/v2\/media?parent=32624"}],"wp:term":[{"taxonomy":"product_cat","embeddable":true,"href":"https:\/\/galicianparts.com\/shop\/wp-json\/wp\/v2\/product_cat?post=32624"},{"taxonomy":"product_tag","embeddable":true,"href":"https:\/\/galicianparts.com\/shop\/wp-json\/wp\/v2\/product_tag?post=32624"}],"curies":[{"name":"wp","href":"https:\/\/api.w.org\/{rel}","templated":true}]}}