{"id":32700,"date":"2021-09-27T14:07:44","date_gmt":"2021-09-27T12:07:44","guid":{"rendered":"https:\/\/galicianparts.com\/shop\/producto\/735287472-botonera-consola-central-fiat-punto-hgt-1999-2003-nuevo-original\/"},"modified":"2021-12-14T10:31:06","modified_gmt":"2021-12-14T08:31:06","slug":"735287472-botonera-consola-central-fiat-punto-hgt-1999-2003-nuevo-original","status":"publish","type":"product","link":"https:\/\/galicianparts.com\/shop\/producto\/735287472-botonera-consola-central-fiat-punto-hgt-1999-2003-nuevo-original\/","title":{"rendered":"735287472 Botonera consola central Fiat Punto HGT (1999-2003) NUEVO ORIGINAL"},"content":{"rendered":"<p>Interruptores, bot\u00f3n de elevalunas el\u00e9ctrico, luces antiniebla, luces emergencia, luneta t\u00e9rmica y city de la consola central del salpicadero de:<br \/>\nFIAT &#8211; 1N PUNTO HGT (1999-2003)<\/p>\n<p>LA PIEZA ES NUEVA Y ORIGINAL.<\/p>\n","protected":false},"excerpt":{"rendered":"<p>Interruptores, bot\u00f3n de elevalunas el\u00e9ctrico, luces antiniebla, luces emergencia, luneta t\u00e9rmica y city de la consola central del salpicadero de: FIAT &#8211; 1N PUNTO HGT (1999-2003) LA PIEZA ES NUEVA Y ORIGINAL.<\/p>\n","protected":false},"featured_media":32701,"template":"","meta":{"_seopress_robots_primary_cat":"","_seopress_titles_title":"","_seopress_titles_desc":"","_seopress_robots_index":""},"product_cat":[20,101],"product_tag":[],"class_list":{"0":"post-32700","1":"product","2":"type-product","3":"status-publish","4":"has-post-thumbnail","6":"product_cat-recambios-fiat","7":"product_cat-recambios-fiat-punto","9":"first","10":"outofstock","11":"taxable","12":"shipping-taxable","13":"purchasable","14":"product-type-simple"},"_links":{"self":[{"href":"https:\/\/galicianparts.com\/shop\/wp-json\/wp\/v2\/product\/32700"}],"collection":[{"href":"https:\/\/galicianparts.com\/shop\/wp-json\/wp\/v2\/product"}],"about":[{"href":"https:\/\/galicianparts.com\/shop\/wp-json\/wp\/v2\/types\/product"}],"wp:featuredmedia":[{"embeddable":true,"href":"https:\/\/galicianparts.com\/shop\/wp-json\/wp\/v2\/media\/32701"}],"wp:attachment":[{"href":"https:\/\/galicianparts.com\/shop\/wp-json\/wp\/v2\/media?parent=32700"}],"wp:term":[{"taxonomy":"product_cat","embeddable":true,"href":"https:\/\/galicianparts.com\/shop\/wp-json\/wp\/v2\/product_cat?post=32700"},{"taxonomy":"product_tag","embeddable":true,"href":"https:\/\/galicianparts.com\/shop\/wp-json\/wp\/v2\/product_tag?post=32700"}],"curies":[{"name":"wp","href":"https:\/\/api.w.org\/{rel}","templated":true}]}}