{"id":32978,"date":"2021-09-30T11:15:08","date_gmt":"2021-09-30T09:15:08","guid":{"rendered":"https:\/\/galicianparts.com\/shop\/producto\/504123795-polea-superior-distribucion-m2-3-jtd-fiat-ducato-01-6-citroen-peugeot-nuevo-original\/"},"modified":"2021-10-21T13:52:26","modified_gmt":"2021-10-21T11:52:26","slug":"504123795-polea-superior-distribucion-m2-3-jtd-fiat-ducato-01-6-citroen-peugeot-nuevo-original","status":"publish","type":"product","link":"https:\/\/galicianparts.com\/shop\/producto\/504123795-polea-superior-distribucion-m2-3-jtd-fiat-ducato-01-6-citroen-peugeot-nuevo-original\/","title":{"rendered":"504123795 Polea superior distribuci\u00f3n M2.3 JTD Fiat Ducato (01-6) Citroen \/ Peugeot NUEVO ORIGINAL"},"content":{"rendered":"<p>Engranaje del \u00e1rbol de levas, pi\u00f1\u00f3n superior de la distribuci\u00f3n de los modelos con motor 2300cc JTD de:<br \/>\nN\u00ba Dientes: 50<br \/>\nDi\u00e1metro: 150mm<br \/>\nAncho: 34mm<\/p>\n<p>FIAT PROFESSIONAL &#8211; 2E DUCATO RESTYL. (2001-2006)<br \/>\nCITROEN &#8211; JUMPER<br \/>\nPEUGEOT &#8211; BOXER<\/p>\n<p>LA PIEZA ES NUEVA Y ORIGINAL.<\/p>\n","protected":false},"excerpt":{"rendered":"<p>Engranaje del \u00e1rbol de levas, pi\u00f1\u00f3n superior de la distribuci\u00f3n de los modelos con motor 2300cc JTD de: N\u00ba Dientes: 50 Di\u00e1metro: 150mm Ancho: 34mm FIAT PROFESSIONAL &#8211; 2E DUCATO RESTYL. (2001-2006) CITROEN &#8211; JUMPER PEUGEOT &#8211; BOXER LA PIEZA ES NUEVA Y ORIGINAL.<\/p>\n","protected":false},"featured_media":32984,"template":"","meta":{"_seopress_robots_primary_cat":"","_seopress_titles_title":"","_seopress_titles_desc":"","_seopress_robots_index":""},"product_cat":[155,23,88,20,137,24],"product_tag":[],"class_list":{"0":"post-32978","1":"product","2":"type-product","3":"status-publish","4":"has-post-thumbnail","6":"product_cat-recambios-peugeot-boxer","7":"product_cat-recambios-citroen","8":"product_cat-recambios-fiat-ducato","9":"product_cat-recambios-fiat","10":"product_cat-recambios-citroen-jumper","11":"product_cat-recambios-peugeot","13":"first","14":"outofstock","15":"taxable","16":"shipping-taxable","17":"purchasable","18":"product-type-simple"},"_links":{"self":[{"href":"https:\/\/galicianparts.com\/shop\/wp-json\/wp\/v2\/product\/32978"}],"collection":[{"href":"https:\/\/galicianparts.com\/shop\/wp-json\/wp\/v2\/product"}],"about":[{"href":"https:\/\/galicianparts.com\/shop\/wp-json\/wp\/v2\/types\/product"}],"wp:featuredmedia":[{"embeddable":true,"href":"https:\/\/galicianparts.com\/shop\/wp-json\/wp\/v2\/media\/32984"}],"wp:attachment":[{"href":"https:\/\/galicianparts.com\/shop\/wp-json\/wp\/v2\/media?parent=32978"}],"wp:term":[{"taxonomy":"product_cat","embeddable":true,"href":"https:\/\/galicianparts.com\/shop\/wp-json\/wp\/v2\/product_cat?post=32978"},{"taxonomy":"product_tag","embeddable":true,"href":"https:\/\/galicianparts.com\/shop\/wp-json\/wp\/v2\/product_tag?post=32978"}],"curies":[{"name":"wp","href":"https:\/\/api.w.org\/{rel}","templated":true}]}}