{"id":33037,"date":"2021-09-30T13:08:14","date_gmt":"2021-09-30T11:08:14","guid":{"rendered":"https:\/\/galicianparts.com\/shop\/producto\/51788015-manguito-calefaccion-lancia-delta-fiat-bravo-nuevo-original\/"},"modified":"2023-03-06T11:40:18","modified_gmt":"2023-03-06T09:40:18","slug":"51788015-manguito-calefaccion-lancia-delta-fiat-bravo-nuevo-original","status":"publish","type":"product","link":"https:\/\/galicianparts.com\/shop\/producto\/51788015-manguito-calefaccion-lancia-delta-fiat-bravo-nuevo-original\/","title":{"rendered":"51788015 Manguito calefacci\u00f3n Lancia Delta \/ Fiat Bravo NUEVO ORIGINAL"},"content":{"rendered":"<p>Tubo, manguito con conexi\u00f3n r\u00e1pida de la calefacci\u00f3n de:<br \/>\nFIAT &#8211; 3L NUOVA BRAVO (2007-2009)<br \/>\nFIAT &#8211; 3Y NUOVA BRAVO MY 2010 (2010-2014)<br \/>\nLANCIA &#8211; TH NUOVA DELTA 844 (2008-2011)<\/p>\n<p>LA PIEZA ES NUEVA Y ORIGINAL.<\/p>\n","protected":false},"excerpt":{"rendered":"<p>Tubo, manguito con conexi\u00f3n r\u00e1pida de la calefacci\u00f3n de: FIAT &#8211; 3L NUOVA BRAVO (2007-2009) FIAT &#8211; 3Y NUOVA BRAVO MY 2010 (2010-2014) LANCIA &#8211; TH NUOVA DELTA 844 (2008-2011) LA PIEZA ES NUEVA Y ORIGINAL.<\/p>\n","protected":false},"featured_media":33038,"template":"","meta":{"_seopress_robots_primary_cat":"","_seopress_titles_title":"","_seopress_titles_desc":"","_seopress_robots_index":""},"product_cat":[82,118,20,21],"product_tag":[],"class_list":{"0":"post-33037","1":"product","2":"type-product","3":"status-publish","4":"has-post-thumbnail","6":"product_cat-recambios-fiat-bravo","7":"product_cat-recambios-lancia-delta","8":"product_cat-recambios-fiat","9":"product_cat-recambios-lancia","11":"first","12":"outofstock","13":"taxable","14":"shipping-taxable","15":"purchasable","16":"product-type-simple"},"_links":{"self":[{"href":"https:\/\/galicianparts.com\/shop\/wp-json\/wp\/v2\/product\/33037"}],"collection":[{"href":"https:\/\/galicianparts.com\/shop\/wp-json\/wp\/v2\/product"}],"about":[{"href":"https:\/\/galicianparts.com\/shop\/wp-json\/wp\/v2\/types\/product"}],"wp:featuredmedia":[{"embeddable":true,"href":"https:\/\/galicianparts.com\/shop\/wp-json\/wp\/v2\/media\/33038"}],"wp:attachment":[{"href":"https:\/\/galicianparts.com\/shop\/wp-json\/wp\/v2\/media?parent=33037"}],"wp:term":[{"taxonomy":"product_cat","embeddable":true,"href":"https:\/\/galicianparts.com\/shop\/wp-json\/wp\/v2\/product_cat?post=33037"},{"taxonomy":"product_tag","embeddable":true,"href":"https:\/\/galicianparts.com\/shop\/wp-json\/wp\/v2\/product_tag?post=33037"}],"curies":[{"name":"wp","href":"https:\/\/api.w.org\/{rel}","templated":true}]}}