{"id":33057,"date":"2021-09-30T13:41:44","date_gmt":"2021-09-30T11:41:44","guid":{"rendered":"https:\/\/galicianparts.com\/shop\/producto\/7658442-conector-cierre-porton-maletero-fiat-cinquecento-1992-1998-nuevo-original\/"},"modified":"2022-01-21T20:59:57","modified_gmt":"2022-01-21T18:59:57","slug":"7658442-conector-cierre-porton-maletero-fiat-cinquecento-1992-1998-nuevo-original","status":"publish","type":"product","link":"https:\/\/galicianparts.com\/shop\/producto\/7658442-conector-cierre-porton-maletero-fiat-cinquecento-1992-1998-nuevo-original\/","title":{"rendered":"7658442 Conector cierre port\u00f3n maletero Fiat Cinquecento (1992-1998) NUEVO ORIGINAL"},"content":{"rendered":"<p>7689609 Conexi\u00f3n del port\u00f3n del maletero para el cierre centralizado de:<br \/>\nFIAT &#8211; NM CINQUECENTO (1992-1998)<\/p>\n<p>LA PIEZA ES NUEVA Y ORIGINAL.<\/p>\n","protected":false},"excerpt":{"rendered":"<p>7689609 Conexi\u00f3n del port\u00f3n del maletero para el cierre centralizado de: FIAT &#8211; NM CINQUECENTO (1992-1998) LA PIEZA ES NUEVA Y ORIGINAL.<\/p>\n","protected":false},"featured_media":33058,"template":"","meta":{"_seopress_robots_primary_cat":"","_seopress_titles_title":"","_seopress_titles_desc":"","_seopress_robots_index":""},"product_cat":[84,20],"product_tag":[],"class_list":{"0":"post-33057","1":"product","2":"type-product","3":"status-publish","4":"has-post-thumbnail","6":"product_cat-recambios-fiat-cinquecento","7":"product_cat-recambios-fiat","9":"first","10":"outofstock","11":"taxable","12":"shipping-taxable","13":"purchasable","14":"product-type-simple"},"_links":{"self":[{"href":"https:\/\/galicianparts.com\/shop\/wp-json\/wp\/v2\/product\/33057"}],"collection":[{"href":"https:\/\/galicianparts.com\/shop\/wp-json\/wp\/v2\/product"}],"about":[{"href":"https:\/\/galicianparts.com\/shop\/wp-json\/wp\/v2\/types\/product"}],"wp:featuredmedia":[{"embeddable":true,"href":"https:\/\/galicianparts.com\/shop\/wp-json\/wp\/v2\/media\/33058"}],"wp:attachment":[{"href":"https:\/\/galicianparts.com\/shop\/wp-json\/wp\/v2\/media?parent=33057"}],"wp:term":[{"taxonomy":"product_cat","embeddable":true,"href":"https:\/\/galicianparts.com\/shop\/wp-json\/wp\/v2\/product_cat?post=33057"},{"taxonomy":"product_tag","embeddable":true,"href":"https:\/\/galicianparts.com\/shop\/wp-json\/wp\/v2\/product_tag?post=33057"}],"curies":[{"name":"wp","href":"https:\/\/api.w.org\/{rel}","templated":true}]}}