{"id":33139,"date":"2021-10-01T10:57:25","date_gmt":"2021-10-01T08:57:25","guid":{"rendered":"https:\/\/galicianparts.com\/shop\/producto\/12495980-conexion-faros-traseros-alfa-romeo-147-gta-fiat-grande-punto-nuevo-original\/"},"modified":"2022-08-01T10:49:38","modified_gmt":"2022-08-01T08:49:38","slug":"12495980-conexion-faros-traseros-alfa-romeo-147-gta-fiat-grande-punto-nuevo-original","status":"publish","type":"product","link":"https:\/\/galicianparts.com\/shop\/producto\/12495980-conexion-faros-traseros-alfa-romeo-147-gta-fiat-grande-punto-nuevo-original\/","title":{"rendered":"12495980 Conexi\u00f3n faro trasero Alfa Romeo 147 GTA \/ Fiat Grande Punto NUEVO ORIGINAL"},"content":{"rendered":"<p>Ficha de conexi\u00f3n el\u00e9ctrica de cuatro v\u00edas para los faros traseros de:<br \/>\nFIAT &#8211; 2Y GRANDE PUNTO (2005-2008)<br \/>\nFIAT &#8211; 4C GRANDE PUNTO (2008-2009)<br \/>\nALFA ROMEO &#8211; W8 147 GTA (2000-2010)<br \/>\nALFA ROMEO &#8211; W8 147 PROGRESSION \/ DISTINCTIVE (2000-2010)<\/p>\n<p>LA PIEZA ES NUEVA Y ORIGINAL.<\/p>\n","protected":false},"excerpt":{"rendered":"<p>Ficha de conexi\u00f3n el\u00e9ctrica de cuatro v\u00edas para los faros traseros de: FIAT &#8211; 2Y GRANDE PUNTO (2005-2008) FIAT &#8211; 4C GRANDE PUNTO (2008-2009) ALFA ROMEO &#8211; W8 147 GTA (2000-2010) ALFA ROMEO &#8211; W8 147 PROGRESSION \/ DISTINCTIVE (2000-2010) LA PIEZA ES NUEVA Y ORIGINAL.<\/p>\n","protected":false},"featured_media":33140,"template":"","meta":{"_seopress_robots_primary_cat":"","_seopress_titles_title":"","_seopress_titles_desc":"","_seopress_robots_index":""},"product_cat":[44,16,20,92],"product_tag":[],"class_list":{"0":"post-33139","1":"product","2":"type-product","3":"status-publish","4":"has-post-thumbnail","6":"product_cat-recambios-alfa-romeo-147","7":"product_cat-recambios-alfa-romeo","8":"product_cat-recambios-fiat","9":"product_cat-recambios-fiat-grande-punto","11":"first","12":"outofstock","13":"taxable","14":"shipping-taxable","15":"purchasable","16":"product-type-simple"},"_links":{"self":[{"href":"https:\/\/galicianparts.com\/shop\/wp-json\/wp\/v2\/product\/33139"}],"collection":[{"href":"https:\/\/galicianparts.com\/shop\/wp-json\/wp\/v2\/product"}],"about":[{"href":"https:\/\/galicianparts.com\/shop\/wp-json\/wp\/v2\/types\/product"}],"wp:featuredmedia":[{"embeddable":true,"href":"https:\/\/galicianparts.com\/shop\/wp-json\/wp\/v2\/media\/33140"}],"wp:attachment":[{"href":"https:\/\/galicianparts.com\/shop\/wp-json\/wp\/v2\/media?parent=33139"}],"wp:term":[{"taxonomy":"product_cat","embeddable":true,"href":"https:\/\/galicianparts.com\/shop\/wp-json\/wp\/v2\/product_cat?post=33139"},{"taxonomy":"product_tag","embeddable":true,"href":"https:\/\/galicianparts.com\/shop\/wp-json\/wp\/v2\/product_tag?post=33139"}],"curies":[{"name":"wp","href":"https:\/\/api.w.org\/{rel}","templated":true}]}}