{"id":33207,"date":"2021-10-01T14:28:27","date_gmt":"2021-10-01T12:28:27","guid":{"rendered":"https:\/\/galicianparts.com\/shop\/producto\/7642315-polea-inferior-correa-auxiliar-fiat-croma-lancia-thema-nuevo-original\/"},"modified":"2022-08-22T11:24:37","modified_gmt":"2022-08-22T09:24:37","slug":"7642315-polea-inferior-correa-auxiliar-fiat-croma-lancia-thema-nuevo-original","status":"publish","type":"product","link":"https:\/\/galicianparts.com\/shop\/producto\/7642315-polea-inferior-correa-auxiliar-fiat-croma-lancia-thema-nuevo-original\/","title":{"rendered":"7642315 Polea inferior correa auxiliar Fiat Croma \/ Lancia Thema NUEVO ORIGINAL"},"content":{"rendered":"<p>Polea del cig\u00fce\u00f1al de la correa de instrumentos de 151.5mm de di\u00e1metro de:<br \/>\nFIAT &#8211; MY CROMA 2000cc 8v 2000cc 8v Turbo (1990-1996)<br \/>\nLANCIA &#8211; SZ THEMA R.88 2000cc 8v 2000cc 8v Turbo (1988-1992)<\/p>\n<p>LA PIEZA ES NUEVA Y ORIGINAL.<\/p>\n","protected":false},"excerpt":{"rendered":"<p>Polea del cig\u00fce\u00f1al de la correa de instrumentos de 151.5mm de di\u00e1metro de: FIAT &#8211; MY CROMA 2000cc 8v 2000cc 8v Turbo (1990-1996) LANCIA &#8211; SZ THEMA R.88 2000cc 8v 2000cc 8v Turbo (1988-1992) LA PIEZA ES NUEVA Y ORIGINAL.<\/p>\n","protected":false},"featured_media":33208,"template":"","meta":{"_seopress_robots_primary_cat":"","_seopress_titles_title":"","_seopress_titles_desc":"","_seopress_robots_index":""},"product_cat":[86,20,21,124],"product_tag":[],"class_list":{"0":"post-33207","1":"product","2":"type-product","3":"status-publish","4":"has-post-thumbnail","6":"product_cat-recambios-fiat-croma","7":"product_cat-recambios-fiat","8":"product_cat-recambios-lancia","9":"product_cat-recambios-lancia-thema","11":"first","12":"outofstock","13":"taxable","14":"shipping-taxable","15":"purchasable","16":"product-type-simple"},"_links":{"self":[{"href":"https:\/\/galicianparts.com\/shop\/wp-json\/wp\/v2\/product\/33207"}],"collection":[{"href":"https:\/\/galicianparts.com\/shop\/wp-json\/wp\/v2\/product"}],"about":[{"href":"https:\/\/galicianparts.com\/shop\/wp-json\/wp\/v2\/types\/product"}],"wp:featuredmedia":[{"embeddable":true,"href":"https:\/\/galicianparts.com\/shop\/wp-json\/wp\/v2\/media\/33208"}],"wp:attachment":[{"href":"https:\/\/galicianparts.com\/shop\/wp-json\/wp\/v2\/media?parent=33207"}],"wp:term":[{"taxonomy":"product_cat","embeddable":true,"href":"https:\/\/galicianparts.com\/shop\/wp-json\/wp\/v2\/product_cat?post=33207"},{"taxonomy":"product_tag","embeddable":true,"href":"https:\/\/galicianparts.com\/shop\/wp-json\/wp\/v2\/product_tag?post=33207"}],"curies":[{"name":"wp","href":"https:\/\/api.w.org\/{rel}","templated":true}]}}