{"id":33227,"date":"2021-10-01T17:57:19","date_gmt":"2021-10-01T15:57:19","guid":{"rendered":"https:\/\/galicianparts.com\/shop\/producto\/5957582-manguito-l-806mm-radiador-calefaccion-fiat-uno-mk1-nuevo-original\/"},"modified":"2021-10-04T10:24:19","modified_gmt":"2021-10-04T08:24:19","slug":"5957582-manguito-l-806mm-radiador-calefaccion-fiat-uno-mk1-nuevo-original","status":"publish","type":"product","link":"https:\/\/galicianparts.com\/shop\/producto\/5957582-manguito-l-806mm-radiador-calefaccion-fiat-uno-mk1-nuevo-original\/","title":{"rendered":"5957582 Manguito L.806mm radiador calefacci\u00f3n Fiat Uno MK1 NUEVO ORIGINAL"},"content":{"rendered":"<p>5943090 Tubo del radiador de la calefacci\u00f3n de:<br \/>\nLargo: 806mm<br \/>\nDi\u00e1metro exterior: 22mm<br \/>\nDi\u00e1metro interior: 14mm<\/p>\n<p>FIAT UNO (146A\/E) 1.3 Turbo i.e. (1985-1989)<br \/>\nFIAT UNO (146A\/E) 45 i.e. 1.0 (1984-1995)<br \/>\nFIAT UNO (146A\/E) 55 1.1 (1983-1989)<br \/>\nFIAT UNO (146A\/E) 70 1.3 (1983-1985)<br \/>\nFIAT UNO (146A\/E) 70 1.3 (1985-1989)<\/p>\n<p>LA PIEZA ES NUEVA Y ORIGINAL.<\/p>\n","protected":false},"excerpt":{"rendered":"<p>5943090 Tubo del radiador de la calefacci\u00f3n de: Largo: 806mm Di\u00e1metro exterior: 22mm Di\u00e1metro interior: 14mm FIAT UNO (146A\/E) 1.3 Turbo i.e. (1985-1989) FIAT UNO (146A\/E) 45 i.e. 1.0 (1984-1995) FIAT UNO (146A\/E) 55 1.1 (1983-1989) FIAT UNO (146A\/E) 70 1.3 (1983-1985) FIAT UNO (146A\/E) 70 1.3 (1985-1989) LA PIEZA ES NUEVA Y ORIGINAL.<\/p>\n","protected":false},"featured_media":33228,"template":"","meta":{"_seopress_robots_primary_cat":"","_seopress_titles_title":"","_seopress_titles_desc":"","_seopress_robots_index":""},"product_cat":[20,114],"product_tag":[],"class_list":{"0":"post-33227","1":"product","2":"type-product","3":"status-publish","4":"has-post-thumbnail","6":"product_cat-recambios-fiat","7":"product_cat-recambios-fiat-uno","9":"first","10":"instock","11":"taxable","12":"shipping-taxable","13":"purchasable","14":"product-type-simple"},"_links":{"self":[{"href":"https:\/\/galicianparts.com\/shop\/wp-json\/wp\/v2\/product\/33227"}],"collection":[{"href":"https:\/\/galicianparts.com\/shop\/wp-json\/wp\/v2\/product"}],"about":[{"href":"https:\/\/galicianparts.com\/shop\/wp-json\/wp\/v2\/types\/product"}],"wp:featuredmedia":[{"embeddable":true,"href":"https:\/\/galicianparts.com\/shop\/wp-json\/wp\/v2\/media\/33228"}],"wp:attachment":[{"href":"https:\/\/galicianparts.com\/shop\/wp-json\/wp\/v2\/media?parent=33227"}],"wp:term":[{"taxonomy":"product_cat","embeddable":true,"href":"https:\/\/galicianparts.com\/shop\/wp-json\/wp\/v2\/product_cat?post=33227"},{"taxonomy":"product_tag","embeddable":true,"href":"https:\/\/galicianparts.com\/shop\/wp-json\/wp\/v2\/product_tag?post=33227"}],"curies":[{"name":"wp","href":"https:\/\/api.w.org\/{rel}","templated":true}]}}