{"id":33379,"date":"2021-10-05T10:50:43","date_gmt":"2021-10-05T08:50:43","guid":{"rendered":"https:\/\/galicianparts.com\/shop\/producto\/9683893080-taque-valvula-m2-0-jtd-hdi-fiat-lancia-citroen-peugeot-nuevo-original\/"},"modified":"2025-05-11T15:17:01","modified_gmt":"2025-05-11T13:17:01","slug":"9683893080-taque-valvula-m2-0-jtd-hdi-fiat-lancia-citroen-peugeot-nuevo-original","status":"publish","type":"product","link":"https:\/\/galicianparts.com\/shop\/producto\/9683893080-taque-valvula-m2-0-jtd-hdi-fiat-lancia-citroen-peugeot-nuevo-original\/","title":{"rendered":"9683893080 Taqu\u00e9 v\u00e1lvula M2.0 JTD\/HDI Fiat \/ Lancia \/ Citroen \/ Peugeot NUEVO ORIGINAL"},"content":{"rendered":"<p>Empujador, taque de v\u00e1lvula de los modelos con motor 2000ccc JTD\/HDI de:<br \/>\nCITRO\u00cbN C8 (A\u00f1o 07.2002 &#8211; &#8230;)<br \/>\nCITRO\u00cbN C4 Coup\u00e9 (A\u00f1o 11.2004 &#8211; 07.2011)<br \/>\nCITRO\u00cbN C4 I Hatchback (A\u00f1o 11.2004 &#8211; 07.2011)<br \/>\nCITRO\u00cbN C5 II Hatchback (A\u00f1o 08.2004 &#8211; &#8230;)<br \/>\nCITRO\u00cbN C5 II Familiar (A\u00f1o 09.2004 &#8211; &#8230;)<br \/>\nCITRO\u00cbN C4 I Picasso (UD) (A\u00f1o 10.2006 &#8211; 10.2013)<br \/>\nCITRO\u00cbN Jumpy II MPV (VF7) (A\u00f1o 01.2007 &#8211; &#8230;)<br \/>\nCITRO\u00cbN Jumpy II Furg\u00f3n (A\u00f1o 01.2007 &#8211; &#8230;)<br \/>\nCITRO\u00cbN C4 I Grand Picasso (A\u00f1o 10.2006 &#8211; 12.2013)<br \/>\nCITRO\u00cbN C5 III Berlina (A\u00f1o 02.2008 &#8211; &#8230;)<br \/>\nCITRO\u00cbN C5 III Familiar (RW) (A\u00f1o 02.2008 &#8211; &#8230;)<br \/>\nCITRO\u00cbN C4 I Berlina (A\u00f1o 07.2006 &#8211; &#8230;)<br \/>\nCITRO\u00cbN C5 Furg\u00f3n \/ Familiar (DE_, RE_) (A\u00f1o 06.2002 &#8211; 01.2008)<br \/>\nCITRO\u00cbN C4 I Furg\u00f3n \/ Hatchback (LR_) (A\u00f1o 02.2005 &#8211; 12.2010)<br \/>\nFIAT Scudo I Furg\u00f3n (220) (A\u00f1o 02.1996 &#8211; 12.2006)<br \/>\nFIAT Ulysse II (179) (A\u00f1o 08.2002 &#8211; 06.2011)<br \/>\nFIAT Scudo II (270, 272) (A\u00f1o 01.2007 &#8211; &#8230;)<br \/>\nFIAT Scudo II Furg\u00f3n (270, 272) (A\u00f1o 01.2007 &#8211; &#8230;)<br \/>\nFIAT Scudo II Cami\u00f3n de plataforma \/ Chasis (270, 272) (A\u00f1o 01.2007 &#8211; &#8230;)<br \/>\nFIAT Scudo I Cami\u00f3n de plataforma\/Chasis (220) (A\u00f1o 09.1996 &#8211; 12.2006)<br \/>\nLANCIA Phedra (179) (A\u00f1o 09.2002 &#8211; 11.2010)<br \/>\nPEUGEOT 607 Berlina (A\u00f1o 01.2000 &#8211; &#8230;)<br \/>\nPEUGEOT 307 Hatchback (3A\/C) (A\u00f1o 08.2000 &#8211; 12.2012)<br \/>\nPEUGEOT 307 SW (3H) (A\u00f1o 03.2002 &#8211; 12.2009)<br \/>\nPEUGEOT 807 (A\u00f1o 06.2002 &#8211; &#8230;)<br \/>\nPEUGEOT 307 CC (3B) (A\u00f1o 10.2003 &#8211; 06.2009)<br \/>\nPEUGEOT 407 Berlina (A\u00f1o 05.2004 &#8211; 12.2011)<br \/>\nPEUGEOT 307 Familiar (3E) (A\u00f1o 03.2002 &#8211; 12.2009)<br \/>\nPEUGEOT 407 SW (A\u00f1o 05.2004 &#8211; 12.2011)<br \/>\nPEUGEOT 407 Coup\u00e9 (A\u00f1o 10.2005 &#8211; &#8230;)<br \/>\nPEUGEOT Expert II Tepee (VF3X) (A\u00f1o 01.2007 &#8211; &#8230;)<br \/>\nPEUGEOT Expert II Furg\u00f3n (A\u00f1o 01.2007 &#8211; &#8230;)<br \/>\nPEUGEOT Expert II Cami\u00f3n de plataforma\/Chasis (A\u00f1o 01.2007 &#8211; &#8230;)<br \/>\nPEUGEOT 308 I Hatchback (4A, 4C) (A\u00f1o 09.2007 &#8211; 12.2016)<br \/>\nPEUGEOT 308 I SW (4E, 4H) (A\u00f1o 09.2007 &#8211; 10.2014)<br \/>\nPEUGEOT 308 I CC (4B) (A\u00f1o 04.2009 &#8211; 12.2015)<br \/>\nPEUGEOT 407 SW Furg\u00f3n \/ Familiar (6E_) (A\u00f1o 08.2004 &#8211; 12.2010)<br \/>\nPEUGEOT 308 SW I Furg\u00f3n \/ Familiar (4E_) (A\u00f1o 01.2008 &#8211; 12.2012)<br \/>\nPEUGEOT 307 SW Furg\u00f3n \/ Familiar (3E_, 3H_) (A\u00f1o 04.2002 &#8211; 12.2009)<\/p>\n<p>LA PIEZA ES NUEVA Y ORIGINAL.<\/p>\n","protected":false},"excerpt":{"rendered":"<p>Empujador, taque de v\u00e1lvula de los modelos con motor 2000ccc JTD\/HDI de: CITRO\u00cbN C8 (A\u00f1o 07.2002 &#8211; &#8230;) CITRO\u00cbN C4 Coup\u00e9 (A\u00f1o 11.2004 &#8211; 07.2011) CITRO\u00cbN C4 I Hatchback (A\u00f1o 11.2004 &#8211; 07.2011) CITRO\u00cbN C5 II Hatchback (A\u00f1o 08.2004 &#8211; &#8230;) CITRO\u00cbN C5 II Familiar (A\u00f1o 09.2004 &#8211; &#8230;) CITRO\u00cbN C4 I Picasso (UD) (A\u00f1o [&hellip;]<\/p>\n","protected":false},"featured_media":33380,"template":"","meta":{"_seopress_robots_primary_cat":"","_seopress_titles_title":"","_seopress_titles_desc":"","_seopress_robots_index":""},"product_cat":[148,251,152,183,182,134,135,181,23,156,20,138,21,24,122,104,113],"product_tag":[],"class_list":{"0":"post-33379","1":"product","2":"type-product","3":"status-publish","4":"has-post-thumbnail","6":"product_cat-recambios-peugeot-307","7":"product_cat-recambios-peugeot-308","8":"product_cat-recambios-peugeot-407","9":"product_cat-recambios-peugeot-607","10":"product_cat-recambios-peugeot-807","11":"product_cat-recambios-citroen-c4","12":"product_cat-recambios-citroen-c5","13":"product_cat-recambios-citroen-c8","14":"product_cat-recambios-citroen","15":"product_cat-recambios-peugeot-expert","16":"product_cat-recambios-fiat","17":"product_cat-recambios-citroen-jumpy","18":"product_cat-recambios-lancia","19":"product_cat-recambios-peugeot","20":"product_cat-recambios-lancia-phedra","21":"product_cat-recambios-fiat-scudo","22":"product_cat-recambios-fiat-ulysse","24":"first","25":"outofstock","26":"taxable","27":"shipping-taxable","28":"purchasable","29":"product-type-simple"},"_links":{"self":[{"href":"https:\/\/galicianparts.com\/shop\/wp-json\/wp\/v2\/product\/33379"}],"collection":[{"href":"https:\/\/galicianparts.com\/shop\/wp-json\/wp\/v2\/product"}],"about":[{"href":"https:\/\/galicianparts.com\/shop\/wp-json\/wp\/v2\/types\/product"}],"wp:featuredmedia":[{"embeddable":true,"href":"https:\/\/galicianparts.com\/shop\/wp-json\/wp\/v2\/media\/33380"}],"wp:attachment":[{"href":"https:\/\/galicianparts.com\/shop\/wp-json\/wp\/v2\/media?parent=33379"}],"wp:term":[{"taxonomy":"product_cat","embeddable":true,"href":"https:\/\/galicianparts.com\/shop\/wp-json\/wp\/v2\/product_cat?post=33379"},{"taxonomy":"product_tag","embeddable":true,"href":"https:\/\/galicianparts.com\/shop\/wp-json\/wp\/v2\/product_tag?post=33379"}],"curies":[{"name":"wp","href":"https:\/\/api.w.org\/{rel}","templated":true}]}}