{"id":33439,"date":"2021-10-05T14:26:08","date_gmt":"2021-10-05T12:26:08","guid":{"rendered":"https:\/\/galicianparts.com\/shop\/producto\/71713183-tapon-deposito-servofreno-fiat-punto-gt-uno-turbo-nuevo-original\/"},"modified":"2025-06-09T14:22:16","modified_gmt":"2025-06-09T12:22:16","slug":"71713183-tapon-deposito-servofreno-fiat-punto-gt-uno-turbo-nuevo-original","status":"publish","type":"product","link":"https:\/\/galicianparts.com\/shop\/producto\/71713183-tapon-deposito-servofreno-fiat-punto-gt-uno-turbo-nuevo-original\/","title":{"rendered":"71713183 Tap\u00f3n dep\u00f3sito servofreno Fiat Punto GT \/Uno Turbo \/Lancia Ypsilon NUEVO ORIGINAL"},"content":{"rendered":"<p>46469059 Tap\u00f3n con bolla, sensor de nivel del dep\u00f3sito del l\u00edquido de frenos de:<br \/>\nFIAT &#8211; PK BARCHETTA (1995-2004)<br \/>\nFIAT &#8211; 2B DUNA BENZINA\/DIESEL (1986-1990) CHECK CONTROL \/ (1100 BZ \/ 1300 BZ)<br \/>\nFIAT &#8211; XS MILLE CLIP (1995-1997)<br \/>\nFIAT &#8211; NV PUNTO 55-60-75-90 (1993-1997) CONDUCCION A\u00a0IZQUIERDA<br \/>\nFIAT &#8211; 1A PUNTO BZ. GAMMA &#8217;97 (1997-1999) CONDUCCION A\u00a0IZQUIERDA<br \/>\nFIAT &#8211; PF PUNTO CABRIO (1994-1997) CONDUCCION A\u00a0IZQUIERDA<br \/>\nFIAT &#8211; 1C PUNTO CABRIO GAMMA&#8217;97 (1997-2000) CONDUCCION A\u00a0IZQUIERDA<br \/>\nFIAT &#8211; NX PUNTO D-TD (1993-1997) CONDUCCION A\u00a0IZQUIERDA<br \/>\nFIAT &#8211; NW PUNTO GT (1993-1997) CONDUCCION A\u00a0IZQUIERDA<br \/>\nFIAT &#8211; 1B PUNTO TB.DS. GAMMA&#8217;97 (1997-1999) CONDUCCION A\u00a0IZQUIERDA<br \/>\nFIAT &#8211; MF TIPO DIESEL-T.DS. (1987-1993) 1697 \/ 1930 ASPIRADO<br \/>\nFIAT &#8211; MU UNO DIESEL R\/89 (1989-1995) CONDUCCION\u00a0A DERECHA<br \/>\nFIAT &#8211; MU UNO DIESEL R\/89 (1989-1995)<br \/>\nFIAT &#8211; MS UNO R\/89 1.1-1370-1.5 (1989-1995) CONDUCCION\u00a0A DERECHA<br \/>\nFIAT &#8211; MS UNO R\/89 1.1-1370-1.5 (1989-1995) CONDUCCION\u00a0A DERECHA \/ CAMBIO AUTOMATICO<br \/>\nFIAT &#8211; MS UNO R\/89 1.1-1370-1.5 (1989-1995)<br \/>\nFIAT &#8211; MS UNO R\/89 1.1-1370-1.5 (1989-1995) CHECK CONTROL<br \/>\nFIAT &#8211; MR UNO R\/89 900-1.0-1.1 (1989-1995)<br \/>\nFIAT &#8211; MR UNO R\/89 900-1.0-1.1 (1989-1995) CHECK CONTROL<br \/>\nFIAT &#8211; MR UNO R\/89 900-1.0-1.1 (1989-1995) CONDUCCION\u00a0A DERECHA \/ (903 \/ 1000 \/ 1108)<br \/>\nFIAT &#8211; MR UNO R\/89 900-1.0-1.1 (1989-1995) CONDUCCION\u00a0A DERECHA \/ (1000 USA&#8217;83 \/ 1108 USA&#8217;83 (51CV))<br \/>\nFIAT &#8211; MT UNO TURBO R\/89 (1989-1993) CONDUCCION A\u00a0IZQUIERDA<br \/>\nFIAT &#8211; MT UNO TURBO R\/89 (1989-1993) CONDUCCION\u00a0A DERECHA<br \/>\nLANCIA &#8211; SU Y (1995-2000)<br \/>\nLANCIA &#8211; TA Y FL.2000 (2000-2003)<\/p>\n<p>LA PIEZA ES NUEVA Y ORIGINAL.<\/p>\n","protected":false},"excerpt":{"rendered":"<p>46469059 Tap\u00f3n con bolla, sensor de nivel del dep\u00f3sito del l\u00edquido de frenos de: FIAT &#8211; PK BARCHETTA (1995-2004) FIAT &#8211; 2B DUNA BENZINA\/DIESEL (1986-1990) CHECK CONTROL \/ (1100 BZ \/ 1300 BZ) FIAT &#8211; XS MILLE CLIP (1995-1997) FIAT &#8211; NV PUNTO 55-60-75-90 (1993-1997) CONDUCCION A\u00a0IZQUIERDA FIAT &#8211; 1A PUNTO BZ. GAMMA &#8217;97 (1997-1999) [&hellip;]<\/p>\n","protected":false},"featured_media":94886,"template":"","meta":{"_seopress_robots_primary_cat":"","_seopress_titles_title":"","_seopress_titles_desc":"","_seopress_robots_index":""},"product_cat":[80,89,20,21,101,112,114,127],"product_tag":[],"class_list":{"0":"post-33439","1":"product","2":"type-product","3":"status-publish","4":"has-post-thumbnail","6":"product_cat-recambios-fiat-barchetta","7":"product_cat-recambios-fiat-duna","8":"product_cat-recambios-fiat","9":"product_cat-recambios-lancia","10":"product_cat-recambios-fiat-punto","11":"product_cat-recambios-fiat-tipo","12":"product_cat-recambios-fiat-uno","13":"product_cat-recambios-lancia-ypsilon","15":"first","16":"instock","17":"taxable","18":"shipping-taxable","19":"purchasable","20":"product-type-simple"},"_links":{"self":[{"href":"https:\/\/galicianparts.com\/shop\/wp-json\/wp\/v2\/product\/33439"}],"collection":[{"href":"https:\/\/galicianparts.com\/shop\/wp-json\/wp\/v2\/product"}],"about":[{"href":"https:\/\/galicianparts.com\/shop\/wp-json\/wp\/v2\/types\/product"}],"wp:featuredmedia":[{"embeddable":true,"href":"https:\/\/galicianparts.com\/shop\/wp-json\/wp\/v2\/media\/94886"}],"wp:attachment":[{"href":"https:\/\/galicianparts.com\/shop\/wp-json\/wp\/v2\/media?parent=33439"}],"wp:term":[{"taxonomy":"product_cat","embeddable":true,"href":"https:\/\/galicianparts.com\/shop\/wp-json\/wp\/v2\/product_cat?post=33439"},{"taxonomy":"product_tag","embeddable":true,"href":"https:\/\/galicianparts.com\/shop\/wp-json\/wp\/v2\/product_tag?post=33439"}],"curies":[{"name":"wp","href":"https:\/\/api.w.org\/{rel}","templated":true}]}}