{"id":33447,"date":"2021-10-06T09:32:25","date_gmt":"2021-10-06T07:32:25","guid":{"rendered":"https:\/\/galicianparts.com\/shop\/producto\/9949293-kit-pastillas-freno-delantero-lancia-thesis-2001-2007-nuevo-original\/"},"modified":"2022-12-20T14:54:14","modified_gmt":"2022-12-20T12:54:14","slug":"9949293-kit-pastillas-freno-delantero-lancia-thesis-2001-2007-nuevo-original","status":"publish","type":"product","link":"https:\/\/galicianparts.com\/shop\/producto\/9949293-kit-pastillas-freno-delantero-lancia-thesis-2001-2007-nuevo-original\/","title":{"rendered":"9949293 Kit pastillas freno delantero Lancia Thesis (2001-2007) NUEVO ORIGINAL"},"content":{"rendered":"<p>77362272 Set, juego de pastillas de freno del tren delantero con sensores de desgaste de:<br \/>\nLANCIA Thesis (841) (A\u00f1o 07.2002 &#8211; 07.2009)<br \/>\n2.0 Turbo, A\u00f1o 07.2002 &#8211; 07.2009, 1998 , 185<br \/>\n2.4, A\u00f1o 07.2002 &#8211; 07.2009, 2446 , 170<br \/>\n2.4 D Multijet, A\u00f1o 04.2006 &#8211; 07.2009, 2387 , 185<br \/>\n2.4 JTD, A\u00f1o 09.2003 &#8211; 07.2009, 2387 , 163<br \/>\n2.4 JTD, A\u00f1o 05.2003 &#8211; 07.2009, 2387 , 175<br \/>\n2.4 JTD, A\u00f1o 07.2002 &#8211; 07.2009, 2387 , 150<br \/>\n3.0 V6, A\u00f1o 07.2002 &#8211; 07.2009, 2959 , 215<br \/>\n3.2 V6, A\u00f1o 05.2003 &#8211; 07.2009, 3179 , 230<\/p>\n<p>LA PIEZA ES NUEVA Y ORIGINAL.<\/p>\n","protected":false},"excerpt":{"rendered":"<p>77362272 Set, juego de pastillas de freno del tren delantero con sensores de desgaste de: LANCIA Thesis (841) (A\u00f1o 07.2002 &#8211; 07.2009) 2.0 Turbo, A\u00f1o 07.2002 &#8211; 07.2009, 1998 , 185 2.4, A\u00f1o 07.2002 &#8211; 07.2009, 2446 , 170 2.4 D Multijet, A\u00f1o 04.2006 &#8211; 07.2009, 2387 , 185 2.4 JTD, A\u00f1o 09.2003 &#8211; 07.2009, [&hellip;]<\/p>\n","protected":false},"featured_media":64941,"template":"","meta":{"_seopress_robots_primary_cat":"","_seopress_titles_title":"","_seopress_titles_desc":"","_seopress_robots_index":""},"product_cat":[21,125],"product_tag":[],"class_list":{"0":"post-33447","1":"product","2":"type-product","3":"status-publish","4":"has-post-thumbnail","6":"product_cat-recambios-lancia","7":"product_cat-recambios-lancia-thesis","9":"first","10":"outofstock","11":"taxable","12":"shipping-taxable","13":"purchasable","14":"product-type-simple"},"_links":{"self":[{"href":"https:\/\/galicianparts.com\/shop\/wp-json\/wp\/v2\/product\/33447"}],"collection":[{"href":"https:\/\/galicianparts.com\/shop\/wp-json\/wp\/v2\/product"}],"about":[{"href":"https:\/\/galicianparts.com\/shop\/wp-json\/wp\/v2\/types\/product"}],"wp:featuredmedia":[{"embeddable":true,"href":"https:\/\/galicianparts.com\/shop\/wp-json\/wp\/v2\/media\/64941"}],"wp:attachment":[{"href":"https:\/\/galicianparts.com\/shop\/wp-json\/wp\/v2\/media?parent=33447"}],"wp:term":[{"taxonomy":"product_cat","embeddable":true,"href":"https:\/\/galicianparts.com\/shop\/wp-json\/wp\/v2\/product_cat?post=33447"},{"taxonomy":"product_tag","embeddable":true,"href":"https:\/\/galicianparts.com\/shop\/wp-json\/wp\/v2\/product_tag?post=33447"}],"curies":[{"name":"wp","href":"https:\/\/api.w.org\/{rel}","templated":true}]}}