{"id":33610,"date":"2021-10-07T13:38:41","date_gmt":"2021-10-07T11:38:41","guid":{"rendered":"https:\/\/galicianparts.com\/shop\/producto\/55206797-sensor-aire-colector-admision-fiat-lancia-alfa-romeo-citroen-peugeot-nuevo-original\/"},"modified":"2021-10-27T10:57:05","modified_gmt":"2021-10-27T08:57:05","slug":"55206797-sensor-aire-colector-admision-fiat-lancia-alfa-romeo-citroen-peugeot-nuevo-original","status":"publish","type":"product","link":"https:\/\/galicianparts.com\/shop\/producto\/55206797-sensor-aire-colector-admision-fiat-lancia-alfa-romeo-citroen-peugeot-nuevo-original\/","title":{"rendered":"55206797 Sensor aire colector admisi\u00f3n Fiat \/ Lancia \/ Alfa Romeo \/ Citroen \/ Peugeot NUEVO ORIGINAL"},"content":{"rendered":"<p>Electrov\u00e1lvula Bosch de presi\u00f3n del aire del colector de admisi\u00f3n de:<br \/>\nFIAT &#8211; 2T CROMA 1900cc JTD 1910cc JTD 2400cc JTD (2005-2010)<br \/>\nFIAT &#8211; 2Y GRANDE PUNTO 1300cc MJTD 16v (2006-2008)<br \/>\nFIAT &#8211; 4C GRANDE PUNTO 1300cc JTD 1598cc JTD 1910cc JTD (2008-2009)<br \/>\nFIAT &#8211; 3X GRANDE PUNTO ACTUAL 1300cc JTD (2012-2013)<br \/>\nFIAT &#8211; 2S IDEA 1300cc JTD 1598cc JTD 1910cc JTD (2003-2008)<br \/>\nFIAT &#8211; 4D IDEA 1300cc JTD 1598cc JTD 1910cc JTD (2012-2012)<br \/>\nFIAT &#8211; 3M LINEA 1300cc JTD 1598cc JTD (2007-&#8230;.)<br \/>\nFIAT &#8211; 1F MULTIPLA 1910cc JTD (1998-2010)<br \/>\nFIAT &#8211; 3P NUOVA 500 1300cc JTD (2012-2012)<br \/>\nFIAT &#8211; 3L NUOVA BRAVO 1598cc JTD 1910cc JTD 1958cc JTD (2007-2009)<br \/>\nFIAT &#8211; 3Y NUOVA BRAVO MY 2010 1598cc JTD 1910cc JTD 1958cc JTD (2010-2014)<br \/>\nFIAT &#8211; 3J PUNTO EVO 1300cc JTD 1598cc JTD (2009-2011)<br \/>\nFIAT &#8211; 2U PUNTO FL.&#8217;03 1910cc JTD (2003-2010)<br \/>\nFIAT &#8211; 3B SEDICI 1910cc JTD 2000cc JTD 16v (2010-2011)<br \/>\nFIAT &#8211; 2V STILO F.L.L. 2003 1910cc JTD (2003-2007)<br \/>\nALFA ROMEO &#8211; W8 147 1910cc JTD (2000-2010)<br \/>\nALFA ROMEO &#8211; X1 156 M.Y.2002 1910cc JTD 2400cc JTD (2001-2005)<br \/>\nALFA ROMEO &#8211; X8 159 MY11 2400cc JTD (2010-2011)<br \/>\nALFA ROMEO &#8211; W9 166 2400cc JTD (1998-2007)<br \/>\nALFA ROMEO &#8211; X3 ALFA 159 1910cc JTD 2400cc JTD (2005-2008)<br \/>\nALFA ROMEO &#8211; X9 ALFA 159 1910cc JTD 2400cc JTD (2008-2010)<br \/>\nALFA ROMEO &#8211; X6 ALFA MITO 1300cc JTD 1598cc JTD (2008-2011)<br \/>\nALFA ROMEO &#8211; X4 BRERA COUPE&#8217; 2400cc JTD (2005-2008)<br \/>\nALFA ROMEO &#8211; 12 BRERA COUPE&#8217; M.Y. 2400cc JTD (2008-2010)<br \/>\nALFA ROMEO &#8211; X7 GIULIETTA 1598cc JTD (2010-2013)<br \/>\nALFA ROMEO &#8211; X2 GT 1910cc JTD (2003-2010)<br \/>\nALFA ROMEO &#8211; X5 NUOVO SPIDER 2400cc JTD (2006-2008)<br \/>\nALFA ROMEO &#8211; 13 NUOVO SPIDER M.Y. 2400cc JTD (2008-2010)<br \/>\nLANCIA &#8211; TG MUSA 1300cc MJTD 16v 1910cc JTD (2006-2007)<br \/>\nLANCIA &#8211; TJ MUSA 1300cc JTD 1598cc JTD 1910cc JTD (2007-2011)<br \/>\nLANCIA &#8211; TH NUOVA DELTA 844 1598cc JTD 1958cc JTD (2008-2011)<br \/>\nLANCIA &#8211; SJ THESIS 2400cc JTD (2001-2007)<br \/>\nLANCIA &#8211; TE YPSILON 1300cc MJTD 16v (2003-2009)<br \/>\nLANCIA &#8211; TI YPSILON 1300cc MJTD 16v (2009-2011)<br \/>\nFIAT PROFESSIONAL &#8211; 3C DOBLO REST. 2005 1300cc MJTD 1910cc JTD (2005-&#8230;.)<br \/>\nFIAT PROFESSIONAL &#8211; 3V NUOVO DOBLO 2009 1248cc JTD 1598cc JTD 1998JTD (2010-&#8230;.)<br \/>\nFIAT PROFESSIONAL &#8211; 3N NUOVO FIORINO-QUBO 1300cc JTD (2007-&#8230;.)<br \/>\nFIAT PROFESSIONAL &#8211; 3G STRADA REST. 2 1300cc JTD (2006-2011)<br \/>\nABARTH &#8211; 4A GRANDE PUNTO ABARTH (2007-2010)<br \/>\nCITROEN &#8211; NEMO<br \/>\nPEUGEOT &#8211; BIPPER<\/p>\n<p>LA PIEZA ES NUEVA Y ORIGINAL.<\/p>\n","protected":false},"excerpt":{"rendered":"<p>Electrov\u00e1lvula Bosch de presi\u00f3n del aire del colector de admisi\u00f3n de: FIAT &#8211; 2T CROMA 1900cc JTD 1910cc JTD 2400cc JTD (2005-2010) FIAT &#8211; 2Y GRANDE PUNTO 1300cc MJTD 16v (2006-2008) FIAT &#8211; 4C GRANDE PUNTO 1300cc JTD 1598cc JTD 1910cc JTD (2008-2009) FIAT &#8211; 3X GRANDE PUNTO ACTUAL 1300cc JTD (2012-2013) FIAT &#8211; 2S [&hellip;]<\/p>\n","protected":false},"featured_media":33610,"template":"","meta":{"_seopress_robots_primary_cat":"","_seopress_titles_title":"","_seopress_titles_desc":"","_seopress_robots_index":""},"product_cat":[44,49,51,57,74,16,154,82,52,23,86,118,87,20,91,53,92,93,21,94,47,96,121,139,24,101,105,56,108,109,125,127],"product_tag":[],"class_list":{"0":"post-33610","1":"product","2":"type-product","3":"status-publish","4":"has-post-thumbnail","6":"product_cat-recambios-alfa-romeo-147","7":"product_cat-recambios-alfa-romeo-156","8":"product_cat-recambios-alfa-romeo-159","9":"product_cat-recambios-alfa-romeo-166","10":"product_cat-recambios-fiat-500","11":"product_cat-recambios-alfa-romeo","12":"product_cat-recambios-peugeot-bipper","13":"product_cat-recambios-fiat-bravo","14":"product_cat-recambios-alfa-romeo-brera","15":"product_cat-recambios-citroen","16":"product_cat-recambios-fiat-croma","17":"product_cat-recambios-lancia-delta","18":"product_cat-recambios-fiat-doblo","19":"product_cat-recambios-fiat","20":"product_cat-recambios-fiat-fiorino","21":"product_cat-recambios-alfa-romeo-giulietta","22":"product_cat-recambios-fiat-grande-punto","23":"product_cat-recambios-fiat-idea","24":"product_cat-recambios-lancia","25":"product_cat-recambios-fiat-linea","26":"product_cat-recambios-alfa-romeo-mito","27":"product_cat-recambios-fiat-multipla","28":"product_cat-recambios-lancia-musa","29":"product_cat-recambios-citroen-nemo","30":"product_cat-recambios-peugeot","31":"product_cat-recambios-fiat-punto","32":"product_cat-recambios-fiat-sedici","33":"product_cat-recambios-alfa-romeo-spider","34":"product_cat-recambios-fiat-stilo","35":"product_cat-recambios-fiat-strada","36":"product_cat-recambios-lancia-thesis","37":"product_cat-recambios-lancia-ypsilon","39":"first","40":"outofstock","41":"taxable","42":"shipping-taxable","43":"purchasable","44":"product-type-simple"},"_links":{"self":[{"href":"https:\/\/galicianparts.com\/shop\/wp-json\/wp\/v2\/product\/33610"}],"collection":[{"href":"https:\/\/galicianparts.com\/shop\/wp-json\/wp\/v2\/product"}],"about":[{"href":"https:\/\/galicianparts.com\/shop\/wp-json\/wp\/v2\/types\/product"}],"wp:featuredmedia":[{"embeddable":true,"href":"https:\/\/galicianparts.com\/shop\/wp-json\/wp\/v2\/product\/33610"}],"wp:attachment":[{"href":"https:\/\/galicianparts.com\/shop\/wp-json\/wp\/v2\/media?parent=33610"}],"wp:term":[{"taxonomy":"product_cat","embeddable":true,"href":"https:\/\/galicianparts.com\/shop\/wp-json\/wp\/v2\/product_cat?post=33610"},{"taxonomy":"product_tag","embeddable":true,"href":"https:\/\/galicianparts.com\/shop\/wp-json\/wp\/v2\/product_tag?post=33610"}],"curies":[{"name":"wp","href":"https:\/\/api.w.org\/{rel}","templated":true}]}}