{"id":33673,"date":"2021-10-11T11:53:56","date_gmt":"2021-10-11T09:53:56","guid":{"rendered":"https:\/\/galicianparts.com\/shop\/producto\/51705506-valvula-rueda-fiat-grande-punto-alfa-159-brera-spider-nuevo-original\/"},"modified":"2021-11-23T15:06:02","modified_gmt":"2021-11-23T13:06:02","slug":"51705506-valvula-rueda-fiat-grande-punto-alfa-159-brera-spider-nuevo-original","status":"publish","type":"product","link":"https:\/\/galicianparts.com\/shop\/producto\/51705506-valvula-rueda-fiat-grande-punto-alfa-159-brera-spider-nuevo-original\/","title":{"rendered":"51705506 V\u00e1lvula rueda Fiat Grande Punto \/ Alfa 159 \/ Brera \/ Spider NUEVO ORIGINAL"},"content":{"rendered":"<p>V\u00e1lvula de la rueda con sensor de control de presi\u00f3n del neum\u00e1tico (TPMS) de:<br \/>\nFIAT &#8211; 2Y GRANDE PUNTO (2008)<br \/>\nALFA ROMEO &#8211; X9 ALFA 159 (2008-2010)<br \/>\nALFA ROMEO &#8211; X4 BRERA COUPE&#8217; (2008)<br \/>\nALFA ROMEO &#8211; 12 BRERA COUPE&#8217; M.Y. (2008-2010)<br \/>\nALFA ROMEO &#8211; X5 NUOVO SPIDER (2008-2008)<br \/>\nALFA ROMEO &#8211; 13 NUOVO SPIDER M.Y. (2008-2010)<\/p>\n<p>LA PIEZA ES NUEVA Y ORIGINAL.<\/p>\n","protected":false},"excerpt":{"rendered":"<p>V\u00e1lvula de la rueda con sensor de control de presi\u00f3n del neum\u00e1tico (TPMS) de: FIAT &#8211; 2Y GRANDE PUNTO (2008) ALFA ROMEO &#8211; X9 ALFA 159 (2008-2010) ALFA ROMEO &#8211; X4 BRERA COUPE&#8217; (2008) ALFA ROMEO &#8211; 12 BRERA COUPE&#8217; M.Y. (2008-2010) ALFA ROMEO &#8211; X5 NUOVO SPIDER (2008-2008) ALFA ROMEO &#8211; 13 NUOVO SPIDER [&hellip;]<\/p>\n","protected":false},"featured_media":33674,"template":"","meta":{"_seopress_robots_primary_cat":"","_seopress_titles_title":"","_seopress_titles_desc":"","_seopress_robots_index":""},"product_cat":[51,16,52,20,92,56],"product_tag":[],"class_list":{"0":"post-33673","1":"product","2":"type-product","3":"status-publish","4":"has-post-thumbnail","6":"product_cat-recambios-alfa-romeo-159","7":"product_cat-recambios-alfa-romeo","8":"product_cat-recambios-alfa-romeo-brera","9":"product_cat-recambios-fiat","10":"product_cat-recambios-fiat-grande-punto","11":"product_cat-recambios-alfa-romeo-spider","13":"first","14":"outofstock","15":"taxable","16":"shipping-taxable","17":"purchasable","18":"product-type-simple"},"_links":{"self":[{"href":"https:\/\/galicianparts.com\/shop\/wp-json\/wp\/v2\/product\/33673"}],"collection":[{"href":"https:\/\/galicianparts.com\/shop\/wp-json\/wp\/v2\/product"}],"about":[{"href":"https:\/\/galicianparts.com\/shop\/wp-json\/wp\/v2\/types\/product"}],"wp:featuredmedia":[{"embeddable":true,"href":"https:\/\/galicianparts.com\/shop\/wp-json\/wp\/v2\/media\/33674"}],"wp:attachment":[{"href":"https:\/\/galicianparts.com\/shop\/wp-json\/wp\/v2\/media?parent=33673"}],"wp:term":[{"taxonomy":"product_cat","embeddable":true,"href":"https:\/\/galicianparts.com\/shop\/wp-json\/wp\/v2\/product_cat?post=33673"},{"taxonomy":"product_tag","embeddable":true,"href":"https:\/\/galicianparts.com\/shop\/wp-json\/wp\/v2\/product_tag?post=33673"}],"curies":[{"name":"wp","href":"https:\/\/api.w.org\/{rel}","templated":true}]}}