{"id":33767,"date":"2021-10-13T11:05:37","date_gmt":"2021-10-13T09:05:37","guid":{"rendered":"https:\/\/galicianparts.com\/shop\/producto\/71718105-electrovalvula-admision-fiat-500-punto-lancia-musa-alfa-romeo-nuevo-original\/"},"modified":"2025-03-11T19:49:03","modified_gmt":"2025-03-11T17:49:03","slug":"71718105-electrovalvula-admision-fiat-500-punto-lancia-musa-alfa-romeo-nuevo-original","status":"publish","type":"product","link":"https:\/\/galicianparts.com\/shop\/producto\/71718105-electrovalvula-admision-fiat-500-punto-lancia-musa-alfa-romeo-nuevo-original\/","title":{"rendered":"71718105 Electrov\u00e1lvula admisi\u00f3n Fiat 500 \/ Punto \/ Lancia Musa \/ Alfa Romeo NUEVO ORIGINAL"},"content":{"rendered":"<p>V\u00e1lvula Magneti Marelli de los colectores de admisi\u00f3n de:<br \/>\nFIAT Panda I Hatchback (141) (A\u00f1o 03.1980 &#8211; 07.2004)<br \/>\n1.1, A\u00f1o 02.1995 &#8211; 09.2003, 1108 , 54<br \/>\n1.1 Trekking 4&#215;4, A\u00f1o 10.1991 &#8211; 07.2004, 1108 , 50<br \/>\nFIAT Palio I Hatchback (178) (A\u00f1o 04.1996 &#8211; &#8230;)<br \/>\n1.2, A\u00f1o 06.1998 &#8211; &#8230;, 1242 , 73<br \/>\nFIAT Palio I Weekend (178) (A\u00f1o 04.1996 &#8211; &#8230;)<br \/>\n1.2, A\u00f1o 07.1997 &#8211; 10.2004, 1242 , 60<br \/>\nFIAT Seicento \/ 600 Hatchback (187) (A\u00f1o 01.1998 &#8211; 01.2010)<br \/>\n1.1, A\u00f1o 01.1998 &#8211; 01.2010, 1108 , 54<br \/>\nFIAT Strada Pick-up (178) (A\u00f1o 02.1998 &#8211; &#8230;)<br \/>\n1.2, A\u00f1o 04.2003 &#8211; &#8230;, 1242 , 60<br \/>\nFIAT Punto II Hatchback (188) (A\u00f1o 09.1999 &#8211; 07.2012)<br \/>\n1.2 60, A\u00f1o 09.1999 &#8211; 12.2010, 1242 , 60<br \/>\n1.2 Natural Power, A\u00f1o 09.2003 &#8211; 03.2012, 1242 , 60<br \/>\nFIAT Panda Van (141) (A\u00f1o 01.1986 &#8211; 02.2004)<br \/>\n1.0 i.e, A\u00f1o 08.1992 &#8211; 02.2004, 999 , 45<br \/>\nFIAT Doblo I Familiar (119, 223) (A\u00f1o 03.2001 &#8211; &#8230;)<br \/>\n1.2, A\u00f1o 03.2001 &#8211; &#8230;, 1242 , 65<br \/>\n1.4, A\u00f1o 10.2005 &#8211; &#8230;, 1368 , 77<br \/>\nFIAT Doblo I Cargo (223) (A\u00f1o 11.2000 &#8211; &#8230;)<br \/>\n1.2, A\u00f1o 03.2001 &#8211; &#8230;, 1242 , 65<br \/>\n1.4, A\u00f1o 10.2005 &#8211; &#8230;, 1368 , 77<br \/>\nFIAT Punto II Van (188) (A\u00f1o 02.2000 &#8211; 10.2009)<br \/>\n1.2 60, A\u00f1o 02.2000 &#8211; 10.2009, 1242 , 60<br \/>\nFIAT Seicento \/ 600 Van (287) (A\u00f1o 01.1998 &#8211; 01.2010)<br \/>\n1.1, A\u00f1o 01.1998 &#8211; 01.2010, 1108 , 54<br \/>\nFIAT Panda II Hatchback (169) (A\u00f1o 09.2003 &#8211; &#8230;)<br \/>\n1.1, A\u00f1o 09.2003 &#8211; &#8230;, 1108 , 54<br \/>\n1.2, A\u00f1o 09.2003 &#8211; &#8230;, 1242 , 60<br \/>\n1.2 4&#215;4, A\u00f1o 10.2004 &#8211; &#8230;, 1242 , 60<br \/>\nFIAT Grande Punto Hatchback (199) (A\u00f1o 10.2005 &#8211; &#8230;)<br \/>\n1.2, A\u00f1o 10.2005 &#8211; &#8230;, 1242 , 65<br \/>\n1.4, A\u00f1o 10.2005 &#8211; 12.2015, 1368 , 77<br \/>\nFIAT 500 Hatchback (312) (A\u00f1o 10.2007 &#8211; &#8230;)<br \/>\n1.2, A\u00f1o 10.2007 &#8211; &#8230;, 1242 , 69<br \/>\nFIAT Linea (323, 110) (A\u00f1o 06.2007 &#8211; &#8230;)<br \/>\n1.4, A\u00f1o 06.2007 &#8211; &#8230;, 1368 , 77<br \/>\nALFA ROMEO &#8211; QZ MITO MY2011 (2011-2013)<br \/>\nALFA ROMEO &#8211; 10 MITO MY2013 (2013-&#8230;.)<br \/>\nLANCIA Y (840) (A\u00f1o 11.1995 &#8211; 09.2003)<br \/>\n1.2, A\u00f1o 03.1996 &#8211; 09.2003, 1242 , 60<br \/>\nLANCIA Ypsilon II (843) (A\u00f1o 10.2003 &#8211; 12.2011)<br \/>\n1.2, A\u00f1o 10.2003 &#8211; 12.2011, 1242 , 60<br \/>\nLANCIA Musa (350) (A\u00f1o 10.2004 &#8211; 09.2012)<br \/>\n1.4, A\u00f1o 09.2005 &#8211; 09.2012, 1368 , 78<\/p>\n<p>LA PIEZA ES NUEVA Y ORIGINAL MAGNETI MARELLI.<\/p>\n","protected":false},"excerpt":{"rendered":"<p>V\u00e1lvula Magneti Marelli de los colectores de admisi\u00f3n de: FIAT Panda I Hatchback (141) (A\u00f1o 03.1980 &#8211; 07.2004) 1.1, A\u00f1o 02.1995 &#8211; 09.2003, 1108 , 54 1.1 Trekking 4&#215;4, A\u00f1o 10.1991 &#8211; 07.2004, 1108 , 50 FIAT Palio I Hatchback (178) (A\u00f1o 04.1996 &#8211; &#8230;) 1.2, A\u00f1o 06.1998 &#8211; &#8230;, 1242 , 73 FIAT Palio [&hellip;]<\/p>\n","protected":false},"featured_media":33768,"template":"","meta":{"_seopress_robots_primary_cat":"","_seopress_titles_title":"","_seopress_titles_desc":"","_seopress_robots_index":""},"product_cat":[74,16,87,20,91,92,93,21,94,47,121,98,99,101,106,107,109,127],"product_tag":[],"class_list":{"0":"post-33767","1":"product","2":"type-product","3":"status-publish","4":"has-post-thumbnail","6":"product_cat-recambios-fiat-500","7":"product_cat-recambios-alfa-romeo","8":"product_cat-recambios-fiat-doblo","9":"product_cat-recambios-fiat","10":"product_cat-recambios-fiat-fiorino","11":"product_cat-recambios-fiat-grande-punto","12":"product_cat-recambios-fiat-idea","13":"product_cat-recambios-lancia","14":"product_cat-recambios-fiat-linea","15":"product_cat-recambios-alfa-romeo-mito","16":"product_cat-recambios-lancia-musa","17":"product_cat-recambios-fiat-palio","18":"product_cat-recambios-fiat-panda","19":"product_cat-recambios-fiat-punto","20":"product_cat-recambios-fiat-seicento","21":"product_cat-recambios-fiat-siena","22":"product_cat-recambios-fiat-strada","23":"product_cat-recambios-lancia-ypsilon","25":"first","26":"outofstock","27":"taxable","28":"shipping-taxable","29":"purchasable","30":"product-type-simple"},"_links":{"self":[{"href":"https:\/\/galicianparts.com\/shop\/wp-json\/wp\/v2\/product\/33767"}],"collection":[{"href":"https:\/\/galicianparts.com\/shop\/wp-json\/wp\/v2\/product"}],"about":[{"href":"https:\/\/galicianparts.com\/shop\/wp-json\/wp\/v2\/types\/product"}],"wp:featuredmedia":[{"embeddable":true,"href":"https:\/\/galicianparts.com\/shop\/wp-json\/wp\/v2\/media\/33768"}],"wp:attachment":[{"href":"https:\/\/galicianparts.com\/shop\/wp-json\/wp\/v2\/media?parent=33767"}],"wp:term":[{"taxonomy":"product_cat","embeddable":true,"href":"https:\/\/galicianparts.com\/shop\/wp-json\/wp\/v2\/product_cat?post=33767"},{"taxonomy":"product_tag","embeddable":true,"href":"https:\/\/galicianparts.com\/shop\/wp-json\/wp\/v2\/product_tag?post=33767"}],"curies":[{"name":"wp","href":"https:\/\/api.w.org\/{rel}","templated":true}]}}