{"id":33828,"date":"2021-10-14T12:42:52","date_gmt":"2021-10-14T10:42:52","guid":{"rendered":"https:\/\/galicianparts.com\/shop\/producto\/9659488680-tensor-cadena-distribucion-fiat-ducato-06-citroen-jumper-peugeot-boxer-nuevo-original\/"},"modified":"2026-01-12T13:31:24","modified_gmt":"2026-01-12T11:31:24","slug":"9659488680-tensor-cadena-distribucion-fiat-ducato-06-citroen-jumper-peugeot-boxer-nuevo-original","status":"publish","type":"product","link":"https:\/\/galicianparts.com\/shop\/producto\/9659488680-tensor-cadena-distribucion-fiat-ducato-06-citroen-jumper-peugeot-boxer-nuevo-original\/","title":{"rendered":"9659488680 Tensor cadena distribuci\u00f3n Fiat Ducato (06-&#8230;) Citroen Jumper \/ Peugeot Boxer NUEVO ORIGINAL"},"content":{"rendered":"<p>9675777680 Tensor hidr\u00e1ulico de la cadena de distribuci\u00f3n de:<br \/>\nCITRO\u00cbN Jumper II (250) (A\u00f1o 04.2006 &#8211; &#8230;)<br \/>\n2.2 HDi 100, A\u00f1o 04.2006 &#8211; &#8230;, 2198 , 101<br \/>\n2.2 HDi 110, A\u00f1o 07.2011 &#8211; &#8230;, 2198 , 110<br \/>\n2.2 HDi 120, A\u00f1o 04.2006 &#8211; &#8230;, 2198 , 120<br \/>\n2.2 HDi 130, A\u00f1o 07.2011 &#8211; &#8230;, 2198 , 130<br \/>\n2.2 HDi 150, A\u00f1o 07.2011 &#8211; &#8230;, 2198 , 150<br \/>\nFIAT Ducato III (250, 290) (A\u00f1o 07.2006 &#8211; &#8230;)<br \/>\n2.2 D 100 Multijet, A\u00f1o 07.2006 &#8211; 05.2011, 2198 , 100<br \/>\nPEUGEOT Boxer (250) (A\u00f1o 04.2006 &#8211; &#8230;)<br \/>\n2.2 HDi 100, A\u00f1o 04.2006 &#8211; &#8230;, 2198 , 101<br \/>\n2.2 HDi 110, A\u00f1o 03.2011 &#8211; &#8230;, 2198 , 110<br \/>\n2.2 HDi 120, A\u00f1o 04.2006 &#8211; &#8230;, 2198 , 120<br \/>\n2.2 HDi 130, A\u00f1o 03.2011 &#8211; &#8230;, 2198 , 131<br \/>\n2.2 HDi 130 4&#215;4, A\u00f1o 03.2011 &#8211; &#8230;, 2198 , 131<br \/>\n2.2 HDi 150, A\u00f1o 03.2011 &#8211; &#8230;, 2198 , 150<br \/>\n2.2 HDi 150 4&#215;4, A\u00f1o 03.2011 &#8211; &#8230;, 2198 , 150<\/p>\n<p>LA PIEZA ES NUEVA Y ORIGINAL.<\/p>\n","protected":false},"excerpt":{"rendered":"<p>9675777680 Tensor hidr\u00e1ulico de la cadena de distribuci\u00f3n de: CITRO\u00cbN Jumper II (250) (A\u00f1o 04.2006 &#8211; &#8230;) 2.2 HDi 100, A\u00f1o 04.2006 &#8211; &#8230;, 2198 , 101 2.2 HDi 110, A\u00f1o 07.2011 &#8211; &#8230;, 2198 , 110 2.2 HDi 120, A\u00f1o 04.2006 &#8211; &#8230;, 2198 , 120 2.2 HDi 130, A\u00f1o 07.2011 &#8211; &#8230;, 2198 [&hellip;]<\/p>\n","protected":false},"featured_media":33829,"template":"","meta":{"_seopress_robots_primary_cat":"","_seopress_titles_title":"","_seopress_titles_desc":"","_seopress_robots_index":""},"product_cat":[155,23,88,20,137,24],"product_tag":[],"class_list":{"0":"post-33828","1":"product","2":"type-product","3":"status-publish","4":"has-post-thumbnail","6":"product_cat-recambios-peugeot-boxer","7":"product_cat-recambios-citroen","8":"product_cat-recambios-fiat-ducato","9":"product_cat-recambios-fiat","10":"product_cat-recambios-citroen-jumper","11":"product_cat-recambios-peugeot","13":"first","14":"outofstock","15":"taxable","16":"shipping-taxable","17":"purchasable","18":"product-type-simple"},"_links":{"self":[{"href":"https:\/\/galicianparts.com\/shop\/wp-json\/wp\/v2\/product\/33828"}],"collection":[{"href":"https:\/\/galicianparts.com\/shop\/wp-json\/wp\/v2\/product"}],"about":[{"href":"https:\/\/galicianparts.com\/shop\/wp-json\/wp\/v2\/types\/product"}],"wp:featuredmedia":[{"embeddable":true,"href":"https:\/\/galicianparts.com\/shop\/wp-json\/wp\/v2\/media\/33829"}],"wp:attachment":[{"href":"https:\/\/galicianparts.com\/shop\/wp-json\/wp\/v2\/media?parent=33828"}],"wp:term":[{"taxonomy":"product_cat","embeddable":true,"href":"https:\/\/galicianparts.com\/shop\/wp-json\/wp\/v2\/product_cat?post=33828"},{"taxonomy":"product_tag","embeddable":true,"href":"https:\/\/galicianparts.com\/shop\/wp-json\/wp\/v2\/product_tag?post=33828"}],"curies":[{"name":"wp","href":"https:\/\/api.w.org\/{rel}","templated":true}]}}