{"id":33878,"date":"2021-10-14T14:20:07","date_gmt":"2021-10-14T12:20:07","guid":{"rendered":"https:\/\/galicianparts.com\/shop\/producto\/46408783-latiguillo-servodireccion\/"},"modified":"2023-12-14T10:18:16","modified_gmt":"2023-12-14T08:18:16","slug":"46408783-latiguillo-servodireccion","status":"publish","type":"product","link":"https:\/\/galicianparts.com\/shop\/producto\/46408783-latiguillo-servodireccion\/","title":{"rendered":"46408783 Latiguillo servodirecci\u00f3n M1.2 Fiat Punto (1993-2000) NUEVO ORIGINAL"},"content":{"rendered":"<p>Tubo, manguito del dep\u00f3sito a la bomba de direcci\u00f3n de:<br \/>\nFIAT &#8211; NV PUNTO 1200cc SPI \/ MPI (1993-1997)<br \/>\nFIAT &#8211; 1A PUNTO 1242cc SPI 1242cc MPI 8v GAMMA &#8217;97 (1997-1999)<br \/>\nFIAT &#8211; PF PUNTO CABRIO 1242cc SPI (1994-1997)<br \/>\nFIAT &#8211; 1C PUNTO CABRIO GAMMA&#8217;97 1242cc SPI 1242cc MPI 16v  (1997-2000)<\/p>\n<p>LA PIEZA ES NUEVA Y ORIGINAL.<\/p>\n","protected":false},"excerpt":{"rendered":"<p>Tubo, manguito del dep\u00f3sito a la bomba de direcci\u00f3n de: FIAT &#8211; NV PUNTO 1200cc SPI \/ MPI (1993-1997) FIAT &#8211; 1A PUNTO 1242cc SPI 1242cc MPI 8v GAMMA &#8217;97 (1997-1999) FIAT &#8211; PF PUNTO CABRIO 1242cc SPI (1994-1997) FIAT &#8211; 1C PUNTO CABRIO GAMMA&#8217;97 1242cc SPI 1242cc MPI 16v (1997-2000) LA PIEZA ES NUEVA [&hellip;]<\/p>\n","protected":false},"featured_media":33879,"template":"","meta":{"_seopress_robots_primary_cat":"","_seopress_titles_title":"","_seopress_titles_desc":"","_seopress_robots_index":""},"product_cat":[20,101],"product_tag":[],"class_list":{"0":"post-33878","1":"product","2":"type-product","3":"status-publish","4":"has-post-thumbnail","6":"product_cat-recambios-fiat","7":"product_cat-recambios-fiat-punto","9":"first","10":"outofstock","11":"taxable","12":"shipping-taxable","13":"purchasable","14":"product-type-simple"},"_links":{"self":[{"href":"https:\/\/galicianparts.com\/shop\/wp-json\/wp\/v2\/product\/33878"}],"collection":[{"href":"https:\/\/galicianparts.com\/shop\/wp-json\/wp\/v2\/product"}],"about":[{"href":"https:\/\/galicianparts.com\/shop\/wp-json\/wp\/v2\/types\/product"}],"wp:featuredmedia":[{"embeddable":true,"href":"https:\/\/galicianparts.com\/shop\/wp-json\/wp\/v2\/media\/33879"}],"wp:attachment":[{"href":"https:\/\/galicianparts.com\/shop\/wp-json\/wp\/v2\/media?parent=33878"}],"wp:term":[{"taxonomy":"product_cat","embeddable":true,"href":"https:\/\/galicianparts.com\/shop\/wp-json\/wp\/v2\/product_cat?post=33878"},{"taxonomy":"product_tag","embeddable":true,"href":"https:\/\/galicianparts.com\/shop\/wp-json\/wp\/v2\/product_tag?post=33878"}],"curies":[{"name":"wp","href":"https:\/\/api.w.org\/{rel}","templated":true}]}}