{"id":33890,"date":"2021-10-15T10:14:24","date_gmt":"2021-10-15T08:14:24","guid":{"rendered":"https:\/\/galicianparts.com\/shop\/producto\/60517006-valvula-calefaccion-alfa-romeo-spider-1990-1993-nuevo-original\/"},"modified":"2022-10-20T13:48:03","modified_gmt":"2022-10-20T11:48:03","slug":"60517006-valvula-calefaccion-alfa-romeo-spider-1990-1993-nuevo-original","status":"publish","type":"product","link":"https:\/\/galicianparts.com\/shop\/producto\/60517006-valvula-calefaccion-alfa-romeo-spider-1990-1993-nuevo-original\/","title":{"rendered":"60517006 Grifo calefacci\u00f3n Alfa Romeo Spider (1990-1993) NUEVO ORIGINAL"},"content":{"rendered":"<p>V\u00e1lvula del radiador de la calefacci\u00f3n de:<br \/>\nALFA ROMEO &#8211; P6 SPIDER EUROPA FL.90 (1990-1993)<br \/>\nALFA ROMEO &#8211; P8 SPIDER FL.USA MY.91-93(1990-1993)<\/p>\n<p>LA PIEZA ES NUEVA Y ORIGINAL.<\/p>\n","protected":false},"excerpt":{"rendered":"<p>V\u00e1lvula del radiador de la calefacci\u00f3n de: ALFA ROMEO &#8211; P6 SPIDER EUROPA FL.90 (1990-1993) ALFA ROMEO &#8211; P8 SPIDER FL.USA MY.91-93(1990-1993) LA PIEZA ES NUEVA Y ORIGINAL.<\/p>\n","protected":false},"featured_media":33891,"template":"","meta":{"_seopress_robots_primary_cat":"","_seopress_titles_title":"","_seopress_titles_desc":"","_seopress_robots_index":""},"product_cat":[16,56],"product_tag":[],"class_list":{"0":"post-33890","1":"product","2":"type-product","3":"status-publish","4":"has-post-thumbnail","6":"product_cat-recambios-alfa-romeo","7":"product_cat-recambios-alfa-romeo-spider","9":"first","10":"outofstock","11":"taxable","12":"shipping-taxable","13":"purchasable","14":"product-type-simple"},"_links":{"self":[{"href":"https:\/\/galicianparts.com\/shop\/wp-json\/wp\/v2\/product\/33890"}],"collection":[{"href":"https:\/\/galicianparts.com\/shop\/wp-json\/wp\/v2\/product"}],"about":[{"href":"https:\/\/galicianparts.com\/shop\/wp-json\/wp\/v2\/types\/product"}],"wp:featuredmedia":[{"embeddable":true,"href":"https:\/\/galicianparts.com\/shop\/wp-json\/wp\/v2\/media\/33891"}],"wp:attachment":[{"href":"https:\/\/galicianparts.com\/shop\/wp-json\/wp\/v2\/media?parent=33890"}],"wp:term":[{"taxonomy":"product_cat","embeddable":true,"href":"https:\/\/galicianparts.com\/shop\/wp-json\/wp\/v2\/product_cat?post=33890"},{"taxonomy":"product_tag","embeddable":true,"href":"https:\/\/galicianparts.com\/shop\/wp-json\/wp\/v2\/product_tag?post=33890"}],"curies":[{"name":"wp","href":"https:\/\/api.w.org\/{rel}","templated":true}]}}