{"id":33930,"date":"2021-10-15T12:55:49","date_gmt":"2021-10-15T10:55:49","guid":{"rendered":"https:\/\/galicianparts.com\/shop\/producto\/9633318580-pinon-bomba-aceite-fiat-scudo-ducato-ulysse-lancia-z-citroen-peugeot\/"},"modified":"2021-11-18T00:48:40","modified_gmt":"2021-11-17T22:48:40","slug":"9633318580-pinon-bomba-aceite-fiat-scudo-ducato-ulysse-lancia-z-citroen-peugeot","status":"publish","type":"product","link":"https:\/\/galicianparts.com\/shop\/producto\/9633318580-pinon-bomba-aceite-fiat-scudo-ducato-ulysse-lancia-z-citroen-peugeot\/","title":{"rendered":"9633318580 Pi\u00f1\u00f3n cig\u00fce\u00f1al Fiat Scudo \/ Ducato \/ Ulysse \/ Lancia Z \/ Citroen \/ Peugeot"},"content":{"rendered":"<p>Pi\u00f1\u00f3n de 26 dientes de la cadena de la bomba de aceite de:<br \/>\nFIAT &#8211; PG ULYSSE 2000cc 8\/16v (1999-2002)<br \/>\nLANCIA &#8211; SK \u00abZ\u00bb 2000cc 16v (1999-2002)<br \/>\nFIAT PROFESSIONAL &#8211; 2E DUCATO RESTYL. 2000cc BZ (2001-2006)<br \/>\nFIAT PROFESSIONAL &#8211; PL SCUDO 1867cc DS (1999-2004)<br \/>\nFIAT PROFESSIONAL &#8211; 2X SCUDO FL.2004 1867cc DS (2004-2006)<br \/>\nCITROEN &#8211; JUMPER<br \/>\nCITROEN &#8211; JUMPY<br \/>\nPEUGEOT &#8211; BOXER<br \/>\nPEUGEOT &#8211; EXPERT<\/p>\n<p>LA PIEZA ES NUEVA Y ORIGINAL.<\/p>\n","protected":false},"excerpt":{"rendered":"<p>Pi\u00f1\u00f3n de 26 dientes de la cadena de la bomba de aceite de: FIAT &#8211; PG ULYSSE 2000cc 8\/16v (1999-2002) LANCIA &#8211; SK \u00abZ\u00bb 2000cc 16v (1999-2002) FIAT PROFESSIONAL &#8211; 2E DUCATO RESTYL. 2000cc BZ (2001-2006) FIAT PROFESSIONAL &#8211; PL SCUDO 1867cc DS (1999-2004) FIAT PROFESSIONAL &#8211; 2X SCUDO FL.2004 1867cc DS (2004-2006) CITROEN &#8211; [&hellip;]<\/p>\n","protected":false},"featured_media":33931,"template":"","meta":{"_seopress_robots_primary_cat":"","_seopress_titles_title":"","_seopress_titles_desc":"","_seopress_robots_index":""},"product_cat":[155,23,88,156,20,137,138,21,24,104,113,128],"product_tag":[],"class_list":{"0":"post-33930","1":"product","2":"type-product","3":"status-publish","4":"has-post-thumbnail","6":"product_cat-recambios-peugeot-boxer","7":"product_cat-recambios-citroen","8":"product_cat-recambios-fiat-ducato","9":"product_cat-recambios-peugeot-expert","10":"product_cat-recambios-fiat","11":"product_cat-recambios-citroen-jumper","12":"product_cat-recambios-citroen-jumpy","13":"product_cat-recambios-lancia","14":"product_cat-recambios-peugeot","15":"product_cat-recambios-fiat-scudo","16":"product_cat-recambios-fiat-ulysse","17":"product_cat-recambios-lancia-z","19":"first","20":"outofstock","21":"taxable","22":"shipping-taxable","23":"purchasable","24":"product-type-simple"},"_links":{"self":[{"href":"https:\/\/galicianparts.com\/shop\/wp-json\/wp\/v2\/product\/33930"}],"collection":[{"href":"https:\/\/galicianparts.com\/shop\/wp-json\/wp\/v2\/product"}],"about":[{"href":"https:\/\/galicianparts.com\/shop\/wp-json\/wp\/v2\/types\/product"}],"wp:featuredmedia":[{"embeddable":true,"href":"https:\/\/galicianparts.com\/shop\/wp-json\/wp\/v2\/media\/33931"}],"wp:attachment":[{"href":"https:\/\/galicianparts.com\/shop\/wp-json\/wp\/v2\/media?parent=33930"}],"wp:term":[{"taxonomy":"product_cat","embeddable":true,"href":"https:\/\/galicianparts.com\/shop\/wp-json\/wp\/v2\/product_cat?post=33930"},{"taxonomy":"product_tag","embeddable":true,"href":"https:\/\/galicianparts.com\/shop\/wp-json\/wp\/v2\/product_tag?post=33930"}],"curies":[{"name":"wp","href":"https:\/\/api.w.org\/{rel}","templated":true}]}}