{"id":33943,"date":"2021-10-15T13:52:02","date_gmt":"2021-10-15T11:52:02","guid":{"rendered":"https:\/\/galicianparts.com\/shop\/producto\/77364254-kit-capuchon-cremallera-direccion-fiat-ducato-06-citroen-peugeot-nuevo-original\/"},"modified":"2021-10-21T12:27:48","modified_gmt":"2021-10-21T10:27:48","slug":"77364254-kit-capuchon-cremallera-direccion-fiat-ducato-06-citroen-peugeot-nuevo-original","status":"publish","type":"product","link":"https:\/\/galicianparts.com\/shop\/producto\/77364254-kit-capuchon-cremallera-direccion-fiat-ducato-06-citroen-peugeot-nuevo-original\/","title":{"rendered":"77364254 Kit capuch\u00f3n cremallera direcci\u00f3n Fiat Ducato (06-&#8230;) Citroen \/ Peugeot NUEVO ORIGINAL"},"content":{"rendered":"<p>1376348080 Set, juego de fuelle y abrazaderas de la rotula axial de la cremallera de direcci\u00f3n de:<br \/>\nCITRO\u00cbN Jumper II Bus (250) (A\u00f1o 04.2006 &#8211; &#8230;) 2.2 HDi  2198 , 101cv 2.2 HDi  2198 , 110cv 2.2 HDi  2198 , 120cv 2.2 HDi  2198 , 130cv 2.2 HDi 2198 , 150cv<br \/>\n3.0 HDi  2999 , 157cv 3.0 HDi  2999 , 157cv 3.0 HDi  2999 , 177cv<br \/>\nCITRO\u00cbN Jumper II Furg\u00f3n (250) (A\u00f1o 04.2006 &#8211; &#8230;)<br \/>\n2.2 HDi 2198 , 101cv 2.2 HDi 2198 , 110cv 2.2 HDi 2198 , 120cv 2.2 HDi 2198 , 130cv 2.2 HDi 2198 , 150cv 3.0 HDi  2999 , 146cv 3.0 HDi 2999 , 156cv 3.0 HDi 2999 , 157cv 3.0 HDi 2999 , 177cv<br \/>\nCITRO\u00cbN Jumper II Cami\u00f3n de plataforma\/Chasis (250) (A\u00f1o 04.2006 &#8211; &#8230;)<br \/>\n2.2 HDi 2198 , 101cv 2.2 HDi 2198 , 110cv 2.2 HDi 2198 , 120cv 2.2 HDi 2198 , 130cv 2.2 HDi 2198 , 150cv 3.0 HDi 2999 , 146cv 3.0 HDi 2999 , 157cv 3.0 HDi 2999 , 177cv<br \/>\nFIAT Ducato III Bus (250, 290) (A\u00f1o 07.2006 &#8211; &#8230;)<br \/>\n2.2 D Multijet, 2198 , 100cv 2.3 D Multijet, 2287 , 113cv 2.0 D Multijet, 1956 , 116cv 2.3 D Multijet, 2287 , 120cv 2.3 D Multijet,  2287 , 131cv 3.0 Natural Power, 2999 , 136cv 2.3 D Multijet, 2287 , 148cv 2.3 D Multijet, 2287 , 150cv 3.0 D Multijet, 2999 , 146cv 3.0 D Multijet, 2999 , 158cv 180 Multijet 3,0 D 2999 , 177cv<br \/>\nFIAT Ducato III Furg\u00f3n (250, 290) (A\u00f1o 07.2006 &#8211; &#8230;)<br \/>\n2.2 D Multijet, 2198 , 100cv 2.3 D Multijet, 2287 , 113cv 2.0 D Multijet, 1956 , 116cv 2.3 D Multijet, 2287 , 120cv 2.3 D 4&#215;4 Multijet, 2287 , 120cv 2.3 D Multijet, 2287 , 126cv 2.3 D Multijet, 2287 , 131cv 130 Multijet 2,3 D 4&#215;4, 2287 , 131cv 3.0 Natural Power, 2999 , 136cv 2.3 D 150 Multijet, 2287 , 148cv 2.3 D 150 Multijet, 2287 , 150cv 3.0 D 150 Multijet, 2999 , 146cv 3.0 D 160 Multijet, 2999 , 156cv 3.0 D 160 Multijet, 2999 , 158cv 2.3 D 180 Multijet, 2287 , 177cv 180 Multijet 3,0 D, 2999 , 177cv<br \/>\nFIAT Ducato III Cami\u00f3n de plataforma \/ Chasis (250, 290) (A\u00f1o 07.2006 &#8211; &#8230;)<br \/>\n2.2 D  Multijet, 2198 , 100cv 2.3 D  Multijet, 2287 , 113cv 2.0 D  Multijet, 1956 , 116cv 2.3 D  Multijet, 2287 , 120cv 2.3 D 4&#215;4  Multijet, 2287 , 120cv 2.3 D  Multijet, 2287 , 131cv 2.3 D Multijet, 2287 , 148cv 2.3 D Multijet, 2287 , 150cv 3.0 D Multijet, 2999 , 146cv 3.0 D Multijet, 2999 , 156cv 3.0 D Multijet, 2999 , 158cv<br \/>\n2.3 D Multijet, 2287 , 177cv 180 Multijet 3,0 D, 2999 , 177cv<br \/>\nPEUGEOT Boxer Bus (250) (A\u00f1o 09.2005 &#8211; &#8230;)<br \/>\n2.2 HDi 2198 , 101cv 2.2 HDi 2198 , 110cv 2.2 HDi 2198 , 120cv 2.2 HDi 2198 , 131cv 2.2 HDi 2198 , 150cv 3.0 HDi 2999 , 146cv 3.0 HDi 2999 , 156cv 3.0 HDi 2999 , 177cv<br \/>\nPEUGEOT Boxer Furg\u00f3n (250) (A\u00f1o 04.2006 &#8211; &#8230;)<br \/>\n2.2 HDi 2198 , 101cv 2.2 HDi 2198 , 110cv 2.2 HDi 2198 , 120cv 2.2 HDi 2198 , 131cv 2.2 HDi 2198 , 150cv 3.0 HDi 2999 , 146cv 3.0 HDi 2999 , 156cv 3.0 HDi 2999 , 177cv<br \/>\nPEUGEOT Boxer Cami\u00f3n de plataforma\/Chasis (250) (A\u00f1o 04.2006 &#8211; &#8230;)<br \/>\n2.2 HDi 2198 , 101cv 2.2 HDi 2198 , 110cv 2.2 HDi 2198 , 120cv 2.2 HDi 2198 , 131cv 2.2 HDi 2198 , 150cv 3.0 HDi 2999 , 146cv 3.0 HDi 2999 , 156cv 3.0 HDi 2999 , 177cv<\/p>\n<p>LA PIEZA ES NUEVA Y ORIGINAL.<\/p>\n","protected":false},"excerpt":{"rendered":"<p>1376348080 Set, juego de fuelle y abrazaderas de la rotula axial de la cremallera de direcci\u00f3n de: CITRO\u00cbN Jumper II Bus (250) (A\u00f1o 04.2006 &#8211; &#8230;) 2.2 HDi 2198 , 101cv 2.2 HDi 2198 , 110cv 2.2 HDi 2198 , 120cv 2.2 HDi 2198 , 130cv 2.2 HDi 2198 , 150cv 3.0 HDi 2999 , [&hellip;]<\/p>\n","protected":false},"featured_media":33944,"template":"","meta":{"_seopress_robots_primary_cat":"","_seopress_titles_title":"","_seopress_titles_desc":"","_seopress_robots_index":""},"product_cat":[155,23,88,20,137,24],"product_tag":[],"class_list":{"0":"post-33943","1":"product","2":"type-product","3":"status-publish","4":"has-post-thumbnail","6":"product_cat-recambios-peugeot-boxer","7":"product_cat-recambios-citroen","8":"product_cat-recambios-fiat-ducato","9":"product_cat-recambios-fiat","10":"product_cat-recambios-citroen-jumper","11":"product_cat-recambios-peugeot","13":"first","14":"instock","15":"taxable","16":"shipping-taxable","17":"purchasable","18":"product-type-simple"},"_links":{"self":[{"href":"https:\/\/galicianparts.com\/shop\/wp-json\/wp\/v2\/product\/33943"}],"collection":[{"href":"https:\/\/galicianparts.com\/shop\/wp-json\/wp\/v2\/product"}],"about":[{"href":"https:\/\/galicianparts.com\/shop\/wp-json\/wp\/v2\/types\/product"}],"wp:featuredmedia":[{"embeddable":true,"href":"https:\/\/galicianparts.com\/shop\/wp-json\/wp\/v2\/media\/33944"}],"wp:attachment":[{"href":"https:\/\/galicianparts.com\/shop\/wp-json\/wp\/v2\/media?parent=33943"}],"wp:term":[{"taxonomy":"product_cat","embeddable":true,"href":"https:\/\/galicianparts.com\/shop\/wp-json\/wp\/v2\/product_cat?post=33943"},{"taxonomy":"product_tag","embeddable":true,"href":"https:\/\/galicianparts.com\/shop\/wp-json\/wp\/v2\/product_tag?post=33943"}],"curies":[{"name":"wp","href":"https:\/\/api.w.org\/{rel}","templated":true}]}}