{"id":34141,"date":"2021-10-19T17:41:14","date_gmt":"2021-10-19T15:41:14","guid":{"rendered":"https:\/\/galicianparts.com\/shop\/producto\/7603316-pack-2-latiguillos-freno-delantero-fiat-ritmo-regata-138-nuevo-original\/"},"modified":"2025-04-22T10:02:41","modified_gmt":"2025-04-22T08:02:41","slug":"7603316-pack-2-latiguillos-freno-delantero-fiat-ritmo-regata-138-nuevo-original","status":"publish","type":"product","link":"https:\/\/galicianparts.com\/shop\/producto\/7603316-pack-2-latiguillos-freno-delantero-fiat-ritmo-regata-138-nuevo-original\/","title":{"rendered":"7603316 Pack 2 latiguillos freno delantero Fiat Ritmo \/ Regata 138 NUEVO ORIGINAL"},"content":{"rendered":"<p>Juego, set de dos tubos de las pinzas de frenos delanteras de:<br \/>\nLargo: 310mm<br \/>\nM\u00e9tricas: 10&#215;1<\/p>\n<p>FIAT Ritmo I Hatchback (138)<br \/>\n1.1 60, A\u00f1o 04.1985 &#8211; 12.1987, 1116 , 58<br \/>\n1.5 75, A\u00f1o 01.1978 &#8211; 12.1988, 1498 , 75<br \/>\nFIAT Regata (138)<br \/>\n1.6 Super 100, A\u00f1o 10.1983 &#8211; 07.1989, 1585 , 95<br \/>\n1.6 Super 100, A\u00f1o 10.1983 &#8211; 12.1990, 1585 , 101<br \/>\n1.7 Di\u00e9sel 60, A\u00f1o 05.1985 &#8211; 03.1989, 1698 , 60<br \/>\n1.9 Di\u00e9sel 65, A\u00f1o 04.1984 &#8211; 07.1989, 1929 , 65<br \/>\n1.3 70, A\u00f1o 09.1983 &#8211; 07.1989, 1301 , 65<br \/>\n1.3 70, A\u00f1o 09.1983 &#8211; 07.1986, 1301 , 68<br \/>\n1.5 75, A\u00f1o 12.1983 &#8211; 07.1989, 1498 , 75<br \/>\n1.9 Turbodi\u00e9sel 80, A\u00f1o 05.1986 &#8211; 07.1989, 1929 , 80<br \/>\n1.6 85, A\u00f1o 10.1983 &#8211; 06.1990, 1585 , 82<br \/>\n1.6 i.e. 90, A\u00f1o 01.1987 &#8211; 07.1989, 1595 , 90<\/p>\n<p>LA PIEZA ES NUEVA Y ORIGINAL.<\/p>\n","protected":false},"excerpt":{"rendered":"<p>Juego, set de dos tubos de las pinzas de frenos delanteras de: Largo: 310mm M\u00e9tricas: 10&#215;1 FIAT Ritmo I Hatchback (138) 1.1 60, A\u00f1o 04.1985 &#8211; 12.1987, 1116 , 58 1.5 75, A\u00f1o 01.1978 &#8211; 12.1988, 1498 , 75 FIAT Regata (138) 1.6 Super 100, A\u00f1o 10.1983 &#8211; 07.1989, 1585 , 95 1.6 Super 100, [&hellip;]<\/p>\n","protected":false},"featured_media":34142,"template":"","meta":{"_seopress_robots_primary_cat":"","_seopress_titles_title":"","_seopress_titles_desc":"","_seopress_robots_index":""},"product_cat":[20,102,103],"product_tag":[],"class_list":{"0":"post-34141","1":"product","2":"type-product","3":"status-publish","4":"has-post-thumbnail","6":"product_cat-recambios-fiat","7":"product_cat-recambios-fiat-regata","8":"product_cat-recambios-fiat-ritmo","10":"first","11":"outofstock","12":"taxable","13":"shipping-taxable","14":"purchasable","15":"product-type-simple"},"_links":{"self":[{"href":"https:\/\/galicianparts.com\/shop\/wp-json\/wp\/v2\/product\/34141"}],"collection":[{"href":"https:\/\/galicianparts.com\/shop\/wp-json\/wp\/v2\/product"}],"about":[{"href":"https:\/\/galicianparts.com\/shop\/wp-json\/wp\/v2\/types\/product"}],"wp:featuredmedia":[{"embeddable":true,"href":"https:\/\/galicianparts.com\/shop\/wp-json\/wp\/v2\/media\/34142"}],"wp:attachment":[{"href":"https:\/\/galicianparts.com\/shop\/wp-json\/wp\/v2\/media?parent=34141"}],"wp:term":[{"taxonomy":"product_cat","embeddable":true,"href":"https:\/\/galicianparts.com\/shop\/wp-json\/wp\/v2\/product_cat?post=34141"},{"taxonomy":"product_tag","embeddable":true,"href":"https:\/\/galicianparts.com\/shop\/wp-json\/wp\/v2\/product_tag?post=34141"}],"curies":[{"name":"wp","href":"https:\/\/api.w.org\/{rel}","templated":true}]}}