{"id":34227,"date":"2021-10-20T13:11:25","date_gmt":"2021-10-20T11:11:25","guid":{"rendered":"https:\/\/galicianparts.com\/shop\/producto\/500310543-junta-depresor-freno-fiat-ducato-94-06-citroen-jumper-peugeot-boxer-nuevo-original\/"},"modified":"2023-12-20T10:05:07","modified_gmt":"2023-12-20T08:05:07","slug":"500310543-junta-depresor-freno-fiat-ducato-94-06-citroen-jumper-peugeot-boxer-nuevo-original","status":"publish","type":"product","link":"https:\/\/galicianparts.com\/shop\/producto\/500310543-junta-depresor-freno-fiat-ducato-94-06-citroen-jumper-peugeot-boxer-nuevo-original\/","title":{"rendered":"500310543 Junta depresor freno Fiat Ducato \/131 \/132 \/Citro\u00ebn \/Peugeot NUEVO ORIGINAL"},"content":{"rendered":"<p>Junta de la bomba de vac\u00edo del servofreno de: <\/p>\n<p>CITRO\u00cbN Jumper I (230)<br \/>\n2.8 D, A\u00f1o 01.1999 &#8211; 02.2002, 2798 , 87<br \/>\n2.8 HDi, A\u00f1o 09.2000 &#8211; 04.2002, 2798 , 128<br \/>\n2.8 HDi 4&#215;4, A\u00f1o 09.2000 &#8211; 04.2002, 2798 , 128<br \/>\nCITRO\u00cbN Jumper I Cami\u00f3n de plataforma\/Chasis (230)<br \/>\n2.8 D, A\u00f1o 01.1999 &#8211; 02.2002, 2798 , 87<br \/>\n2.8 HDi, A\u00f1o 10.2000 &#8211; 01.2002, 2798 , 126<br \/>\n2.8 HDi, A\u00f1o 09.2000 &#8211; 04.2002, 2798 , 128<br \/>\nCITRO\u00cbN Jumper I (244)<br \/>\n2.8 HDi, A\u00f1o 06.2003 &#8211; 06.2006, 2798 , 105<br \/>\n2.8 HDi, A\u00f1o 04.2002 &#8211; &#8230;, 2798 , 128<br \/>\n2.8 HDi, A\u00f1o 05.2004 &#8211; &#8230;, 2798 , 146<br \/>\n2.8 HDi 4&#215;4, A\u00f1o 04.2002 &#8211; &#8230;, 2798 , 128<\/p>\n<p>FIAT 131 (131)<br \/>\n2.5 D, A\u00f1o 06.1978 &#8211; 02.1984, 2445 , 72<br \/>\nFIAT Ducato II Furg\u00f3n (230L)<br \/>\n2.5 D, A\u00f1o 03.1994 &#8211; 04.2002, 2500 , 84<br \/>\n2.5 D 4&#215;4, A\u00f1o 03.1994 &#8211; 04.2002, 2500 , 84<br \/>\n2.5 TD, A\u00f1o 06.1994 &#8211; 08.1998, 2499 , 109<br \/>\n2.5 TD 4&#215;4, A\u00f1o 11.1994 &#8211; 04.1998, 2499 , 109<br \/>\n2.5 TD 4&#215;4, A\u00f1o 11.1994 &#8211; 04.1998, 2499 , 116<br \/>\n2.5 TDI, A\u00f1o 03.1994 &#8211; 04.2002, 2500 , 109<br \/>\n2.5 TDI, A\u00f1o 03.1994 &#8211; 04.2002, 2500 , 116<br \/>\n2.5 TDI 4&#215;4, A\u00f1o 05.1998 &#8211; 04.2002, 2500 , 116<br \/>\n2.8 D, A\u00f1o 05.1998 &#8211; 04.2002, 2800 , 87<br \/>\n2.8 D 4&#215;4, A\u00f1o 08.1998 &#8211; 04.2002, 2800 , 87<br \/>\n2.8 JTD, A\u00f1o 11.2000 &#8211; 04.2002, 2798 , 128<br \/>\n2.8 JTD 4&#215;4, A\u00f1o 11.2000 &#8211; 04.2002, 2798 , 128<br \/>\n2.8 TD 4&#215;4, A\u00f1o 05.1998 &#8211; 09.2001, 2799 , 122<br \/>\n2.8 TDI, A\u00f1o 10.1997 &#8211; 04.2002, 2800 , 122<br \/>\n2.8 TDI 4&#215;4, A\u00f1o 06.1999 &#8211; 04.2002, 2800 , 122<br \/>\nFIAT Argenta (132)<br \/>\n2.5 Di\u00e9sel, A\u00f1o 06.1981 &#8211; 11.1985, 2445 , 72<br \/>\nFIAT Ducato I (290)<br \/>\n2.5 D, A\u00f1o 07.1990 &#8211; 03.1994, 2500 , 75<br \/>\n2.5 D 4&#215;4, A\u00f1o 07.1990 &#8211; 03.1994, 2500 , 75<br \/>\n2.5 TD, A\u00f1o 08.1990 &#8211; 03.1994, 2500 , 95<br \/>\n2.5 TD 4&#215;4, A\u00f1o 01.1991 &#8211; 03.1994, 2500 , 95<br \/>\n2.5 TD 4&#215;4, A\u00f1o 06.1990 &#8211; 05.1994, 2499 , 95<br \/>\nFIAT Ducato II Bus (230)<br \/>\n2.5 D Combinato, A\u00f1o 08.1994 &#8211; 04.2002, 2500 , 84<br \/>\n2.5 TD, A\u00f1o 03.1994 &#8211; 04.2002, 2499 , 95<br \/>\n2.5 TD, A\u00f1o 06.1994 &#8211; 09.2001, 2499 , 116<br \/>\n2.5 TD 4&#215;4, A\u00f1o 11.1994 &#8211; 04.1998, 2499 , 109<br \/>\n2.5 TD 4&#215;4, A\u00f1o 06.1994 &#8211; 09.2001, 2499 , 116<br \/>\n2.5 TDI 4&#215;4, A\u00f1o 04.1997 &#8211; 04.2002, 2500 , 116<br \/>\n2.5 TDI Panorama\/Combinato, A\u00f1o 07.1994 &#8211; 04.2002, 2500 , 109<br \/>\n2.5 TDI Panorama\/Combinato, A\u00f1o 03.1994 &#8211; 04.2002, 2500 , 116<br \/>\n2.8 D, A\u00f1o 02.1998 &#8211; 04.2002, 2800 , 87<br \/>\n2.8 JTD, A\u00f1o 11.2000 &#8211; 04.2002, 2798 , 128<br \/>\n2.8 JTD 4&#215;4, A\u00f1o 11.2000 &#8211; 04.2002, 2798 , 128<br \/>\n2.8 TDI, A\u00f1o 10.1997 &#8211; 04.2002, 2800 , 122<br \/>\n2.8 TDI 4&#215;4, A\u00f1o 07.1999 &#8211; 04.2002, 2800 , 122<br \/>\nFIAT Ducato I Furg\u00f3n (280)<br \/>\n2.4 D, A\u00f1o 01.1982 &#8211; 08.1990, 2428 , 72<br \/>\n2.5 D 4&#215;4, A\u00f1o 09.1986 &#8211; 05.1990, 2445 , 75<br \/>\n2.5 TD 4&#215;4, A\u00f1o 09.1986 &#8211; 09.1990, 2445 , 92<br \/>\nFIAT 132 (132_)<br \/>\n2.5 D, A\u00f1o 07.1978 &#8211; 07.1982, 2445 , 72<br \/>\nFIAT Ducato I (280)<br \/>\n2.4 D, A\u00f1o 07.1982 &#8211; 12.1985, 2428 , 72<br \/>\n2.5 D, A\u00f1o 09.1986 &#8211; 05.1990, 2499 , 92<br \/>\n2.5 D 4&#215;4, A\u00f1o 09.1986 &#8211; 05.1990, 2499 , 92<br \/>\n2.5 TD, A\u00f1o 01.1987 &#8211; 08.1990, 2445 , 92<br \/>\n2.5 TD 4&#215;4, A\u00f1o 01.1986 &#8211; 08.1990, 2445 , 92<br \/>\nFIAT Ducato II Cami\u00f3n de plataforma\/Chasis (230)<br \/>\n2.5 D, A\u00f1o 03.1994 &#8211; 04.2002, 2500 , 84<br \/>\n2.5 D 4&#215;4, A\u00f1o 03.1994 &#8211; 04.2002, 2500 , 84<br \/>\n2.5 TD, A\u00f1o 06.1994 &#8211; 08.1998, 2499 , 109<br \/>\n2.5 TD, A\u00f1o 06.1994 &#8211; 04.1998, 2499 , 116<br \/>\n2.5 TD 4&#215;4, A\u00f1o 11.1994 &#8211; 04.1998, 2499 , 109<br \/>\n2.5 TD 4&#215;4, A\u00f1o 11.1994 &#8211; 04.1998, 2499 , 116<br \/>\n2.5 TDI, A\u00f1o 03.1994 &#8211; 04.2002, 2500 , 109<br \/>\n2.5 TDI, A\u00f1o 03.1994 &#8211; 04.2002, 2500 , 116<br \/>\n2.5 TDI 4&#215;4, A\u00f1o 06.1998 &#8211; 04.2002, 2500 , 116<br \/>\n2.8 D, A\u00f1o 02.1998 &#8211; 04.2002, 2800 , 87<br \/>\n2.8 iDTD 4&#215;4, A\u00f1o 05.1998 &#8211; 09.2001, 2799 , 122<br \/>\n2.8 JTD, A\u00f1o 03.2001 &#8211; 04.2002, 2799 , 128<br \/>\n2.8 JTD, A\u00f1o 11.2000 &#8211; 04.2002, 2798 , 128<br \/>\n2.8 JTD 4&#215;4, A\u00f1o 10.2001 &#8211; 04.2002, 2799 , 128<br \/>\n2.8 TD 4&#215;4, A\u00f1o 05.1998 &#8211; 11.2001, 2799 , 87<br \/>\n2.8 TDI, A\u00f1o 12.1998 &#8211; 04.2002, 2800 , 122<br \/>\nFIAT Campagnola<br \/>\n2.4 D, A\u00f1o 06.1974 &#8211; 10.1989, 2445 , 72<br \/>\nFIAT Ducato II Bus (244)<br \/>\n2.8 JTD, A\u00f1o 04.2002 &#8211; &#8230;, 2798 , 128<br \/>\n2.8 JTD, A\u00f1o 04.2004 &#8211; 07.2006, 2800 , 145<br \/>\n2.8 JTD 4&#215;4, A\u00f1o 07.2002 &#8211; &#8230;, 2798 , 128<br \/>\n2.8 TD, A\u00f1o 11.2003 &#8211; 07.2006, 2799 , 122<br \/>\n2.8 TD 4&#215;4, A\u00f1o 11.2003 &#8211; 07.2006, 2799 , 122<br \/>\nFIAT Ducato II (244)<br \/>\n2.8 JTD, A\u00f1o 04.2002 &#8211; &#8230;, 2798 , 128<br \/>\n2.8 JTD 4&#215;4, A\u00f1o 07.2002 &#8211; &#8230;, 2798 , 128<br \/>\n2.8 JTD Power, A\u00f1o 05.2004 &#8211; &#8230;, 2800 , 146<br \/>\n2.8 TD, A\u00f1o 04.2002 &#8211; 07.2006, 2799 , 122<br \/>\n2.8 TD 4&#215;4, A\u00f1o 11.2003 &#8211; 07.2006, 2799 , 122<\/p>\n<p>PEUGEOT Boxer (230)<br \/>\n2.5 DT, A\u00f1o 10.1997 &#8211; 11.2001, 2499 , 84<br \/>\n2.8 D, A\u00f1o 01.1999 &#8211; 02.2002, 2798 , 87<br \/>\n2.8 HDi, A\u00f1o 10.2000 &#8211; 11.2001, 2798 , 126<br \/>\n2.8 HDI, A\u00f1o 11.2000 &#8211; 04.2002, 2798 , 128<br \/>\n2.8 HDi 4&#215;4, A\u00f1o 10.2000 &#8211; 11.2001, 2798 , 126<br \/>\n2.8 HDi 4&#215;4, A\u00f1o 10.2000 &#8211; 04.2002, 2798 , 128<br \/>\nPEUGEOT Boxer Furg\u00f3n (244)<br \/>\n2.8 HDi, A\u00f1o 09.2005 &#8211; 09.2009, 2798 , 126<br \/>\n2.8 HDi, A\u00f1o 04.2002 &#8211; &#8230;, 2798 , 128<br \/>\n2.8 HDi, A\u00f1o 04.2004 &#8211; &#8230;, 2798 , 146<br \/>\n2.8 HDi 4&#215;4, A\u00f1o 04.2002 &#8211; &#8230;, 2798 , 128<\/p>\n<p>LA PIEZA ES NUEVA Y ORIGINAL.<\/p>\n","protected":false},"excerpt":{"rendered":"<p>Junta de la bomba de vac\u00edo del servofreno de: CITRO\u00cbN Jumper I (230) 2.8 D, A\u00f1o 01.1999 &#8211; 02.2002, 2798 , 87 2.8 HDi, A\u00f1o 09.2000 &#8211; 04.2002, 2798 , 128 2.8 HDi 4&#215;4, A\u00f1o 09.2000 &#8211; 04.2002, 2798 , 128 CITRO\u00cbN Jumper I Cami\u00f3n de plataforma\/Chasis (230) 2.8 D, A\u00f1o 01.1999 &#8211; 02.2002, 2798 [&hellip;]<\/p>\n","protected":false},"featured_media":34228,"template":"","meta":{"_seopress_robots_primary_cat":"","_seopress_titles_title":"","_seopress_titles_desc":"","_seopress_robots_index":""},"product_cat":[70,71,79,155,83,23,88,20,137,24],"product_tag":[],"class_list":{"0":"post-34227","1":"product","2":"type-product","3":"status-publish","4":"has-post-thumbnail","6":"product_cat-recambios-fiat-131","7":"product_cat-recambios-fiat-132","8":"product_cat-recambios-fiat-argenta","9":"product_cat-recambios-peugeot-boxer","10":"product_cat-recambios-fiat-campagnola","11":"product_cat-recambios-citroen","12":"product_cat-recambios-fiat-ducato","13":"product_cat-recambios-fiat","14":"product_cat-recambios-citroen-jumper","15":"product_cat-recambios-peugeot","17":"first","18":"outofstock","19":"taxable","20":"shipping-taxable","21":"purchasable","22":"product-type-simple"},"_links":{"self":[{"href":"https:\/\/galicianparts.com\/shop\/wp-json\/wp\/v2\/product\/34227"}],"collection":[{"href":"https:\/\/galicianparts.com\/shop\/wp-json\/wp\/v2\/product"}],"about":[{"href":"https:\/\/galicianparts.com\/shop\/wp-json\/wp\/v2\/types\/product"}],"wp:featuredmedia":[{"embeddable":true,"href":"https:\/\/galicianparts.com\/shop\/wp-json\/wp\/v2\/media\/34228"}],"wp:attachment":[{"href":"https:\/\/galicianparts.com\/shop\/wp-json\/wp\/v2\/media?parent=34227"}],"wp:term":[{"taxonomy":"product_cat","embeddable":true,"href":"https:\/\/galicianparts.com\/shop\/wp-json\/wp\/v2\/product_cat?post=34227"},{"taxonomy":"product_tag","embeddable":true,"href":"https:\/\/galicianparts.com\/shop\/wp-json\/wp\/v2\/product_tag?post=34227"}],"curies":[{"name":"wp","href":"https:\/\/api.w.org\/{rel}","templated":true}]}}