{"id":34314,"date":"2021-10-21T12:23:03","date_gmt":"2021-10-21T10:23:03","guid":{"rendered":"https:\/\/galicianparts.com\/shop\/producto\/50013786-tapon-deposito-combustible-fiat-fiorino-1-7-d-td-1993-2000-nuevo-original\/"},"modified":"2021-10-21T12:26:18","modified_gmt":"2021-10-21T10:26:18","slug":"50013786-tapon-deposito-combustible-fiat-fiorino-1-7-d-td-1993-2000-nuevo-original","status":"publish","type":"product","link":"https:\/\/galicianparts.com\/shop\/producto\/50013786-tapon-deposito-combustible-fiat-fiorino-1-7-d-td-1993-2000-nuevo-original\/","title":{"rendered":"50013786 Tap\u00f3n dep\u00f3sito combustible Fiat Fiorino 1.7 D\/TD (1993-2000) NUEVO ORIGINAL"},"content":{"rendered":"<p>Tap\u00f3n del tubo de llenado del dep\u00f3sito de di\u00e9sel de:<br \/>\nFIAT PROFESSIONAL &#8211; 2N FIORINO RL 1697cc D\/TD (1993-2000)<\/p>\n<p>LA PIEZA ES NUEVA Y ORIGINAL.<\/p>\n","protected":false},"excerpt":{"rendered":"<p>Tap\u00f3n del tubo de llenado del dep\u00f3sito de di\u00e9sel de: FIAT PROFESSIONAL &#8211; 2N FIORINO RL 1697cc D\/TD (1993-2000) LA PIEZA ES NUEVA Y ORIGINAL.<\/p>\n","protected":false},"featured_media":34315,"template":"","meta":{"_seopress_robots_primary_cat":"","_seopress_titles_title":"","_seopress_titles_desc":"","_seopress_robots_index":""},"product_cat":[20,91],"product_tag":[],"class_list":{"0":"post-34314","1":"product","2":"type-product","3":"status-publish","4":"has-post-thumbnail","6":"product_cat-recambios-fiat","7":"product_cat-recambios-fiat-fiorino","9":"first","10":"instock","11":"taxable","12":"shipping-taxable","13":"purchasable","14":"product-type-simple"},"_links":{"self":[{"href":"https:\/\/galicianparts.com\/shop\/wp-json\/wp\/v2\/product\/34314"}],"collection":[{"href":"https:\/\/galicianparts.com\/shop\/wp-json\/wp\/v2\/product"}],"about":[{"href":"https:\/\/galicianparts.com\/shop\/wp-json\/wp\/v2\/types\/product"}],"wp:featuredmedia":[{"embeddable":true,"href":"https:\/\/galicianparts.com\/shop\/wp-json\/wp\/v2\/media\/34315"}],"wp:attachment":[{"href":"https:\/\/galicianparts.com\/shop\/wp-json\/wp\/v2\/media?parent=34314"}],"wp:term":[{"taxonomy":"product_cat","embeddable":true,"href":"https:\/\/galicianparts.com\/shop\/wp-json\/wp\/v2\/product_cat?post=34314"},{"taxonomy":"product_tag","embeddable":true,"href":"https:\/\/galicianparts.com\/shop\/wp-json\/wp\/v2\/product_tag?post=34314"}],"curies":[{"name":"wp","href":"https:\/\/api.w.org\/{rel}","templated":true}]}}