{"id":34501,"date":"2021-10-22T11:53:16","date_gmt":"2021-10-22T09:53:16","guid":{"rendered":"https:\/\/galicianparts.com\/shop\/producto\/7592332-manguito-recuperacion-agua-lancia-autobianchi-y10-1-0-nuevo-original\/"},"modified":"2023-02-15T19:47:20","modified_gmt":"2023-02-15T17:47:20","slug":"7592332-manguito-recuperacion-agua-lancia-autobianchi-y10-1-0-nuevo-original","status":"publish","type":"product","link":"https:\/\/galicianparts.com\/shop\/producto\/7592332-manguito-recuperacion-agua-lancia-autobianchi-y10-1-0-nuevo-original\/","title":{"rendered":"7592332 Manguito recuperaci\u00f3n agua Lancia \/ Autobianchi Y10 1.0 NUEVO ORIGINAL"},"content":{"rendered":"<p>Tubo de recuperaci\u00f3n de refrigerante, del radiador al bote expansor de:<br \/>\nLANCIA Y10 (156)<br \/>\n1.0 Fire, A\u00f1o 03.1985 &#8211; 07.1989, 1049 , 56<br \/>\n1.0 Fire, A\u00f1o 03.1985 &#8211; 02.1990, 999 , 50<br \/>\n1.0 Fire, A\u00f1o 03.1985 &#8211; 06.1989, 999 , 45<br \/>\nAUTOBIANCHI Y10<\/p>\n<p>LA PIEZA ES NUEVA Y ORIGINAL.<\/p>\n","protected":false},"excerpt":{"rendered":"<p>Tubo de recuperaci\u00f3n de refrigerante, del radiador al bote expansor de: LANCIA Y10 (156) 1.0 Fire, A\u00f1o 03.1985 &#8211; 07.1989, 1049 , 56 1.0 Fire, A\u00f1o 03.1985 &#8211; 02.1990, 999 , 50 1.0 Fire, A\u00f1o 03.1985 &#8211; 06.1989, 999 , 45 AUTOBIANCHI Y10 LA PIEZA ES NUEVA Y ORIGINAL.<\/p>\n","protected":false},"featured_media":34502,"template":"","meta":{"_seopress_robots_primary_cat":"","_seopress_titles_title":"","_seopress_titles_desc":"","_seopress_robots_index":""},"product_cat":[25,21,64,126],"product_tag":[],"class_list":{"0":"post-34501","1":"product","2":"type-product","3":"status-publish","4":"has-post-thumbnail","6":"product_cat-recambios-autobianchi","7":"product_cat-recambios-lancia","8":"product_cat-recambios-autobianchi-y10","9":"product_cat-recambios-lancia-y10","11":"first","12":"outofstock","13":"taxable","14":"shipping-taxable","15":"purchasable","16":"product-type-simple"},"_links":{"self":[{"href":"https:\/\/galicianparts.com\/shop\/wp-json\/wp\/v2\/product\/34501"}],"collection":[{"href":"https:\/\/galicianparts.com\/shop\/wp-json\/wp\/v2\/product"}],"about":[{"href":"https:\/\/galicianparts.com\/shop\/wp-json\/wp\/v2\/types\/product"}],"wp:featuredmedia":[{"embeddable":true,"href":"https:\/\/galicianparts.com\/shop\/wp-json\/wp\/v2\/media\/34502"}],"wp:attachment":[{"href":"https:\/\/galicianparts.com\/shop\/wp-json\/wp\/v2\/media?parent=34501"}],"wp:term":[{"taxonomy":"product_cat","embeddable":true,"href":"https:\/\/galicianparts.com\/shop\/wp-json\/wp\/v2\/product_cat?post=34501"},{"taxonomy":"product_tag","embeddable":true,"href":"https:\/\/galicianparts.com\/shop\/wp-json\/wp\/v2\/product_tag?post=34501"}],"curies":[{"name":"wp","href":"https:\/\/api.w.org\/{rel}","templated":true}]}}