{"id":34524,"date":"2021-10-22T12:55:53","date_gmt":"2021-10-22T10:55:53","guid":{"rendered":"https:\/\/galicianparts.com\/shop\/producto\/4239476-planetario-diferencial-fiat-panda-45-127-autobianchi-a112-nuevo-original\/"},"modified":"2026-01-27T18:49:10","modified_gmt":"2026-01-27T16:49:10","slug":"4239476-planetario-diferencial-fiat-panda-45-127-autobianchi-a112-nuevo-original","status":"publish","type":"product","link":"https:\/\/galicianparts.com\/shop\/producto\/4239476-planetario-diferencial-fiat-panda-45-127-autobianchi-a112-nuevo-original\/","title":{"rendered":"4239476 Planetario diferencial Fiat Panda 45 \/ 127 \/ Autobianchi A112 NUEVO ORIGINAL"},"content":{"rendered":"<p>Pi\u00f1\u00f3n, engranaje planetario del diferencial de:<br \/>\nDientes: 19<br \/>\nDi\u00e1metro: 64mm<br \/>\nAltura: 54mm<\/p>\n<p>AUTOBIANCHI A112<br \/>\nFIAT PANDA 45<br \/>\nFIAT 127 900cc \/ 1050cc \/ SPORT 1.3<br \/>\nFIAT 127 FIORINO RESTYLING 903cc\/1050cc<\/p>\n<p>LA PIEZA ES NUEVA Y ORIGINAL.<\/p>\n","protected":false},"excerpt":{"rendered":"<p>Pi\u00f1\u00f3n, engranaje planetario del diferencial de: Dientes: 19 Di\u00e1metro: 64mm Altura: 54mm AUTOBIANCHI A112 FIAT PANDA 45 FIAT 127 900cc \/ 1050cc \/ SPORT 1.3 FIAT 127 FIORINO RESTYLING 903cc\/1050cc LA PIEZA ES NUEVA Y ORIGINAL.<\/p>\n","protected":false},"featured_media":34531,"template":"","meta":{"_seopress_robots_primary_cat":"","_seopress_titles_title":"","_seopress_titles_desc":"","_seopress_robots_index":""},"product_cat":[68,63,25,20,99],"product_tag":[],"class_list":{"0":"post-34524","1":"product","2":"type-product","3":"status-publish","4":"has-post-thumbnail","6":"product_cat-recambios-fiat-127","7":"product_cat-recambios-autobianchi-a112","8":"product_cat-recambios-autobianchi","9":"product_cat-recambios-fiat","10":"product_cat-recambios-fiat-panda","12":"first","13":"instock","14":"taxable","15":"shipping-taxable","16":"purchasable","17":"product-type-simple"},"_links":{"self":[{"href":"https:\/\/galicianparts.com\/shop\/wp-json\/wp\/v2\/product\/34524"}],"collection":[{"href":"https:\/\/galicianparts.com\/shop\/wp-json\/wp\/v2\/product"}],"about":[{"href":"https:\/\/galicianparts.com\/shop\/wp-json\/wp\/v2\/types\/product"}],"wp:featuredmedia":[{"embeddable":true,"href":"https:\/\/galicianparts.com\/shop\/wp-json\/wp\/v2\/media\/34531"}],"wp:attachment":[{"href":"https:\/\/galicianparts.com\/shop\/wp-json\/wp\/v2\/media?parent=34524"}],"wp:term":[{"taxonomy":"product_cat","embeddable":true,"href":"https:\/\/galicianparts.com\/shop\/wp-json\/wp\/v2\/product_cat?post=34524"},{"taxonomy":"product_tag","embeddable":true,"href":"https:\/\/galicianparts.com\/shop\/wp-json\/wp\/v2\/product_tag?post=34524"}],"curies":[{"name":"wp","href":"https:\/\/api.w.org\/{rel}","templated":true}]}}