{"id":34594,"date":"2021-10-25T10:02:36","date_gmt":"2021-10-25T08:02:36","guid":{"rendered":"https:\/\/galicianparts.com\/shop\/producto\/46548447-junta-bomba-aceite-m1-9-jtd-fiat-lancia-alfa-romeo-nuevo-original\/"},"modified":"2023-08-05T08:23:12","modified_gmt":"2023-08-05T06:23:12","slug":"46548447-junta-bomba-aceite-m1-9-jtd-fiat-lancia-alfa-romeo-nuevo-original","status":"publish","type":"product","link":"https:\/\/galicianparts.com\/shop\/producto\/46548447-junta-bomba-aceite-m1-9-jtd-fiat-lancia-alfa-romeo-nuevo-original\/","title":{"rendered":"46548447 Junta tap\u00f3n llenado aceite M1.9 JTD Fiat \/ Lancia \/ Alfa Romeo NUEVO ORIGINAL"},"content":{"rendered":"<p>Junta de goma del tap\u00f3n de llenado del aceite de los modelos con motor 1910cc JTD de:<br \/>\nDi\u00e1metro interior: 39m<br \/>\nDi\u00e1metro exterior: 49mm<br \/>\nEspesor: 3mm<\/p>\n<p>FIAT &#8211; 1M BRAVA G.98 DS (1998-2001)<br \/>\nFIAT &#8211; 1L BRAVO G.98 DS (1998-2001)<br \/>\nFIAT &#8211; 2T CROMA (2005-2010)<br \/>\nFIAT &#8211; 2Y GRANDE PUNTO (2005-2008)<br \/>\nFIAT &#8211; 4C GRANDE PUNTO (2008-2009)<br \/>\nFIAT &#8211; 2S IDEA (2003-2008)<br \/>\nFIAT &#8211; 4D IDEA (2008-2012)<br \/>\nFIAT &#8211; 1R MAREA DS GAMMA&#8217;99 (1999-2002)<br \/>\nFIAT &#8211; 1F MULTIPLA (1998-2010)<br \/>\nFIAT &#8211; 3L NUOVA BRAVO (2007-2009)<br \/>\nFIAT &#8211; 3Y NUOVA BRAVO MY 2010 (2010-2014)<br \/>\nFIAT &#8211; 2H PALIO 2V EXTRA EUROPA REST. 2002 (2002-2011)<br \/>\nFIAT &#8211; 2G PALIO WE EUROPA REST. (2002-2004)<br \/>\nFIAT &#8211; 2K PALIO WE EXTRA EUROPA REST. 2002 (2002-2008)<br \/>\nFIAT &#8211; PY PALIO\/WEEKEND EUROPA (1997-2002)<br \/>\nFIAT &#8211; 1P PUNTO DS (1999-2003)<br \/>\nFIAT &#8211; 2U PUNTO FL.&#8217;03 (2003-2010)<br \/>\nFIAT &#8211; 3B SEDICI (2006-2011)<br \/>\nFIAT &#8211; 2L SIENA EXTRA EUROPA REST.(2002-2012)<br \/>\nFIAT &#8211; 2C STILO (2001-2003)<br \/>\nFIAT &#8211; 2V STILO F.L.L. 2003 (2003-2007)<br \/>\nALFA ROMEO &#8211; W8 147 (2000-2010)<br \/>\nALFA ROMEO &#8211; X1 156 M.Y.2002 BZ\/DS (2001-2005)<br \/>\nALFA ROMEO &#8211; T8 156 TD.ID. (1997-2002)<br \/>\nALFA ROMEO &#8211; X8 159 MY11 (2010-2011)<br \/>\nALFA ROMEO &#8211; X3 ALFA 159 (2005-2008)<br \/>\nALFA ROMEO &#8211; X9 ALFA 159 (2008-2010)<br \/>\nLANCIA &#8211; SY LYBRA DS (1999-2005)<br \/>\nLANCIA &#8211; TG MUSA (2004-2007)<br \/>\nLANCIA &#8211; TJ MUSA (2007-2011)<br \/>\nFIAT PROFESSIONAL &#8211; 1W DOBLO (2000-2004)<br \/>\nFIAT PROFESSIONAL &#8211; 2W DOBLO MY. 2004 (2004-2005)<br \/>\nFIAT PROFESSIONAL &#8211; 3C DOBLO REST. 2005 (2005-&#8230;.)<br \/>\nFIAT PROFESSIONAL &#8211; 1G STRADA (1999-2005)<\/p>\n<p>LA PIEZA ES NUEVA Y ORIGINAL.<\/p>\n","protected":false},"excerpt":{"rendered":"<p>Junta de goma del tap\u00f3n de llenado del aceite de los modelos con motor 1910cc JTD de: Di\u00e1metro interior: 39m Di\u00e1metro exterior: 49mm Espesor: 3mm FIAT &#8211; 1M BRAVA G.98 DS (1998-2001) FIAT &#8211; 1L BRAVO G.98 DS (1998-2001) FIAT &#8211; 2T CROMA (2005-2010) FIAT &#8211; 2Y GRANDE PUNTO (2005-2008) FIAT &#8211; 4C GRANDE PUNTO [&hellip;]<\/p>\n","protected":false},"featured_media":34595,"template":"","meta":{"_seopress_robots_primary_cat":"","_seopress_titles_title":"","_seopress_titles_desc":"","_seopress_robots_index":""},"product_cat":[44,49,51,16,81,82,86,87,20,92,93,21,120,95,96,121,98,101,105,107,108,109],"product_tag":[],"class_list":{"0":"post-34594","1":"product","2":"type-product","3":"status-publish","4":"has-post-thumbnail","6":"product_cat-recambios-alfa-romeo-147","7":"product_cat-recambios-alfa-romeo-156","8":"product_cat-recambios-alfa-romeo-159","9":"product_cat-recambios-alfa-romeo","10":"product_cat-recambios-fiat-brava","11":"product_cat-recambios-fiat-bravo","12":"product_cat-recambios-fiat-croma","13":"product_cat-recambios-fiat-doblo","14":"product_cat-recambios-fiat","15":"product_cat-recambios-fiat-grande-punto","16":"product_cat-recambios-fiat-idea","17":"product_cat-recambios-lancia","18":"product_cat-recambios-lancia-lybra","19":"product_cat-recambios-fiat-marea","20":"product_cat-recambios-fiat-multipla","21":"product_cat-recambios-lancia-musa","22":"product_cat-recambios-fiat-palio","23":"product_cat-recambios-fiat-punto","24":"product_cat-recambios-fiat-sedici","25":"product_cat-recambios-fiat-siena","26":"product_cat-recambios-fiat-stilo","27":"product_cat-recambios-fiat-strada","29":"first","30":"outofstock","31":"taxable","32":"shipping-taxable","33":"purchasable","34":"product-type-simple"},"_links":{"self":[{"href":"https:\/\/galicianparts.com\/shop\/wp-json\/wp\/v2\/product\/34594"}],"collection":[{"href":"https:\/\/galicianparts.com\/shop\/wp-json\/wp\/v2\/product"}],"about":[{"href":"https:\/\/galicianparts.com\/shop\/wp-json\/wp\/v2\/types\/product"}],"wp:featuredmedia":[{"embeddable":true,"href":"https:\/\/galicianparts.com\/shop\/wp-json\/wp\/v2\/media\/34595"}],"wp:attachment":[{"href":"https:\/\/galicianparts.com\/shop\/wp-json\/wp\/v2\/media?parent=34594"}],"wp:term":[{"taxonomy":"product_cat","embeddable":true,"href":"https:\/\/galicianparts.com\/shop\/wp-json\/wp\/v2\/product_cat?post=34594"},{"taxonomy":"product_tag","embeddable":true,"href":"https:\/\/galicianparts.com\/shop\/wp-json\/wp\/v2\/product_tag?post=34594"}],"curies":[{"name":"wp","href":"https:\/\/api.w.org\/{rel}","templated":true}]}}