{"id":34658,"date":"2021-10-25T12:57:27","date_gmt":"2021-10-25T10:57:27","guid":{"rendered":"https:\/\/galicianparts.com\/shop\/producto\/5996626-bulon-piston-lancia-delta-integrale-hf-nuevo-original\/"},"modified":"2025-07-11T10:06:05","modified_gmt":"2025-07-11T08:06:05","slug":"5996626-bulon-piston-lancia-delta-integrale-hf-nuevo-original","status":"publish","type":"product","link":"https:\/\/galicianparts.com\/shop\/producto\/5996626-bulon-piston-lancia-delta-integrale-hf-nuevo-original\/","title":{"rendered":"5996626 Bul\u00f3n pist\u00f3n Lancia Delta Integrale \/HF Turbo \/Fiat Tipo \/Croma NUEVO ORIGINAL"},"content":{"rendered":"<p>Bul\u00f3n del pist\u00f3n y biela del motor de:<br \/>\nLargo: 69mm<br \/>\nDi\u00e1metro interior: 13mm<br \/>\nDi\u00e1metro exterior: 22mm <\/p>\n<p>FIAT &#8211; MY CROMA IE-IE TB. FL.90 (1990-1996) 2000 8V TURBO EM.04 \/ 2000 8V TURBO USA&#8217;83<br \/>\nFIAT &#8211; XP ELBA CSL (1991-1996) 1500 SPI USA&#8217;83<br \/>\nFIAT &#8211; MW TEMPRA (1989-1993) 1750 \/ 1750 USA&#8217;83<br \/>\nFIAT &#8211; NZ TEMPRA MAQ.93 (&#8217;93-&#8217;96) 1750 USA&#8217;83 77KW (159A4) \/ 1750 USA&#8217;83 77KW (835C2) \/ 1750 USA&#8217;83 66KW (835C4) \/ 1750 CEE F2 97CV (71KW)<br \/>\nFIAT &#8211; NG TIPO (1990-1993) 1750 \/ 1750 USA&#8217;83<br \/>\nFIAT &#8211; NU TIPO MQ.93 (1993-1995) 1750 105CV (77KW) \/ 1750 USA&#8217;83 90CV (66KW) \/ 1750 CEE F2 97CV (71KW) \/ 1750 CEE F2 90CV (66KW)<br \/>\nFIAT &#8211; MS UNO R\/89 (1989-1995) 1500 SPI USA&#8217;83<br \/>\nLANCIA &#8211; RY DEDRA BENZINA (1989-1994) 1800 \/ 1800 USA&#8217;83 105CV (77KW) \/ 1800 CC.(USA 83) 90CV (66KW)<br \/>\nLANCIA &#8211; SL DEDRA FL.94 (1994-1999) 1750 MPI<br \/>\nLANCIA &#8211; RJ DEDRA IE.TB.INTEGRALE (1990-1994)<br \/>\nLANCIA &#8211; RT DELTA 4WD (1986-1991) 2000 8V \/ 2000 8V COMP.MIGLIORATA \/ 2000 8V USA 83<br \/>\nLANCIA &#8211; SA DELTA INTEGRALE (1991-1994) 2000 8V USA83<br \/>\nLANCIA &#8211; TB DELTA R.86 (1986-1992) 1300 CARB<br \/>\nLANCIA &#8211; TB DELTA R.86 (1986-1992) 1300 CARB \/ 1500 CARB<br \/>\nLANCIA &#8211; TB DELTA R.86 (1986-1992) 1500 CARB<br \/>\nLANCIA &#8211; TB DELTA R.86 (1986-1992) 1600 MPI<br \/>\nLANCIA &#8211; TB DELTA R.86 (1986-1992) 1600 SPI USA 83<br \/>\nLANCIA &#8211; TB DELTA R.86 HF TURBO (1986-1992) 1600 MPI TB \/ 1600 MPI TB USA 83<br \/>\nLANCIA &#8211; SF N.DELTA (1993-1999) 1750 105CV (77KW) \/ 1750 90CV (66KW) \/ 1750 CEE F2 97CV (71KW) \/ 1750 CEE F2 90CV (66KW)<br \/>\nLANCIA &#8211; SZ THEMA R.88 (1988-1992) 2000 TB 8V USA\/83<br \/>\nFIAT PROFESSIONAL &#8211; 2M FIORINO (1991-1993) 1500 SPI USA&#8217;83<\/p>\n<p>LA PIEZA ES NUEVA Y ORIGINAL.<\/p>\n","protected":false},"excerpt":{"rendered":"<p>Bul\u00f3n del pist\u00f3n y biela del motor de: Largo: 69mm Di\u00e1metro interior: 13mm Di\u00e1metro exterior: 22mm FIAT &#8211; MY CROMA IE-IE TB. FL.90 (1990-1996) 2000 8V TURBO EM.04 \/ 2000 8V TURBO USA&#8217;83 FIAT &#8211; XP ELBA CSL (1991-1996) 1500 SPI USA&#8217;83 FIAT &#8211; MW TEMPRA (1989-1993) 1750 \/ 1750 USA&#8217;83 FIAT &#8211; NZ TEMPRA [&hellip;]<\/p>\n","protected":false},"featured_media":34659,"template":"","meta":{"_seopress_robots_primary_cat":"","_seopress_titles_title":"","_seopress_titles_desc":"","_seopress_robots_index":""},"product_cat":[86,117,118,90,20,91,21,111,124,112,114],"product_tag":[],"class_list":{"0":"post-34658","1":"product","2":"type-product","3":"status-publish","4":"has-post-thumbnail","6":"product_cat-recambios-fiat-croma","7":"product_cat-recambios-lancia-dedra","8":"product_cat-recambios-lancia-delta","9":"product_cat-recambios-fiat-elba","10":"product_cat-recambios-fiat","11":"product_cat-recambios-fiat-fiorino","12":"product_cat-recambios-lancia","13":"product_cat-recambios-fiat-tempra","14":"product_cat-recambios-lancia-thema","15":"product_cat-recambios-fiat-tipo","16":"product_cat-recambios-fiat-uno","18":"first","19":"instock","20":"taxable","21":"shipping-taxable","22":"purchasable","23":"product-type-simple"},"_links":{"self":[{"href":"https:\/\/galicianparts.com\/shop\/wp-json\/wp\/v2\/product\/34658"}],"collection":[{"href":"https:\/\/galicianparts.com\/shop\/wp-json\/wp\/v2\/product"}],"about":[{"href":"https:\/\/galicianparts.com\/shop\/wp-json\/wp\/v2\/types\/product"}],"wp:featuredmedia":[{"embeddable":true,"href":"https:\/\/galicianparts.com\/shop\/wp-json\/wp\/v2\/media\/34659"}],"wp:attachment":[{"href":"https:\/\/galicianparts.com\/shop\/wp-json\/wp\/v2\/media?parent=34658"}],"wp:term":[{"taxonomy":"product_cat","embeddable":true,"href":"https:\/\/galicianparts.com\/shop\/wp-json\/wp\/v2\/product_cat?post=34658"},{"taxonomy":"product_tag","embeddable":true,"href":"https:\/\/galicianparts.com\/shop\/wp-json\/wp\/v2\/product_tag?post=34658"}],"curies":[{"name":"wp","href":"https:\/\/api.w.org\/{rel}","templated":true}]}}