{"id":34961,"date":"2021-10-28T10:20:43","date_gmt":"2021-10-28T08:20:43","guid":{"rendered":"https:\/\/galicianparts.com\/shop\/producto\/60517023-junta-grifo-calefaccion-alfa-romeo-spider-1990-1993-nuevo-original\/"},"modified":"2025-02-27T13:36:53","modified_gmt":"2025-02-27T11:36:53","slug":"60517023-junta-grifo-calefaccion-alfa-romeo-spider-1990-1993-nuevo-original","status":"publish","type":"product","link":"https:\/\/galicianparts.com\/shop\/producto\/60517023-junta-grifo-calefaccion-alfa-romeo-spider-1990-1993-nuevo-original\/","title":{"rendered":"60517023 Junta grifo calefacci\u00f3n Alfa Romeo Spider (1990-1993) NUEVO ORIGINAL"},"content":{"rendered":"<p>Junta de goma de la v\u00e1lvula del radiador de la calefacci\u00f3n de:<br \/>\nALFA ROMEO &#8211; P6 SPIDER EUROPA FL.90 (1990-1993)<br \/>\nALFA ROMEO &#8211; P8 SPIDER FL.USA MY.91-93(1990-1993)<\/p>\n<p>LA PIEZA ES NUEVA Y ORIGINAL.<\/p>\n","protected":false},"excerpt":{"rendered":"<p>Junta de goma de la v\u00e1lvula del radiador de la calefacci\u00f3n de: ALFA ROMEO &#8211; P6 SPIDER EUROPA FL.90 (1990-1993) ALFA ROMEO &#8211; P8 SPIDER FL.USA MY.91-93(1990-1993) LA PIEZA ES NUEVA Y ORIGINAL.<\/p>\n","protected":false},"featured_media":34962,"template":"","meta":{"_seopress_robots_primary_cat":"","_seopress_titles_title":"","_seopress_titles_desc":"","_seopress_robots_index":""},"product_cat":[16,56],"product_tag":[],"class_list":{"0":"post-34961","1":"product","2":"type-product","3":"status-publish","4":"has-post-thumbnail","6":"product_cat-recambios-alfa-romeo","7":"product_cat-recambios-alfa-romeo-spider","9":"first","10":"outofstock","11":"taxable","12":"shipping-taxable","13":"purchasable","14":"product-type-simple"},"_links":{"self":[{"href":"https:\/\/galicianparts.com\/shop\/wp-json\/wp\/v2\/product\/34961"}],"collection":[{"href":"https:\/\/galicianparts.com\/shop\/wp-json\/wp\/v2\/product"}],"about":[{"href":"https:\/\/galicianparts.com\/shop\/wp-json\/wp\/v2\/types\/product"}],"wp:featuredmedia":[{"embeddable":true,"href":"https:\/\/galicianparts.com\/shop\/wp-json\/wp\/v2\/media\/34962"}],"wp:attachment":[{"href":"https:\/\/galicianparts.com\/shop\/wp-json\/wp\/v2\/media?parent=34961"}],"wp:term":[{"taxonomy":"product_cat","embeddable":true,"href":"https:\/\/galicianparts.com\/shop\/wp-json\/wp\/v2\/product_cat?post=34961"},{"taxonomy":"product_tag","embeddable":true,"href":"https:\/\/galicianparts.com\/shop\/wp-json\/wp\/v2\/product_tag?post=34961"}],"curies":[{"name":"wp","href":"https:\/\/api.w.org\/{rel}","templated":true}]}}