{"id":35123,"date":"2021-11-02T14:31:30","date_gmt":"2021-11-02T12:31:30","guid":{"rendered":"https:\/\/galicianparts.com\/shop\/producto\/4434867-filtro-de-aire-m2-0-fiat-124-spider-132-argenta-nuevo-original\/"},"modified":"2022-08-17T09:43:04","modified_gmt":"2022-08-17T07:43:04","slug":"4434867-filtro-de-aire-m2-0-fiat-124-spider-132-argenta-nuevo-original","status":"publish","type":"product","link":"https:\/\/galicianparts.com\/shop\/producto\/4434867-filtro-de-aire-m2-0-fiat-124-spider-132-argenta-nuevo-original\/","title":{"rendered":"4434867 Filtro de aire M2.0 Fiat 124 Spider \/132 \/Argenta NUEVO ORIGINAL"},"content":{"rendered":"<p>Filtro de aire de los modelos con motor 2000cc:<br \/>\nLargo: 335 mm<br \/>\nAlto: 135 mm<br \/>\nAncho: 41 mm<\/p>\n<p>FIAT 124 Sport Spider (124)<br \/>\n2.0, A\u00f1o 04.1972 &#8211; 11.1985, 1995 , 105<br \/>\nFIAT Argenta (132)<br \/>\n2.0 i.e., A\u00f1o 06.1981 &#8211; 07.1986, 1995 , 122<br \/>\nFIAT 132 (132_)<br \/>\n2.0 i.e., A\u00f1o 01.1980 &#8211; 12.1982, 1995 , 122<\/p>\n<p>PEUGEOT 205 II Hatchback (A\u00f1o 01.1987 &#8211; 12.2000)<br \/>\n1.6 GTX, A\u00f1o 01.1987 &#8211; 10.1991, 1592 , 94<\/p>\n<p>LA PIEZA ES NUEVA Y ORIGINAL.<\/p>\n","protected":false},"excerpt":{"rendered":"<p>Filtro de aire de los modelos con motor 2000cc: Largo: 335 mm Alto: 135 mm Ancho: 41 mm FIAT 124 Sport Spider (124) 2.0, A\u00f1o 04.1972 &#8211; 11.1985, 1995 , 105 FIAT Argenta (132) 2.0 i.e., A\u00f1o 06.1981 &#8211; 07.1986, 1995 , 122 FIAT 132 (132_) 2.0 i.e., A\u00f1o 01.1980 &#8211; 12.1982, 1995 , 122 [&hellip;]<\/p>\n","protected":false},"featured_media":35124,"template":"","meta":{"_seopress_robots_primary_cat":"","_seopress_titles_title":"","_seopress_titles_desc":"","_seopress_robots_index":""},"product_cat":[65,71,235,79,20,24],"product_tag":[],"class_list":{"0":"post-35123","1":"product","2":"type-product","3":"status-publish","4":"has-post-thumbnail","6":"product_cat-recambios-fiat-124","7":"product_cat-recambios-fiat-132","8":"product_cat-recambios-peugeot-205","9":"product_cat-recambios-fiat-argenta","10":"product_cat-recambios-fiat","11":"product_cat-recambios-peugeot","13":"first","14":"instock","15":"taxable","16":"shipping-taxable","17":"purchasable","18":"product-type-simple"},"_links":{"self":[{"href":"https:\/\/galicianparts.com\/shop\/wp-json\/wp\/v2\/product\/35123"}],"collection":[{"href":"https:\/\/galicianparts.com\/shop\/wp-json\/wp\/v2\/product"}],"about":[{"href":"https:\/\/galicianparts.com\/shop\/wp-json\/wp\/v2\/types\/product"}],"wp:featuredmedia":[{"embeddable":true,"href":"https:\/\/galicianparts.com\/shop\/wp-json\/wp\/v2\/media\/35124"}],"wp:attachment":[{"href":"https:\/\/galicianparts.com\/shop\/wp-json\/wp\/v2\/media?parent=35123"}],"wp:term":[{"taxonomy":"product_cat","embeddable":true,"href":"https:\/\/galicianparts.com\/shop\/wp-json\/wp\/v2\/product_cat?post=35123"},{"taxonomy":"product_tag","embeddable":true,"href":"https:\/\/galicianparts.com\/shop\/wp-json\/wp\/v2\/product_tag?post=35123"}],"curies":[{"name":"wp","href":"https:\/\/api.w.org\/{rel}","templated":true}]}}