{"id":35446,"date":"2021-11-05T13:21:18","date_gmt":"2021-11-05T11:21:18","guid":{"rendered":"https:\/\/galicianparts.com\/shop\/producto\/9940902-kit-reparacion-cremallera-direccion-lancia-delta-hf-1-6-t-1986-1992-nuevo-original\/"},"modified":"2022-05-23T18:15:01","modified_gmt":"2022-05-23T16:15:01","slug":"9940902-kit-reparacion-cremallera-direccion-lancia-delta-hf-1-6-t-1986-1992-nuevo-original","status":"publish","type":"product","link":"https:\/\/galicianparts.com\/shop\/producto\/9940902-kit-reparacion-cremallera-direccion-lancia-delta-hf-1-6-t-1986-1992-nuevo-original\/","title":{"rendered":"9940902 Kit reparaci\u00f3n cremallera direcci\u00f3n Lancia Delta 1.6 HF T (1986-1992) NUEVO ORIGINAL"},"content":{"rendered":"<p>Set, juego de reparaci\u00f3n de la cremallera, caja de direcci\u00f3n de:<br \/>\nLANCIA &#8211; TB DELTA R.86 1600cc HF Turbo (1986-1992)<\/p>\n<p>LA PIEZA ES NUEVA Y ORIGINAL.<\/p>\n","protected":false},"excerpt":{"rendered":"<p>Set, juego de reparaci\u00f3n de la cremallera, caja de direcci\u00f3n de: LANCIA &#8211; TB DELTA R.86 1600cc HF Turbo (1986-1992) LA PIEZA ES NUEVA Y ORIGINAL.<\/p>\n","protected":false},"featured_media":35447,"template":"","meta":{"_seopress_robots_primary_cat":"","_seopress_titles_title":"","_seopress_titles_desc":"","_seopress_robots_index":""},"product_cat":[118,21],"product_tag":[],"class_list":{"0":"post-35446","1":"product","2":"type-product","3":"status-publish","4":"has-post-thumbnail","6":"product_cat-recambios-lancia-delta","7":"product_cat-recambios-lancia","9":"first","10":"outofstock","11":"taxable","12":"shipping-taxable","13":"purchasable","14":"product-type-simple"},"_links":{"self":[{"href":"https:\/\/galicianparts.com\/shop\/wp-json\/wp\/v2\/product\/35446"}],"collection":[{"href":"https:\/\/galicianparts.com\/shop\/wp-json\/wp\/v2\/product"}],"about":[{"href":"https:\/\/galicianparts.com\/shop\/wp-json\/wp\/v2\/types\/product"}],"wp:featuredmedia":[{"embeddable":true,"href":"https:\/\/galicianparts.com\/shop\/wp-json\/wp\/v2\/media\/35447"}],"wp:attachment":[{"href":"https:\/\/galicianparts.com\/shop\/wp-json\/wp\/v2\/media?parent=35446"}],"wp:term":[{"taxonomy":"product_cat","embeddable":true,"href":"https:\/\/galicianparts.com\/shop\/wp-json\/wp\/v2\/product_cat?post=35446"},{"taxonomy":"product_tag","embeddable":true,"href":"https:\/\/galicianparts.com\/shop\/wp-json\/wp\/v2\/product_tag?post=35446"}],"curies":[{"name":"wp","href":"https:\/\/api.w.org\/{rel}","templated":true}]}}