{"id":35458,"date":"2021-11-05T13:42:46","date_gmt":"2021-11-05T11:42:46","guid":{"rendered":"https:\/\/galicianparts.com\/shop\/producto\/712427673-aireador-calefaccion-trasero-inferior-fiat-punto-gt-nuevo-original\/"},"modified":"2023-02-23T17:09:59","modified_gmt":"2023-02-23T15:09:59","slug":"712427673-aireador-calefaccion-trasero-inferior-fiat-punto-gt-nuevo-original","status":"publish","type":"product","link":"https:\/\/galicianparts.com\/shop\/producto\/712427673-aireador-calefaccion-trasero-inferior-fiat-punto-gt-nuevo-original\/","title":{"rendered":"712427673 Aireador calefacci\u00f3n trasero inferior Fiat Punto GT NUEVO ORIGINAL"},"content":{"rendered":"<p>Difusor color antracita de la calefacci\u00f3n ubicado en el travesa\u00f1o inferior de los asientos delanteros de:<br \/>\nFIAT &#8211; NV PUNTO 55-60-75-90 (1993-1997)<br \/>\nFIAT &#8211; PF PUNTO CABRIO (1994-1997)<br \/>\nFIAT &#8211; NX PUNTO D-TD (1993-1997)<br \/>\nFIAT &#8211; NW PUNTO GT (1993-1997)<br \/>\nLANCIA &#8211; SU Y (1995-2000)<\/p>\n<p>LA PIEZA ES NUEVA Y ORIGINAL.<\/p>\n","protected":false},"excerpt":{"rendered":"<p>Difusor color antracita de la calefacci\u00f3n ubicado en el travesa\u00f1o inferior de los asientos delanteros de: FIAT &#8211; NV PUNTO 55-60-75-90 (1993-1997) FIAT &#8211; PF PUNTO CABRIO (1994-1997) FIAT &#8211; NX PUNTO D-TD (1993-1997) FIAT &#8211; NW PUNTO GT (1993-1997) LANCIA &#8211; SU Y (1995-2000) LA PIEZA ES NUEVA Y ORIGINAL.<\/p>\n","protected":false},"featured_media":35459,"template":"","meta":{"_seopress_robots_primary_cat":"","_seopress_titles_title":"","_seopress_titles_desc":"","_seopress_robots_index":""},"product_cat":[20,101],"product_tag":[],"class_list":{"0":"post-35458","1":"product","2":"type-product","3":"status-publish","4":"has-post-thumbnail","6":"product_cat-recambios-fiat","7":"product_cat-recambios-fiat-punto","9":"first","10":"outofstock","11":"taxable","12":"shipping-taxable","13":"purchasable","14":"product-type-simple"},"_links":{"self":[{"href":"https:\/\/galicianparts.com\/shop\/wp-json\/wp\/v2\/product\/35458"}],"collection":[{"href":"https:\/\/galicianparts.com\/shop\/wp-json\/wp\/v2\/product"}],"about":[{"href":"https:\/\/galicianparts.com\/shop\/wp-json\/wp\/v2\/types\/product"}],"wp:featuredmedia":[{"embeddable":true,"href":"https:\/\/galicianparts.com\/shop\/wp-json\/wp\/v2\/media\/35459"}],"wp:attachment":[{"href":"https:\/\/galicianparts.com\/shop\/wp-json\/wp\/v2\/media?parent=35458"}],"wp:term":[{"taxonomy":"product_cat","embeddable":true,"href":"https:\/\/galicianparts.com\/shop\/wp-json\/wp\/v2\/product_cat?post=35458"},{"taxonomy":"product_tag","embeddable":true,"href":"https:\/\/galicianparts.com\/shop\/wp-json\/wp\/v2\/product_tag?post=35458"}],"curies":[{"name":"wp","href":"https:\/\/api.w.org\/{rel}","templated":true}]}}