{"id":35552,"date":"2021-11-08T14:21:29","date_gmt":"2021-11-08T12:21:29","guid":{"rendered":"https:\/\/galicianparts.com\/shop\/producto\/7759978-sensor-colector-admision-lancia-thema-2-0-turbo-1988-1994-nuevo-original\/"},"modified":"2024-10-18T11:38:34","modified_gmt":"2024-10-18T09:38:34","slug":"7759978-sensor-colector-admision-lancia-thema-2-0-turbo-1988-1994-nuevo-original","status":"publish","type":"product","link":"https:\/\/galicianparts.com\/shop\/producto\/7759978-sensor-colector-admision-lancia-thema-2-0-turbo-1988-1994-nuevo-original\/","title":{"rendered":"7759978 Sensor colector admisi\u00f3n Lancia Thema 2.0 Turbo (1988-1994) NUEVO ORIGINAL"},"content":{"rendered":"<p>Electrov\u00e1lvula de presi\u00f3n de aire del colector de admisi\u00f3n de:<br \/>\nLANCIA &#8211; SZ THEMA R.88 (1988-1992) 2000cc 16v Turbo<br \/>\nLANCIA &#8211; SB THEMA IE. 16V FL.92 (1992-1994) 2000 TB.<\/p>\n<p>LA PIEZA ES NUEVA Y ORIGINAL.<\/p>\n","protected":false},"excerpt":{"rendered":"<p>Electrov\u00e1lvula de presi\u00f3n de aire del colector de admisi\u00f3n de: LANCIA &#8211; SZ THEMA R.88 (1988-1992) 2000cc 16v Turbo LANCIA &#8211; SB THEMA IE. 16V FL.92 (1992-1994) 2000 TB. LA PIEZA ES NUEVA Y ORIGINAL.<\/p>\n","protected":false},"featured_media":35553,"template":"","meta":{"_seopress_robots_primary_cat":"","_seopress_titles_title":"","_seopress_titles_desc":"","_seopress_robots_index":""},"product_cat":[21,124],"product_tag":[],"class_list":{"0":"post-35552","1":"product","2":"type-product","3":"status-publish","4":"has-post-thumbnail","6":"product_cat-recambios-lancia","7":"product_cat-recambios-lancia-thema","9":"first","10":"outofstock","11":"taxable","12":"shipping-taxable","13":"purchasable","14":"product-type-simple"},"_links":{"self":[{"href":"https:\/\/galicianparts.com\/shop\/wp-json\/wp\/v2\/product\/35552"}],"collection":[{"href":"https:\/\/galicianparts.com\/shop\/wp-json\/wp\/v2\/product"}],"about":[{"href":"https:\/\/galicianparts.com\/shop\/wp-json\/wp\/v2\/types\/product"}],"wp:featuredmedia":[{"embeddable":true,"href":"https:\/\/galicianparts.com\/shop\/wp-json\/wp\/v2\/media\/35553"}],"wp:attachment":[{"href":"https:\/\/galicianparts.com\/shop\/wp-json\/wp\/v2\/media?parent=35552"}],"wp:term":[{"taxonomy":"product_cat","embeddable":true,"href":"https:\/\/galicianparts.com\/shop\/wp-json\/wp\/v2\/product_cat?post=35552"},{"taxonomy":"product_tag","embeddable":true,"href":"https:\/\/galicianparts.com\/shop\/wp-json\/wp\/v2\/product_tag?post=35552"}],"curies":[{"name":"wp","href":"https:\/\/api.w.org\/{rel}","templated":true}]}}