{"id":3561,"date":"2020-09-29T11:41:36","date_gmt":"2020-09-29T11:41:36","guid":{"rendered":"https:\/\/galicianparts.com\/shop\/producto\/46442653-cristal-trasero-lancia-delta-1993-1999\/"},"modified":"2020-10-09T12:04:35","modified_gmt":"2020-10-09T10:04:35","slug":"46442653-cristal-trasero-lancia-delta-1993-1999","status":"publish","type":"product","link":"https:\/\/galicianparts.com\/shop\/producto\/46442653-cristal-trasero-lancia-delta-1993-1999\/","title":{"rendered":"46442653 Cristal trasero Lancia Delta (1993-1999)"},"content":{"rendered":"<p>Cristal trasero t\u00e9rmico Lancia Delta (1993-1999).<br \/>\nLa pieza es nueva, original de Lancia y se encuentra en perfecto estado, a\u00fan en el embalaje de f\u00e1brica.<\/p>\n","protected":false},"excerpt":{"rendered":"<p>Cristal trasero t\u00e9rmico Lancia Delta (1993-1999). La pieza es nueva, original de Lancia y se encuentra en perfecto estado, a\u00fan en el embalaje de f\u00e1brica.<\/p>\n","protected":false},"featured_media":1114,"template":"","meta":{"_seopress_robots_primary_cat":"","_seopress_titles_title":"","_seopress_titles_desc":"","_seopress_robots_index":""},"product_cat":[118,21],"product_tag":[],"class_list":{"0":"post-3561","1":"product","2":"type-product","3":"status-publish","4":"has-post-thumbnail","6":"product_cat-recambios-lancia-delta","7":"product_cat-recambios-lancia","9":"first","10":"outofstock","11":"taxable","12":"shipping-taxable","13":"purchasable","14":"product-type-simple"},"_links":{"self":[{"href":"https:\/\/galicianparts.com\/shop\/wp-json\/wp\/v2\/product\/3561"}],"collection":[{"href":"https:\/\/galicianparts.com\/shop\/wp-json\/wp\/v2\/product"}],"about":[{"href":"https:\/\/galicianparts.com\/shop\/wp-json\/wp\/v2\/types\/product"}],"wp:featuredmedia":[{"embeddable":true,"href":"https:\/\/galicianparts.com\/shop\/wp-json\/wp\/v2\/media\/1114"}],"wp:attachment":[{"href":"https:\/\/galicianparts.com\/shop\/wp-json\/wp\/v2\/media?parent=3561"}],"wp:term":[{"taxonomy":"product_cat","embeddable":true,"href":"https:\/\/galicianparts.com\/shop\/wp-json\/wp\/v2\/product_cat?post=3561"},{"taxonomy":"product_tag","embeddable":true,"href":"https:\/\/galicianparts.com\/shop\/wp-json\/wp\/v2\/product_tag?post=3561"}],"curies":[{"name":"wp","href":"https:\/\/api.w.org\/{rel}","templated":true}]}}