{"id":3562,"date":"2020-09-29T13:41:37","date_gmt":"2020-09-29T11:41:37","guid":{"rendered":"https:\/\/galicianparts.com\/shop\/producto\/82421115-cristal-trasero-lancia-delta-integrale-hf\/"},"modified":"2025-01-08T12:51:37","modified_gmt":"2025-01-08T10:51:37","slug":"82421115-cristal-trasero-lancia-delta-integrale-hf","status":"publish","type":"product","link":"https:\/\/galicianparts.com\/shop\/producto\/82421115-cristal-trasero-lancia-delta-integrale-hf\/","title":{"rendered":"82421115 Cristal port\u00f3n trasero Lancia Delta I (1986-1992) NUEVO ORIGINAL"},"content":{"rendered":"<p>Luneta t\u00e9rmica del port\u00f3n del maletero de:<br \/>\nLANCIA &#8211; TB DELTA R.86 1.3 \/ 1.5 LX (1986-1992)<br \/>\nLANCIA &#8211; TB DELTA R.86 1600cc (1986-1992)<\/p>\n<p>LA PIEZA ES NUEVA Y ORIGINAL.<\/p>\n","protected":false},"excerpt":{"rendered":"<p>Luneta t\u00e9rmica del port\u00f3n del maletero de: LANCIA &#8211; TB DELTA R.86 1.3 \/ 1.5 LX (1986-1992) LANCIA &#8211; TB DELTA R.86 1600cc (1986-1992) LA PIEZA ES NUEVA Y ORIGINAL.<\/p>\n","protected":false},"featured_media":57816,"template":"","meta":{"_seopress_robots_primary_cat":"","_seopress_titles_title":"","_seopress_titles_desc":"","_seopress_robots_index":""},"product_cat":[118,21],"product_tag":[],"class_list":{"0":"post-3562","1":"product","2":"type-product","3":"status-publish","4":"has-post-thumbnail","6":"product_cat-recambios-lancia-delta","7":"product_cat-recambios-lancia","9":"first","10":"outofstock","11":"taxable","12":"shipping-taxable","13":"purchasable","14":"product-type-simple"},"_links":{"self":[{"href":"https:\/\/galicianparts.com\/shop\/wp-json\/wp\/v2\/product\/3562"}],"collection":[{"href":"https:\/\/galicianparts.com\/shop\/wp-json\/wp\/v2\/product"}],"about":[{"href":"https:\/\/galicianparts.com\/shop\/wp-json\/wp\/v2\/types\/product"}],"wp:featuredmedia":[{"embeddable":true,"href":"https:\/\/galicianparts.com\/shop\/wp-json\/wp\/v2\/media\/57816"}],"wp:attachment":[{"href":"https:\/\/galicianparts.com\/shop\/wp-json\/wp\/v2\/media?parent=3562"}],"wp:term":[{"taxonomy":"product_cat","embeddable":true,"href":"https:\/\/galicianparts.com\/shop\/wp-json\/wp\/v2\/product_cat?post=3562"},{"taxonomy":"product_tag","embeddable":true,"href":"https:\/\/galicianparts.com\/shop\/wp-json\/wp\/v2\/product_tag?post=3562"}],"curies":[{"name":"wp","href":"https:\/\/api.w.org\/{rel}","templated":true}]}}