{"id":35786,"date":"2021-11-10T10:54:24","date_gmt":"2021-11-10T08:54:24","guid":{"rendered":"https:\/\/galicianparts.com\/shop\/producto\/4189199-goma-guia-cristal-puertas-fiat-125-nueva-original\/"},"modified":"2021-11-10T11:04:32","modified_gmt":"2021-11-10T09:04:32","slug":"4189199-goma-guia-cristal-puertas-fiat-125-nueva-original","status":"publish","type":"product","link":"https:\/\/galicianparts.com\/shop\/producto\/4189199-goma-guia-cristal-puertas-fiat-125-nueva-original\/","title":{"rendered":"4189199 Goma gu\u00eda cristal puertas Fiat 125 NUEVA ORIGINAL"},"content":{"rendered":"<p>Perfil de goma de la gu\u00eda trasera del cristal de las ventanillas de las puertas delanteras, y de la gu\u00eda delantera de las puertas traseras de FIAT 125.<\/p>\n<p>LA PIEZA ES NUEVA Y ORIGINAL.<\/p>\n","protected":false},"excerpt":{"rendered":"<p>Perfil de goma de la gu\u00eda trasera del cristal de las ventanillas de las puertas delanteras, y de la gu\u00eda delantera de las puertas traseras de FIAT 125. LA PIEZA ES NUEVA Y ORIGINAL.<\/p>\n","protected":false},"featured_media":35793,"template":"","meta":{"_seopress_robots_primary_cat":"","_seopress_titles_title":"","_seopress_titles_desc":"","_seopress_robots_index":""},"product_cat":[66,20],"product_tag":[],"class_list":{"0":"post-35786","1":"product","2":"type-product","3":"status-publish","4":"has-post-thumbnail","6":"product_cat-recambios-fiat-125","7":"product_cat-recambios-fiat","9":"first","10":"instock","11":"taxable","12":"shipping-taxable","13":"purchasable","14":"product-type-simple"},"_links":{"self":[{"href":"https:\/\/galicianparts.com\/shop\/wp-json\/wp\/v2\/product\/35786"}],"collection":[{"href":"https:\/\/galicianparts.com\/shop\/wp-json\/wp\/v2\/product"}],"about":[{"href":"https:\/\/galicianparts.com\/shop\/wp-json\/wp\/v2\/types\/product"}],"wp:featuredmedia":[{"embeddable":true,"href":"https:\/\/galicianparts.com\/shop\/wp-json\/wp\/v2\/media\/35793"}],"wp:attachment":[{"href":"https:\/\/galicianparts.com\/shop\/wp-json\/wp\/v2\/media?parent=35786"}],"wp:term":[{"taxonomy":"product_cat","embeddable":true,"href":"https:\/\/galicianparts.com\/shop\/wp-json\/wp\/v2\/product_cat?post=35786"},{"taxonomy":"product_tag","embeddable":true,"href":"https:\/\/galicianparts.com\/shop\/wp-json\/wp\/v2\/product_tag?post=35786"}],"curies":[{"name":"wp","href":"https:\/\/api.w.org\/{rel}","templated":true}]}}