{"id":35883,"date":"2021-11-10T14:24:29","date_gmt":"2021-11-10T12:24:29","guid":{"rendered":"https:\/\/galicianparts.com\/shop\/producto\/4111075-reten-62x45x7-ciguenal-fiat-1500-1300-2300\/"},"modified":"2025-04-21T10:28:16","modified_gmt":"2025-04-21T08:28:16","slug":"4111075-reten-62x45x7-ciguenal-fiat-1500-1300-2300","status":"publish","type":"product","link":"https:\/\/galicianparts.com\/shop\/producto\/4111075-reten-62x45x7-ciguenal-fiat-1500-1300-2300\/","title":{"rendered":"4111075 Ret\u00e9n 62x45x7 cig\u00fce\u00f1al Fiat 1500 \/ 1300 \/ 2300"},"content":{"rendered":"<p>Ret\u00e9n 62x45x7 de la tapa del cig\u00fce\u00f1al de:<br \/>\nFiat 1300<br \/>\nFiat 1500 \/ C \/ L<br \/>\nFiat 1500 Cabrio<br \/>\nFiat 2300<\/p>\n<p>LA PIEZA ES NUEVA Y ORIGINAL.<\/p>\n","protected":false},"excerpt":{"rendered":"<p>Ret\u00e9n 62x45x7 de la tapa del cig\u00fce\u00f1al de: Fiat 1300 Fiat 1500 \/ C \/ L Fiat 1500 Cabrio Fiat 2300 LA PIEZA ES NUEVA Y ORIGINAL.<\/p>\n","protected":false},"featured_media":35884,"template":"","meta":{"_seopress_robots_primary_cat":"","_seopress_titles_title":"","_seopress_titles_desc":"","_seopress_robots_index":""},"product_cat":[77,78,172,20],"product_tag":[],"class_list":{"0":"post-35883","1":"product","2":"type-product","3":"status-publish","4":"has-post-thumbnail","6":"product_cat-recambios-fiat-1300","7":"product_cat-recambios-fiat-1500","8":"product_cat-recambios-fiat-2300","9":"product_cat-recambios-fiat","11":"first","12":"instock","13":"taxable","14":"shipping-taxable","15":"purchasable","16":"product-type-simple"},"_links":{"self":[{"href":"https:\/\/galicianparts.com\/shop\/wp-json\/wp\/v2\/product\/35883"}],"collection":[{"href":"https:\/\/galicianparts.com\/shop\/wp-json\/wp\/v2\/product"}],"about":[{"href":"https:\/\/galicianparts.com\/shop\/wp-json\/wp\/v2\/types\/product"}],"wp:featuredmedia":[{"embeddable":true,"href":"https:\/\/galicianparts.com\/shop\/wp-json\/wp\/v2\/media\/35884"}],"wp:attachment":[{"href":"https:\/\/galicianparts.com\/shop\/wp-json\/wp\/v2\/media?parent=35883"}],"wp:term":[{"taxonomy":"product_cat","embeddable":true,"href":"https:\/\/galicianparts.com\/shop\/wp-json\/wp\/v2\/product_cat?post=35883"},{"taxonomy":"product_tag","embeddable":true,"href":"https:\/\/galicianparts.com\/shop\/wp-json\/wp\/v2\/product_tag?post=35883"}],"curies":[{"name":"wp","href":"https:\/\/api.w.org\/{rel}","templated":true}]}}