{"id":35957,"date":"2021-11-11T11:38:48","date_gmt":"2021-11-11T09:38:48","guid":{"rendered":"https:\/\/galicianparts.com\/shop\/producto\/7659784-valvula-presion-aire-admision-lancia-y10-auobianchi-y10-nuevo-original\/"},"modified":"2021-12-16T10:39:38","modified_gmt":"2021-12-16T08:39:38","slug":"7659784-valvula-presion-aire-admision-lancia-y10-auobianchi-y10-nuevo-original","status":"publish","type":"product","link":"https:\/\/galicianparts.com\/shop\/producto\/7659784-valvula-presion-aire-admision-lancia-y10-auobianchi-y10-nuevo-original\/","title":{"rendered":"7659784 V\u00e1lvula presi\u00f3n aire admisi\u00f3n Lancia Y10 \/ Auobianchi Y10 ORIGINAL BOSCH"},"content":{"rendered":"<p>Electrov\u00e1lvula Bosch de presi\u00f3n de aire de la admisi\u00f3n de:<br \/>\nLANCIA &#8211; ZL Y10 FL.89 (1988-1992) 1300 MPI<br \/>\nAUTOBIANCHI &#8211; Y10<\/p>\n<p>LA PIEZA ES NUEVA Y ORIGINAL BOSCH.<\/p>\n","protected":false},"excerpt":{"rendered":"<p>Electrov\u00e1lvula Bosch de presi\u00f3n de aire de la admisi\u00f3n de: LANCIA &#8211; ZL Y10 FL.89 (1988-1992) 1300 MPI AUTOBIANCHI &#8211; Y10 LA PIEZA ES NUEVA Y ORIGINAL BOSCH.<\/p>\n","protected":false},"featured_media":35958,"template":"","meta":{"_seopress_robots_primary_cat":"","_seopress_titles_title":"","_seopress_titles_desc":"","_seopress_robots_index":""},"product_cat":[25,21,64,126],"product_tag":[],"class_list":{"0":"post-35957","1":"product","2":"type-product","3":"status-publish","4":"has-post-thumbnail","6":"product_cat-recambios-autobianchi","7":"product_cat-recambios-lancia","8":"product_cat-recambios-autobianchi-y10","9":"product_cat-recambios-lancia-y10","11":"first","12":"outofstock","13":"taxable","14":"shipping-taxable","15":"purchasable","16":"product-type-simple"},"_links":{"self":[{"href":"https:\/\/galicianparts.com\/shop\/wp-json\/wp\/v2\/product\/35957"}],"collection":[{"href":"https:\/\/galicianparts.com\/shop\/wp-json\/wp\/v2\/product"}],"about":[{"href":"https:\/\/galicianparts.com\/shop\/wp-json\/wp\/v2\/types\/product"}],"wp:featuredmedia":[{"embeddable":true,"href":"https:\/\/galicianparts.com\/shop\/wp-json\/wp\/v2\/media\/35958"}],"wp:attachment":[{"href":"https:\/\/galicianparts.com\/shop\/wp-json\/wp\/v2\/media?parent=35957"}],"wp:term":[{"taxonomy":"product_cat","embeddable":true,"href":"https:\/\/galicianparts.com\/shop\/wp-json\/wp\/v2\/product_cat?post=35957"},{"taxonomy":"product_tag","embeddable":true,"href":"https:\/\/galicianparts.com\/shop\/wp-json\/wp\/v2\/product_tag?post=35957"}],"curies":[{"name":"wp","href":"https:\/\/api.w.org\/{rel}","templated":true}]}}