{"id":36035,"date":"2021-11-11T15:04:01","date_gmt":"2021-11-11T13:04:01","guid":{"rendered":"https:\/\/galicianparts.com\/shop\/producto\/46803379-centralita-abs-fiat-punto-panda-alfa-147-gt-lancia-musa-original-bosch\/"},"modified":"2022-01-27T11:11:43","modified_gmt":"2022-01-27T09:11:43","slug":"46803379-centralita-abs-fiat-punto-panda-alfa-147-gt-lancia-musa-original-bosch","status":"publish","type":"product","link":"https:\/\/galicianparts.com\/shop\/producto\/46803379-centralita-abs-fiat-punto-panda-alfa-147-gt-lancia-musa-original-bosch\/","title":{"rendered":"46803379 Centralita ABS Fiat Punto \/ Panda \/ Alfa 147 \/ GT \/ Lancia Musa ORIGINAL BOSCH"},"content":{"rendered":"<p>ECU Bosch, centralita del ABS de:<br \/>\nFIAT &#8211; 2S IDEA (2006-2008)  CONTROL DIN\u00c1MICO DEL VEH\u00cdCULO<br \/>\nFIAT &#8211; 1F MULTIPLA (1998-2010) CONTROL DIN\u00c1MICO DEL VEH\u00cdCULO<br \/>\nFIAT &#8211; 2Q NUOVA PANDA (2006-2009) CONTROL DIN\u00c1MICO DEL VEH\u00cdCULO \/ ACTUAL \/ ACTIVE \/ DYNAMIC \/ EMOTION \/ CLIMBING\u00a04X2 \/ CROSS\u00a04X2<br \/>\nFIAT &#8211; 2Q NUOVA PANDA (2003-2009) CONTROL DIN\u00c1MICO DEL VEH\u00cdCULO \/ ABARTH \/ ALESSI<br \/>\nFIAT &#8211; 2U PUNTO FL.&#8217;03 (2003-2010) CONTROL DIN\u00c1MICO DEL VEH\u00cdCULO \/ CONDUCCION A\u00a0IZQUIERDA<br \/>\nFIAT &#8211; 2U PUNTO FL.&#8217;03 (2003-2010) CONTROL DIN\u00c1MICO DEL VEH\u00cdCULO \/ CONDUCCION\u00a0A DERECHA<br \/>\nFIAT &#8211; 2C STILO BZ\/DS (2001-2003)<br \/>\nFIAT &#8211; 2V STILO F.L.L. 2003 (2003-2007)<br \/>\nALFA ROMEO &#8211; W8 147 BZ\/DS (2002-2010) CONTROL DIN\u00c1MICO DEL VEH\u00cdCULO<br \/>\nALFA ROMEO &#8211; X1 156 M.Y.2002 BZ\/DS (2001-2005) BN PROGRESSION \/ SW PROGRESSION \/ BN DISTINCTIVE \/ SW DISTINCTIVE<br \/>\nALFA ROMEO &#8211; X1 156 M.Y.2002 BZ\/DS (2001-2005) CONTROL DIN\u00c1MICO DEL VEH\u00cdCULO \/ SEDAN IMPRESSION MY.03 \/ SW\u00a0IMPRESSION\u00a0MY.03 \/ SEDAN PROGRESSION MY.03 \/ SW PROGRESSION MY.03 \/ SEDAN DISTINCTIVE MY.03 \/ SW\u00a0DISTINCTIVE\u00a0MY.03<br \/>\nALFA ROMEO &#8211; W9 166 BZ-DS (2004-2007) CONTROL DIN\u00c1MICO DEL VEH\u00cdCULO \/ SEDAN 98<br \/>\nALFA ROMEO &#8211; W9 166 (2004-2007) CONTROL DIN\u00c1MICO DEL VEH\u00cdCULO \/ FL 03 PROGRESSION \/ 2000 T.S. 16V CF3 \/ 2500 V6 24V CF3 \/ 3000 V6 24V CF3 \/ 3000 V6 24V CF3 C.A. (BRASIL) \/ 3200 V6 24V<br \/>\nALFA ROMEO &#8211; W9 166 (1998-2007) CONTROL DIN\u00c1MICO DEL VEH\u00cdCULO \/ FL 03 DISTINCTIVE \/ 2000 T.S. 16V CF3 \/ 2500 V6 24V CF3 \/ 3000 V6 24V CF3 \/ 3000 V6 24V CF3 C.A. (BRASIL) \/ 3200 V6 24V \/<br \/>\nALFA ROMEO &#8211; W9 166 (1998-2007) CONTROL DIN\u00c1MICO DEL VEH\u00cdCULO \/ FL 03 BASIS \/ 2000 T.S. 16V CF3 \/ 2400\u00a0JTD\u00a0CF3\u00a0150\u00a0CV\/110KW<br \/>\nALFA ROMEO &#8211; W9 166 (1998-2007) CONTROL DIN\u00c1MICO DEL VEH\u00cdCULO \/ 2400\u00a0JTD\u00a0CF3\u00a0150\u00a0CV\/110KW \/ 2400 JTD 20V 175CV\/129KW  C.MEC. \/ 2400 JTD 20V 175CV \/129KW C.AUTOM. \/ 2400 JTD CF3 20V CM 163CV\/122KW MENOR POT. BE \/ 2400 JTD CF3 20V C.A.163CV\/122W MENOR POT. BE \/ 2400 JTD CF4 20V 180CV\/132KW<br \/>\nALFA ROMEO &#8211; X2 GT (2003-2010) 1800 TS \/ 2000 JTS \/ 2000 JTS BELGIUM \/ 1910\u00a0JTD\u00a016V\u00a0CF3\u00a0150CV\/110KW \/ 1910 JTD 16V CF4 110 KW 150HP \/ 1910\u00a0JTD\u00a0CF4\u00a016V\u00a0170CV\/125KW\u00a0POT.<br \/>\nALFA ROMEO &#8211; X2 GT (2003-2010) 3200 6V<br \/>\nLANCIA &#8211; TG MUSA (2004-2007) CONTROL DIN\u00c1MICO DEL VEH\u00cdCULO<\/p>\n<p>LA PIEZA ES NUEVA Y ORIGINAL BOSCH.<\/p>\n","protected":false},"excerpt":{"rendered":"<p>ECU Bosch, centralita del ABS de: FIAT &#8211; 2S IDEA (2006-2008) CONTROL DIN\u00c1MICO DEL VEH\u00cdCULO FIAT &#8211; 1F MULTIPLA (1998-2010) CONTROL DIN\u00c1MICO DEL VEH\u00cdCULO FIAT &#8211; 2Q NUOVA PANDA (2006-2009) CONTROL DIN\u00c1MICO DEL VEH\u00cdCULO \/ ACTUAL \/ ACTIVE \/ DYNAMIC \/ EMOTION \/ CLIMBING\u00a04X2 \/ CROSS\u00a04X2 FIAT &#8211; 2Q NUOVA PANDA (2003-2009) CONTROL DIN\u00c1MICO DEL [&hellip;]<\/p>\n","protected":false},"featured_media":36036,"template":"","meta":{"_seopress_robots_primary_cat":"","_seopress_titles_title":"","_seopress_titles_desc":"","_seopress_robots_index":""},"product_cat":[44,49,57,16,20,50,93,21,96,121,99,101,108],"product_tag":[],"class_list":{"0":"post-36035","1":"product","2":"type-product","3":"status-publish","4":"has-post-thumbnail","6":"product_cat-recambios-alfa-romeo-147","7":"product_cat-recambios-alfa-romeo-156","8":"product_cat-recambios-alfa-romeo-166","9":"product_cat-recambios-alfa-romeo","10":"product_cat-recambios-fiat","11":"product_cat-recambios-alfa-romeo-gt","12":"product_cat-recambios-fiat-idea","13":"product_cat-recambios-lancia","14":"product_cat-recambios-fiat-multipla","15":"product_cat-recambios-lancia-musa","16":"product_cat-recambios-fiat-panda","17":"product_cat-recambios-fiat-punto","18":"product_cat-recambios-fiat-stilo","20":"first","21":"outofstock","22":"taxable","23":"shipping-taxable","24":"purchasable","25":"product-type-simple"},"_links":{"self":[{"href":"https:\/\/galicianparts.com\/shop\/wp-json\/wp\/v2\/product\/36035"}],"collection":[{"href":"https:\/\/galicianparts.com\/shop\/wp-json\/wp\/v2\/product"}],"about":[{"href":"https:\/\/galicianparts.com\/shop\/wp-json\/wp\/v2\/types\/product"}],"wp:featuredmedia":[{"embeddable":true,"href":"https:\/\/galicianparts.com\/shop\/wp-json\/wp\/v2\/media\/36036"}],"wp:attachment":[{"href":"https:\/\/galicianparts.com\/shop\/wp-json\/wp\/v2\/media?parent=36035"}],"wp:term":[{"taxonomy":"product_cat","embeddable":true,"href":"https:\/\/galicianparts.com\/shop\/wp-json\/wp\/v2\/product_cat?post=36035"},{"taxonomy":"product_tag","embeddable":true,"href":"https:\/\/galicianparts.com\/shop\/wp-json\/wp\/v2\/product_tag?post=36035"}],"curies":[{"name":"wp","href":"https:\/\/api.w.org\/{rel}","templated":true}]}}