{"id":36068,"date":"2021-11-12T10:12:23","date_gmt":"2021-11-12T08:12:23","guid":{"rendered":"https:\/\/galicianparts.com\/shop\/producto\/5888544-kit-pastillas-freno-delantero-lancia-beta-trevi-original\/"},"modified":"2025-04-21T18:22:21","modified_gmt":"2025-04-21T16:22:21","slug":"5888544-kit-pastillas-freno-delantero-lancia-beta-trevi-original","status":"publish","type":"product","link":"https:\/\/galicianparts.com\/shop\/producto\/5888544-kit-pastillas-freno-delantero-lancia-beta-trevi-original\/","title":{"rendered":"5888544 Kit pastillas freno delantero Lancia Beta \/ Trevi ORIGINAL"},"content":{"rendered":"<p>Set, juego de pastillas de freno del tren delantero de:<br \/>\nLANCIA Beta H.P.E. (828) (A\u00f1o 05.1976 &#8211; 09.1984)<br \/>\n1.6, A\u00f1o 08.1980 &#8211; 09.1984, 1585 , 101<br \/>\n2.0, A\u00f1o 04.1979 &#8211; 09.1984, 1995 , 116<br \/>\n2.0, A\u00f1o 05.1976 &#8211; 05.1978, 1995 , 120<br \/>\n2.0 i.e., A\u00f1o 05.1981 &#8211; 09.1984, 1995 , 122<br \/>\n2.0 Volumex, A\u00f1o 07.1983 &#8211; 09.1984, 1995 , 135<br \/>\nLANCIA Trevi (828) (A\u00f1o 05.1980 &#8211; 01.1987)<br \/>\n1.6, A\u00f1o 05.1980 &#8211; 01.1987, 1585 , 100<br \/>\nLANCIA Beta Coup\u00e9 (828) (A\u00f1o 09.1974 &#8211; 12.1984)<br \/>\n1.4 1300, A\u00f1o 12.1981 &#8211; 12.1984, 1367 , 84<br \/>\n1.6, A\u00f1o 04.1976 &#8211; 12.1984, 1585 , 101<br \/>\n2.0, A\u00f1o 04.1976 &#8211; 12.1984, 1995 , 120<br \/>\n2.0, A\u00f1o 01.1981 &#8211; 12.1984, 1991 , 116<br \/>\n2.0 i.e., A\u00f1o 12.1981 &#8211; 12.1984, 1991 , 122<br \/>\n2.0 VX, A\u00f1o 07.1983 &#8211; 12.1984, 1995 , 135<br \/>\nLANCIA Beta Spider (828) (A\u00f1o 05.1976 &#8211; 10.1986)<br \/>\n1.6, A\u00f1o 05.1976 &#8211; 10.1986, 1585 , 100<br \/>\n2.0, A\u00f1o 04.1979 &#8211; 10.1986, 1995 , 116<br \/>\n2.0, A\u00f1o 05.1976 &#8211; 11.1979, 1995 , 120<br \/>\nLANCIA Beta Hatchback (828) (A\u00f1o 08.1973 &#8211; 07.1982)<br \/>\n1.3, A\u00f1o 04.1976 &#8211; 07.1982, 1297 , 83<br \/>\n1.6, A\u00f1o 08.1973 &#8211; 07.1982, 1585 , 101<br \/>\n2.0, A\u00f1o 07.1978 &#8211; 07.1982, 1995 , 115<br \/>\n2.0, A\u00f1o 04.1976 &#8211; 07.1978, 1995 , 120<br \/>\nLANCIA Beta Berlina (828_) (A\u00f1o 09.1975 &#8211; 10.1986)<br \/>\n1.6, A\u00f1o 01.1981 &#8211; 10.1986, 1585 , 100<\/p>\n<p>LA PIEZA ES NUEVA Y ORIGINAL.<\/p>\n","protected":false},"excerpt":{"rendered":"<p>Set, juego de pastillas de freno del tren delantero de: LANCIA Beta H.P.E. (828) (A\u00f1o 05.1976 &#8211; 09.1984) 1.6, A\u00f1o 08.1980 &#8211; 09.1984, 1585 , 101 2.0, A\u00f1o 04.1979 &#8211; 09.1984, 1995 , 116 2.0, A\u00f1o 05.1976 &#8211; 05.1978, 1995 , 120 2.0 i.e., A\u00f1o 05.1981 &#8211; 09.1984, 1995 , 122 2.0 Volumex, A\u00f1o 07.1983 [&hellip;]<\/p>\n","protected":false},"featured_media":36069,"template":"","meta":{"_seopress_robots_primary_cat":"","_seopress_titles_title":"","_seopress_titles_desc":"","_seopress_robots_index":""},"product_cat":[116,21,225],"product_tag":[],"class_list":{"0":"post-36068","1":"product","2":"type-product","3":"status-publish","4":"has-post-thumbnail","6":"product_cat-recambios-lancia-beta","7":"product_cat-recambios-lancia","8":"product_cat-recambios-lancia-trevi","10":"first","11":"outofstock","12":"taxable","13":"shipping-taxable","14":"purchasable","15":"product-type-simple"},"_links":{"self":[{"href":"https:\/\/galicianparts.com\/shop\/wp-json\/wp\/v2\/product\/36068"}],"collection":[{"href":"https:\/\/galicianparts.com\/shop\/wp-json\/wp\/v2\/product"}],"about":[{"href":"https:\/\/galicianparts.com\/shop\/wp-json\/wp\/v2\/types\/product"}],"wp:featuredmedia":[{"embeddable":true,"href":"https:\/\/galicianparts.com\/shop\/wp-json\/wp\/v2\/media\/36069"}],"wp:attachment":[{"href":"https:\/\/galicianparts.com\/shop\/wp-json\/wp\/v2\/media?parent=36068"}],"wp:term":[{"taxonomy":"product_cat","embeddable":true,"href":"https:\/\/galicianparts.com\/shop\/wp-json\/wp\/v2\/product_cat?post=36068"},{"taxonomy":"product_tag","embeddable":true,"href":"https:\/\/galicianparts.com\/shop\/wp-json\/wp\/v2\/product_tag?post=36068"}],"curies":[{"name":"wp","href":"https:\/\/api.w.org\/{rel}","templated":true}]}}