{"id":36127,"date":"2021-11-12T13:01:18","date_gmt":"2021-11-12T11:01:18","guid":{"rendered":"https:\/\/galicianparts.com\/shop\/producto\/92517502-cerradura-izq-porton-trasero-fiat-tempra-sw-1989-1996-nuevo-original\/"},"modified":"2021-11-17T12:54:12","modified_gmt":"2021-11-17T10:54:12","slug":"92517502-cerradura-izq-porton-trasero-fiat-tempra-sw-1989-1996-nuevo-original","status":"publish","type":"product","link":"https:\/\/galicianparts.com\/shop\/producto\/92517502-cerradura-izq-porton-trasero-fiat-tempra-sw-1989-1996-nuevo-original\/","title":{"rendered":"92517502 Cerradura izq. port\u00f3n trasero Fiat Tempra SW (1989-1996) NUEVO ORIGINAL"},"content":{"rendered":"<p>Mecanismo el\u00e9ctrico de la cerradura izquierda del port\u00f3n del maletero de:<br \/>\nFIAT &#8211; MV TEMPRA 1370-1580 (1989-1993) S.W. SX-SRX \/ BLOCAPUERTAS EL\u00c9CTRICO<br \/>\nFIAT &#8211; MW TEMPRA 1750-2000 (1989-1993) S.W.SX-SLX \/ S.W. 4X4 \/ BLOCAPUERTAS EL\u00c9CTRICO CON S.W.BASICAS<br \/>\nFIAT &#8211; MX TEMPRA DIESEL-TURBO D.(1989-1993) BLOCAPUERTAS EL\u00c9CTRICO \/ S.W. \/ S.W.T.DS-T.DSE \/ MARENGO<br \/>\nFIAT &#8211; NY TEMPRA MAQ.93 1370-1580 (&#8217;93-&#8217;96) BLOCAPUERTAS EL\u00c9CTRICO \/ ANTIRROBO \/ S.W.\u00bbL\u00bb \/ S.W.\u00bbS\u00bb \/ S.W.\u00bbSX\u00bb \/ S.W.\u00bbSLX\u00bb<br \/>\nFIAT &#8211; NZ TEMPRA MAQ.93 1750-2000 (&#8217;93-&#8217;96) S.W.4X2 \u00abSX\u00bb \/ S.W.4X2 \u00abSLX\u00bb \/ S.W.4X4 SX \/ S.W. 4X4 SLX<br \/>\nFIAT &#8211; NJ TEMPRA MQ.93 D-TD (1993-1996) BLOCAPUERTAS EL\u00c9CTRICO \/ ANTIRROBO \/ S.W.\u00bbS\u00bb \/ S.W.\u00bbSX\u00bb \/ S.W.\u00bbSLX\u00bb \/ \u00abMARENGO\u00bb<\/p>\n<p>LA PIEZA ES NUEVA Y ORIGINAL.<\/p>\n","protected":false},"excerpt":{"rendered":"<p>Mecanismo el\u00e9ctrico de la cerradura izquierda del port\u00f3n del maletero de: FIAT &#8211; MV TEMPRA 1370-1580 (1989-1993) S.W. SX-SRX \/ BLOCAPUERTAS EL\u00c9CTRICO FIAT &#8211; MW TEMPRA 1750-2000 (1989-1993) S.W.SX-SLX \/ S.W. 4X4 \/ BLOCAPUERTAS EL\u00c9CTRICO CON S.W.BASICAS FIAT &#8211; MX TEMPRA DIESEL-TURBO D.(1989-1993) BLOCAPUERTAS EL\u00c9CTRICO \/ S.W. \/ S.W.T.DS-T.DSE \/ MARENGO FIAT &#8211; NY TEMPRA [&hellip;]<\/p>\n","protected":false},"featured_media":36128,"template":"","meta":{"_seopress_robots_primary_cat":"","_seopress_titles_title":"","_seopress_titles_desc":"","_seopress_robots_index":""},"product_cat":[20,111],"product_tag":[],"class_list":{"0":"post-36127","1":"product","2":"type-product","3":"status-publish","4":"has-post-thumbnail","6":"product_cat-recambios-fiat","7":"product_cat-recambios-fiat-tempra","9":"first","10":"instock","11":"taxable","12":"shipping-taxable","13":"purchasable","14":"product-type-simple"},"_links":{"self":[{"href":"https:\/\/galicianparts.com\/shop\/wp-json\/wp\/v2\/product\/36127"}],"collection":[{"href":"https:\/\/galicianparts.com\/shop\/wp-json\/wp\/v2\/product"}],"about":[{"href":"https:\/\/galicianparts.com\/shop\/wp-json\/wp\/v2\/types\/product"}],"wp:featuredmedia":[{"embeddable":true,"href":"https:\/\/galicianparts.com\/shop\/wp-json\/wp\/v2\/media\/36128"}],"wp:attachment":[{"href":"https:\/\/galicianparts.com\/shop\/wp-json\/wp\/v2\/media?parent=36127"}],"wp:term":[{"taxonomy":"product_cat","embeddable":true,"href":"https:\/\/galicianparts.com\/shop\/wp-json\/wp\/v2\/product_cat?post=36127"},{"taxonomy":"product_tag","embeddable":true,"href":"https:\/\/galicianparts.com\/shop\/wp-json\/wp\/v2\/product_tag?post=36127"}],"curies":[{"name":"wp","href":"https:\/\/api.w.org\/{rel}","templated":true}]}}