{"id":36311,"date":"2021-11-16T13:14:08","date_gmt":"2021-11-16T11:14:08","guid":{"rendered":"https:\/\/galicianparts.com\/shop\/producto\/9618900980-carter-fiat-scudo-ulysse-peugeot-205-gti-partner-citroen-nuevo-original\/"},"modified":"2023-11-08T21:52:37","modified_gmt":"2023-11-08T19:52:37","slug":"9618900980-carter-fiat-scudo-ulysse-peugeot-205-gti-partner-citroen-nuevo-original","status":"publish","type":"product","link":"https:\/\/galicianparts.com\/shop\/producto\/9618900980-carter-fiat-scudo-ulysse-peugeot-205-gti-partner-citroen-nuevo-original\/","title":{"rendered":"9618900980 Carter Fiat Scudo \/ Ulysse \/ Peugeot 205 GTI \/ Partner \/ Citroen NUEVO ORIGINAL"},"content":{"rendered":"<p>Tapa del c\u00e1rter de aceite de:<br \/>\nFIAT &#8211; PG ULYSSE (1994-2002) 1905 T.D.EM.08 \/ 1905 T.D.USA 87 \/ 1905 T.D. CEE FASE 2<br \/>\nFIAT &#8211; PG ULYSSE (1994-2002) 1750 I.E. CEE FASE 2<br \/>\nFIAT PROFESSIONAL &#8211; PL SCUDO (1995-2004) 1905 DS \/ 1905 TURBO DS EM.09 \/ 1905 TURBO DS CEE FASE 2<br \/>\nCITRO\u00cbN Xantia (X1, X2) (1993-1999) 1.9 SD,  1905 , 75 1.9 Turbo D, 1905 , 90<br \/>\nCITRO\u00cbN Jumpy I MPV (1994-2006) 1.9 D, 1905 , 69<br \/>\nCITRO\u00cbN Berlingo \/ Berlingo First I (1996-2011) 1.8 D, 1769 , 59 1.9 D, 1905 , 70 1.9 D 70, 1868 , 69 1.9 D 70 4WD, 1868 , 69 2.0 HDI 90, 1997 , 90 2.0 HDI 90 4WD, 1997 , 90<br \/>\nCITRO\u00cbN Xsara (1997-2005) 1.8 D, 1769 , 58 1.9 D, 1905 , 68 1.9 D, 1868 , 70 1.9 SD, 1905 , 75 1.9 TD, 1905 , 90 2.0 HDi 90, 1997 , 90<br \/>\nCITRO\u00cbN Xantia Hatchback (X2) (1998-2003) 2.0 HDI 109, 1997 , 109 2.0 HDI 90, 1997 , 90<br \/>\nCITRO\u00cbN Xsara Coup\u00e9 (N0) (1998-2005) 1.9 D, 1905 , 68 1.9 D, 1868 , 70 1.9 D, 1905 , 75 1.9 TD, 1905 , 90 2.0 HDI 90, 1997 , 90<br \/>\nCITRO\u00cbN Xsara Picasso (N68) (1999-2012) 2.0 HDi, 1997 , 90<br \/>\nCITRO\u00cbN Jumpy I Furg\u00f3n (1994-2006) 1.9 D, 1905 , 69<br \/>\nCITRO\u00cbN Xsara Furg\u00f3n (1998-2005) 1.8 D, 1769 , 58 1.9 D, 1868 , 69 2.0 HDi, 1997 , 90<br \/>\nCITRO\u00cbN Xantia Furg\u00f3n \/ Familiar (X2) (1998-2003) 2.0 HDi, 1997 , 90<br \/>\nPEUGEOT 806 (1994-2002) 1.9 TD, 1905 , 90 1.9 TD, 1905 , 92<br \/>\nPEUGEOT 205 I Hatchback (1983-1987) 1.6, 1580 , 72 1,6 (B1A (XU51C)), 1580 , 75 1.6 GTI, 1580 , 103 1.6 GTI, 1580 , 105 1.9 GTI, 1905 , 102 1.9 GTI, 1905 , 128<br \/>\nPEUGEOT 205 Cabrio (1986-1995) 1.6, 1580 , 116 1.6 CJ, 1580 , 88 1.6 CTI, 1580 , 103 1.9 CTi, 1905 , 101 1.9 CTI, 1905 , 102 1.9 CTi, 1905 , 125<br \/>\nPEUGEOT 205 II Hatchback (1987-2000) 1.6, 1580 , 72 1.6, 1580 , 75 1.6, 1580 , 90<br \/>\n1.6 Aut., 1580 , 88 1.6 GTI, 1580 , 103 1.7 Di\u00e9sel, 1769 , 60 1.8 TD, 1769 , 78 1.8 XDT, 1769 , 79 1.9 Di\u00e9sel, 1905 , 64 1.9 Di\u00e9sel, 1905 , 69 1.9 GTI, 1905 , 102 1.9 GTI, 1905 , 120 1.9 GTI, 1905 , 128 1.9 GTI CAT, 1905 , 102<br \/>\nPEUGEOT 306 Hatchback (1993-2003) 1.8 D, 1769 , 58 1.8 D, 1769 , 60 1.9 D, 1868 , 69 1.9 D, 1905 , 69 1.9 D, 1868 , 71 1.9 D, 1905 , 94 1.9 DT, 1905 , 90 2.0 HDI 90, 1997 , 90<br \/>\nPEUGEOT 306 Berlina (1993-2003) 1.8 D, 1769 , 60 1.9 D, 1868 , 69 1.9 D, 1905 , 94 1.9 SRDT, 1905 , 90 1.9 STD, 1905 , 69 2.0 HDI 90, 1997 , 90<br \/>\nPEUGEOT 406 Berlina (1995-2005) 1.9 TD, 1905 , 90 1.9 TD, 1905 , 92 1.9 TD, 1905 , 94<br \/>\nPEUGEOT Expert I (224) (1995-2006) 1.9 D, 1905 , 70 n1.9 TD, 1905 , 90 1.9 TD, 1905 , 92<br \/>\nPEUGEOT 406 Familiar (1996-2004) 1.9 TD, 1905 , 90<br \/>\nPEUGEOT Partner I Furg\u00f3n (1996-2015) 1.8 D, 1769 , 58 1.8 D, 1769 , 60 1.9 D, 1868 , 69 1.9 D 4&#215;4, 1868 , 69 2.0 HDi, 2008, 1997 , 90 2.0 HDi 4&#215;4, 1997 , 90<br \/>\nPEUGEOT Partner I Combispace (1996-2015) 1.9 D, 1868 , 69 1.9 D, 1905 , 69 1.9 D 4&#215;4, 1868 , 69 2.0 HDI, 1997 , 90 2.0 HDi 4&#215;4, 1997 , 90<br \/>\nPEUGEOT Expert I (1995-2006) 1.9 D, 1905 , 70 1.9 TD, 1905 , 90 1.9 TD, 1905 , 92<br \/>\nPEUGEOT 306 Familiar (1994-2002) 1.8 D, 1769 , 60 1.9 D, 1868 , 69 1.9 TD, 1905 , 90 2.0 HDI 90, 1997 , 90<br \/>\nPEUGEOT 205 F Furg\u00f3n (1994-1997) 1.7 Di\u00e9sel, 1769 , 60 1.8 DT, 1769 , 79<br \/>\nPEUGEOT 306 Furg\u00f3n \/ Familiar (1993-2002) 1.8 D, 1769 , 60 1.9 D, 1905 , 68 1.9 D, 1868 , 69 1.9 D, 1905 , 94 1.9 STD, 1905 , 69 2.0 HDi, 1997 , 90<br \/>\nPEUGEOT Partner I Cami\u00f3n de plataforma\/Chasis (1999-2008) 1.9 D, 1868 , 69<br \/>\nPEUGEOT 306 Furg\u00f3n \/ Hatchback (1993-2001) 1.8 D, 1769 , 60 1.9 D, 1868 , 69<\/p>\n<p>LA PIEZA ES NUEVA Y ORIGINAL.<\/p>\n","protected":false},"excerpt":{"rendered":"<p>Tapa del c\u00e1rter de aceite de: FIAT &#8211; PG ULYSSE (1994-2002) 1905 T.D.EM.08 \/ 1905 T.D.USA 87 \/ 1905 T.D. CEE FASE 2 FIAT &#8211; PG ULYSSE (1994-2002) 1750 I.E. CEE FASE 2 FIAT PROFESSIONAL &#8211; PL SCUDO (1995-2004) 1905 DS \/ 1905 TURBO DS EM.09 \/ 1905 TURBO DS CEE FASE 2 CITRO\u00cbN Xantia [&hellip;]<\/p>\n","protected":false},"featured_media":36312,"template":"","meta":{"_seopress_robots_primary_cat":"","_seopress_titles_title":"","_seopress_titles_desc":"","_seopress_robots_index":""},"product_cat":[235,147,151,189,129,23,156,20,138,158,24,104,113,141,143],"product_tag":[],"class_list":{"0":"post-36311","1":"product","2":"type-product","3":"status-publish","4":"has-post-thumbnail","6":"product_cat-recambios-peugeot-205","7":"product_cat-recambios-peugeot-306","8":"product_cat-recambios-peugeot-406","9":"product_cat-recambios-peugeot-806","10":"product_cat-recambios-citroen-berlingo","11":"product_cat-recambios-citroen","12":"product_cat-recambios-peugeot-expert","13":"product_cat-recambios-fiat","14":"product_cat-recambios-citroen-jumpy","15":"product_cat-recambios-peugeot-partner","16":"product_cat-recambios-peugeot","17":"product_cat-recambios-fiat-scudo","18":"product_cat-recambios-fiat-ulysse","19":"product_cat-recambios-citroen-xantia","20":"product_cat-recambios-citroen-xsara","22":"first","23":"outofstock","24":"taxable","25":"shipping-taxable","26":"purchasable","27":"product-type-simple"},"_links":{"self":[{"href":"https:\/\/galicianparts.com\/shop\/wp-json\/wp\/v2\/product\/36311"}],"collection":[{"href":"https:\/\/galicianparts.com\/shop\/wp-json\/wp\/v2\/product"}],"about":[{"href":"https:\/\/galicianparts.com\/shop\/wp-json\/wp\/v2\/types\/product"}],"wp:featuredmedia":[{"embeddable":true,"href":"https:\/\/galicianparts.com\/shop\/wp-json\/wp\/v2\/media\/36312"}],"wp:attachment":[{"href":"https:\/\/galicianparts.com\/shop\/wp-json\/wp\/v2\/media?parent=36311"}],"wp:term":[{"taxonomy":"product_cat","embeddable":true,"href":"https:\/\/galicianparts.com\/shop\/wp-json\/wp\/v2\/product_cat?post=36311"},{"taxonomy":"product_tag","embeddable":true,"href":"https:\/\/galicianparts.com\/shop\/wp-json\/wp\/v2\/product_tag?post=36311"}],"curies":[{"name":"wp","href":"https:\/\/api.w.org\/{rel}","templated":true}]}}