{"id":36394,"date":"2021-11-17T11:45:05","date_gmt":"2021-11-17T09:45:05","guid":{"rendered":"https:\/\/galicianparts.com\/shop\/producto\/9631136780-tornillo-taco-motor-m8-fiat-ducato-scudo-ulysse-lancia-citroen-peugeot-nuevo-original\/"},"modified":"2026-01-28T13:52:47","modified_gmt":"2026-01-28T11:52:47","slug":"9631136780-tornillo-taco-motor-m8-fiat-ducato-scudo-ulysse-lancia-citroen-peugeot-nuevo-original","status":"publish","type":"product","link":"https:\/\/galicianparts.com\/shop\/producto\/9631136780-tornillo-taco-motor-m8-fiat-ducato-scudo-ulysse-lancia-citroen-peugeot-nuevo-original\/","title":{"rendered":"9631136780 Tornillo taco motor M8 Fiat Ducato \/Scudo \/Ulysse \/Lancia \/Citroen \/Peugeot NUEVO ORIGINAL"},"content":{"rendered":"<p>Tornillo del soporte del motor de:<br \/>\nM\u00e9trica: 8mm<br \/>\nDi\u00e1metro v\u00e1stago: 14mm<br \/>\nLargo: 90mm<\/p>\n<p>FIAT &#8211; 2F NUOVO ULYSSE (2001-2010) 2000 JTD 16V \/ 2000 JTD 16 V CON INSTALACION FAP \/ 2200 JTD 16V<br \/>\nFIAT &#8211; PG ULYSSE (1994-2002) 2000 JTD 8V CF2<br \/>\nFIAT &#8211; PG ULYSSE (1994-2002) 2000 JTD 16V CF3<br \/>\nLANCIA &#8211; SK \u00abZ\u00bb (1994-2002) 2000 JTD 8V CF2<br \/>\nLANCIA &#8211; SK \u00abZ\u00bb (1994-2002) 2000 JTD 16V CF3<br \/>\nLANCIA &#8211; TC PHEDRA (2001-2010) 2000 JTD 16V \/ 2000 JTD 16V CON INSTALACI\u00d3N FAP \/ 2200 JTD 16V<br \/>\nFIAT PROFESSIONAL &#8211; 2E DUCATO RESTYL. BZ\/DS (2001-2006) 2000 JTD DW 10<br \/>\nFIAT PROFESSIONAL &#8211; PE DUCATO&#8217;94 DIESEL (1994-2002) 2000 JTD EGR<br \/>\nFIAT PROFESSIONAL &#8211; PL SCUDO (1995-2004) 1867 DS CF2<br \/>\nFIAT PROFESSIONAL &#8211; PL SCUDO (1995-2004) 1867 DS CF2 \/ 1867 DS CF3<br \/>\nFIAT PROFESSIONAL &#8211; PL SCUDO (1995-2004) 2000 JTD 110CV 8V CF2 \/ 2000 JTD 95CV 8V CF2 \/ 2000 JTD 110CV 8V CF3 \/ 2000 JTD 95CV 8V CF3<br \/>\nFIAT PROFESSIONAL &#8211; PL SCUDO (1995-2004) 2000 JTD 110CV 16V CF3<br \/>\nFIAT PROFESSIONAL &#8211; 2X SCUDO FL.2004 (2004-2006) 1867 DS CF3<br \/>\nFIAT PROFESSIONAL &#8211; 2X SCUDO FL.2004 (2004-2006) 2000 JTD 110CV 8V CF3 \/ 2000 JTD 95CV 8V CF3<br \/>\nFIAT PROFESSIONAL &#8211; 2X SCUDO FL.2004 (2004-2006) 2000 JTD 110CV 16V CF3<br \/>\nCITROEN &#8211; JUMPER<br \/>\nCITROEN &#8211; JUMPY<br \/>\nPEUGEOT &#8211; BOXER<br \/>\nPEUGEOT &#8211; EXPERT<\/p>\n<p>LA PIEZA ES NUEVA Y ORIGINAL.<\/p>\n","protected":false},"excerpt":{"rendered":"<p>Tornillo del soporte del motor de: M\u00e9trica: 8mm Di\u00e1metro v\u00e1stago: 14mm Largo: 90mm FIAT &#8211; 2F NUOVO ULYSSE (2001-2010) 2000 JTD 16V \/ 2000 JTD 16 V CON INSTALACION FAP \/ 2200 JTD 16V FIAT &#8211; PG ULYSSE (1994-2002) 2000 JTD 8V CF2 FIAT &#8211; PG ULYSSE (1994-2002) 2000 JTD 16V CF3 LANCIA &#8211; SK [&hellip;]<\/p>\n","protected":false},"featured_media":36395,"template":"","meta":{"_seopress_robots_primary_cat":"","_seopress_titles_title":"","_seopress_titles_desc":"","_seopress_robots_index":""},"product_cat":[155,23,88,156,20,137,138,21,24,122,104,113],"product_tag":[],"class_list":{"0":"post-36394","1":"product","2":"type-product","3":"status-publish","4":"has-post-thumbnail","6":"product_cat-recambios-peugeot-boxer","7":"product_cat-recambios-citroen","8":"product_cat-recambios-fiat-ducato","9":"product_cat-recambios-peugeot-expert","10":"product_cat-recambios-fiat","11":"product_cat-recambios-citroen-jumper","12":"product_cat-recambios-citroen-jumpy","13":"product_cat-recambios-lancia","14":"product_cat-recambios-peugeot","15":"product_cat-recambios-lancia-phedra","16":"product_cat-recambios-fiat-scudo","17":"product_cat-recambios-fiat-ulysse","19":"first","20":"instock","21":"taxable","22":"shipping-taxable","23":"purchasable","24":"product-type-simple"},"_links":{"self":[{"href":"https:\/\/galicianparts.com\/shop\/wp-json\/wp\/v2\/product\/36394"}],"collection":[{"href":"https:\/\/galicianparts.com\/shop\/wp-json\/wp\/v2\/product"}],"about":[{"href":"https:\/\/galicianparts.com\/shop\/wp-json\/wp\/v2\/types\/product"}],"wp:featuredmedia":[{"embeddable":true,"href":"https:\/\/galicianparts.com\/shop\/wp-json\/wp\/v2\/media\/36395"}],"wp:attachment":[{"href":"https:\/\/galicianparts.com\/shop\/wp-json\/wp\/v2\/media?parent=36394"}],"wp:term":[{"taxonomy":"product_cat","embeddable":true,"href":"https:\/\/galicianparts.com\/shop\/wp-json\/wp\/v2\/product_cat?post=36394"},{"taxonomy":"product_tag","embeddable":true,"href":"https:\/\/galicianparts.com\/shop\/wp-json\/wp\/v2\/product_tag?post=36394"}],"curies":[{"name":"wp","href":"https:\/\/api.w.org\/{rel}","templated":true}]}}