{"id":36401,"date":"2021-11-17T12:18:02","date_gmt":"2021-11-17T10:18:02","guid":{"rendered":"https:\/\/galicianparts.com\/shop\/producto\/7617436-separador-pinon-marcha-atras-lancia-delta-hf-turbo-fiat-punto-gt-alfa-romeo-nuevo-original\/"},"modified":"2021-11-17T12:40:18","modified_gmt":"2021-11-17T10:40:18","slug":"7617436-separador-pinon-marcha-atras-lancia-delta-hf-turbo-fiat-punto-gt-alfa-romeo-nuevo-original","status":"publish","type":"product","link":"https:\/\/galicianparts.com\/shop\/producto\/7617436-separador-pinon-marcha-atras-lancia-delta-hf-turbo-fiat-punto-gt-alfa-romeo-nuevo-original\/","title":{"rendered":"7617436 Separador pi\u00f1\u00f3n marcha atr\u00e1s Lancia Delta HF Turbo \/ Fiat Punto GT \/ Alfa Romeo NUEVO ORIGINAL"},"content":{"rendered":"<p>Separador pi\u00f1\u00f3n marcha atr\u00e1s del cambio de:<br \/>\nFIAT &#8211; PK BARCHETTA (1995-2004)<br \/>\nFIAT &#8211; 1V BRAVA (1995-1998) 1580 MPI 16V 103CV \/ 1580 MPI 16V 90CV \/ 1580 MPI 16V EM 04 \/ 1370 SPI 12V 80CV \/ SPECIFIC GEAR TYPE M38<br \/>\nFIAT &#8211; 1V BRAVA BZ\/DS (1995-1998) 1800 MPI 16V \/ 1930 DS EM 08 \/ 1910 TB\/DS 100CV \/ 1910 TB\/DS 75CV<br \/>\nFIAT &#8211; 1M BRAVA G.98 (1998-2001) 1600 16V \/ 1600 16V EM.04 \/ 1600 16V CF3<br \/>\nFIAT &#8211; 1M BRAVA G.98 (1998-2001) 1800 16V<br \/>\nFIAT &#8211; 1M BRAVA G.98 (1998-2001) 1910 TD (75 CV) \/ 1910 TD (100 CV) \/ 1910 JTD (105 CV) \/ 1910 JTD CF3<br \/>\nFIAT &#8211; 1U BRAVO (1995-1998) 1580 MPI 16V 103CV \/ 1580 MPI 16V 90CV \/ 1370 SPI 12V 80CV \/ SPECIFIC GEAR TYPE M38<br \/>\nFIAT &#8211; 1U BRAVO BZ\/DS (1995-1998) 1800 16V \/ 2000 20V \/ 1930 DS EM 08-65CV \/ 1910 TB\/DS 100CV \/ 1910 TB\/DS 75CV<br \/>\nFIAT &#8211; 1L BRAVO G.98 (1998-2001) 1600 16V \/ 1600 16V \u00abSX\u00bb(RICONVERTITA) \/ 1600 16V CF3<br \/>\nFIAT &#8211; 1L BRAVO G.98 (1998-2001) 1800 16V \/ 2000 20V<br \/>\nFIAT &#8211; 1L BRAVO G.98 (1998-2001) 1910 TD (75 CV) \/ 1910 TD (100 CV) \/ 1910 JTD CF2 (105 CV) \/ 1910 JTD CF3<br \/>\nFIAT &#8211; PC COUPE&#8217; (1994-1996) 2000 ASPIRATO \/ 2000 ASP.(BRASILE)<br \/>\nFIAT &#8211; PC COUPE&#8217; (1994-1996) 1750 16V CEE F2<br \/>\nFIAT &#8211; PX COUPE&#8217; GAMMA&#8217;96 (1996-2000) 1750 16V \/ 1750 MY 99<br \/>\nFIAT &#8211; PX COUPE&#8217; GAMMA&#8217;96 (1996-2000) 2000 20V \/ 2000 MY 99<br \/>\nFIAT &#8211; XP ELBA CSL (1991-1996) 1372 SPI USA&#8217;83 (MONOJETRONIC) \/ 1580 SPI USA&#8217;83 (MONOJETRONIC) \/ 1697 DS \/ 1372 SPI CEE F2 (MONOMOTRONIC) \/ 1580 SPI CEE F2 (MONOMOTRONIC)<br \/>\nFIAT &#8211; PT MAREA BENZINA (1996-1999) 1580 16V 103CV (75 KW) \/ 1800 \/ 2000 \/ MOTOR 1580 BIPOWER \/ 2000 BRASIL (182A1.011)<br \/>\nFIAT &#8211; 1Q MAREA BZ GAMMA&#8217;99 (1999-2002) 1800 16V \/ 2000 20V CF2 \/ 2000 20V CF3 \/ 1600 16V CF2 (182A4000) \/ 1600 DECAT. \/ 1600 BI-POWER \/ 1600 16V CF3 (182B6000)<br \/>\nFIAT &#8211; PU MAREA DIESEL (1996-1999) 1910 TD (100CV) \/ 1910 TD SOFT (75CV)<br \/>\nFIAT &#8211; 1R MAREA DS GAMMA&#8217;99 (1999-2002) 1910 JTD CF2 105CV \/ 1910 TD 75CV \/ 1910 JTD CF3 110CV \/ 1910 JTD CF3 100 CV<br \/>\nFIAT &#8211; XR MILLE (1994-1995) 1697 DS<br \/>\nFIAT &#8211; XS MILLE CLIP (1995-1997)<br \/>\nFIAT &#8211; 1F MULTIPLA (1998-2010) 1580 16V BZ CF2 \/ 1580 16V BIPOWER CF2 \/ 1580 16V BLUPOWER \/ 1600 16V CF3 \/ 1596 16V CF3 BZ\/MET \/ 1596 16V CF3 BZ\/GPL<br \/>\nFIAT &#8211; 1F MULTIPLA (1998-2010) 1910 JTD CF2 \/ 1910 JTD CF3 110 CV\/81KW \/ 1910 JTD CF3 115 CV\/85KW \/ 1910\u00a0JTD\u00a0CF4\u00a08V\u00a0115CV\/85KW\u00a0MENOR POTENCIA BELGICA \/ 1.9\u00a0JTD\u00a0120\u00a0CV\/88KW\u00a0CF4<br \/>\nFIAT &#8211; 1X PALIO 2V EXTRA EUROPA (1997-2002) 1580 MPI 16V EM.04 R.L. \/ HL 3P(ZA) \/ EL 5P(ZA)<br \/>\nFIAT &#8211; 1X PALIO 2V EXTRA EUROPA (1997-2002) 1242 MPI 8V EM.04 \/ ED(CSI) \/ ED 3P(ZA) \/ EL 3P(ZA) \/ EL 5P(ZA) \/ ED 5P (ZA)<br \/>\nFIAT &#8211; 1X PALIO 2V EXTRA EUROPA (1997-2002) 1108 CARB EM.04 \/ 1372 SPI EM.04 \/ 1697 DS EM.08<br \/>\nFIAT &#8211; 1X PALIO 2V EXTRA EUROPA (1997-2002) 1580 MPI TORQUE 16V CF2<br \/>\nFIAT &#8211; 1X PALIO 2V EXTRA EUROPA (1997-2002) 994 MPI CF2<br \/>\nFIAT &#8211; 1X PALIO 2V EXTRA EUROPA (1997-2002) 1242 MPI EM.04<br \/>\nFIAT &#8211; 2H PALIO 2V EXTRA EUROPA REST. 2002 (2002-2011) 1000\u00a08V \/ 1242\u00a016V\u00a0USA83 \/ 1697\u00a0TD\u00a0CF2 \/ ELX\u00a0(EXPORT)<br \/>\nFIAT &#8211; 2G PALIO WE EUROPA REST. (2002-2004) 1910 DS CF3<br \/>\nFIAT &#8211; 2G PALIO WE EUROPA REST. (2002-2004) 1910 JTD CF3<br \/>\nFIAT &#8211; 1Y PALIO WE EXTRA EUROPA (1997-2002) 1372 SPI CF2 (PL) \/ 1580 MPI 16V EM.04<br \/>\nFIAT &#8211; 1Y PALIO WE EXTRA EUROPA (1997-2002) 1372 SPI EM.04<br \/>\nFIAT &#8211; 1Y PALIO WE EXTRA EUROPA (1997-2002) 1580 MPI TORQUE 16V CF2 \/ HL (TR)<br \/>\nFIAT &#8211; 1Y PALIO WE EXTRA EUROPA (1997-2002) 1580 MPI TORQUE 16V CF2 \/ HL (PL) \/ HL MY.2000 (PL)<br \/>\nFIAT &#8211; 1Y PALIO WE EXTRA EUROPA (1997-2002) 1697 TDS ECE08 53 KW<br \/>\nFIAT &#8211; 1Y PALIO WE EXTRA EUROPA (1997-2002) 1580 MPI 16V EM.04 R.L. \/ EL (ZA) \/ HL (ZA) \/ SW EL (IND)<br \/>\nFIAT &#8211; 2K PALIO WE EXTRA EUROPA REST. 2002 (2002-2008) 1910 JTD CF3<br \/>\nFIAT &#8211; PY PALIO\/WEEKEND EUROPA (1997-2002) 1697 TDS SW<br \/>\nFIAT &#8211; PY PALIO\/WEEKEND EUROPA (1997-2002) 1242 SW CF2 \/ 1580 SW<br \/>\nFIAT &#8211; PY PALIO\/WEEKEND EUROPA (1997-2002) 1242 BN CF2<br \/>\nFIAT &#8211; PY PALIO\/WEEKEND EUROPA (1997-2002) 1.9 DS CF3<br \/>\nFIAT &#8211; 1N PUNTO BZ (1999-2003) 1.8 16V CF2 \/ 1.8 16V CF3<br \/>\nFIAT &#8211; 1A PUNTO BZ. GAMMA &#8217;97 (1997-1999) \u00abGT\u00bb<br \/>\nFIAT &#8211; NX PUNTO D-TD (1993-1997) 1697 T.DS EM.08 (70 CV) \/ 1697 T.DS USA&#8217;87-CEE FASE 2 (70 CV) \/ 1697 T.DS CEE FASE 2 SOFT (63 CV)<br \/>\nFIAT &#8211; 1P PUNTO DS (1999-2003) 1.9 DS<br \/>\nFIAT &#8211; 1P PUNTO DS (1999-2003) 1.9 JTD 80 CV \/ 1.9 JTD 85 CV<br \/>\nFIAT &#8211; NW PUNTO GT (1993-1997)<br \/>\nFIAT &#8211; 1B PUNTO TB.DS. GAMMA&#8217;97 (1997-1999) 1697 T.DS EM.08 (72CV) \/ 1697 T.DS CF2 (69CV) \/ 1697 T.DS CF2 SOFT (63CV)<br \/>\nFIAT &#8211; 2A SIENA EXTRA EUROPA (1997-2002) 1372 SPI CF2(PL) \/ 1580 MPI 16V EM.04 R.L. \/ HL(IND) \/ EL\u00a0(ZA) \/ HL (ZA)<br \/>\nFIAT &#8211; 2A SIENA EXTRA EUROPA (1997-2002) 1242 MPI EM.04 \/ EL\u00a0(ZA)<br \/>\nFIAT &#8211; 2A SIENA EXTRA EUROPA (1997-2002) 1242 MPI EM.04 \/ 1242 MPI CF2 87RON \/ 1697 DS EM.08 \/ 1697 TDS SOFT ECE08<br \/>\nFIAT &#8211; 2A SIENA EXTRA EUROPA (1997-2002) 1372 SPI EM.04<br \/>\nFIAT &#8211; 2A SIENA EXTRA EUROPA (1997-2002) 1580 MPI TORQUE 16V CF2 \/ HL (TR)<br \/>\nFIAT &#8211; 2A SIENA EXTRA EUROPA (1997-2002) 1580 MPI TORQUE 16V CF2 \/ HL (PL) \/ HL MY.2000 (PL)<br \/>\nFIAT &#8211; 2C STILO (2001-2003) 1.8 16V CF4<br \/>\nFIAT &#8211; 2C STILO (2001-2003) 1.9 JTD 58KW\/80CV<br \/>\nFIAT &#8211; MV TEMPRA 1370-1580 (1989-1993)<br \/>\nFIAT &#8211; MW TEMPRA 1750-2000 (1989-1993) SEDAN SX-SLX \/ S.W.SX-SLX \/ SEDAN BASICAS \/ S.W.BASICAS<br \/>\nFIAT &#8211; MX TEMPRA DIESEL-TURBO D.(1989-1993)<br \/>\nFIAT &#8211; NY TEMPRA MAQ.93 1370-1580 (&#8217;93-&#8217;96) 1372 SPI MJ \/ 1580 SPI \u00abB\u00bb \/ 1580 CARB. \/ 1580 MPI \u00abGM\u00bb \/ 1372 CARB. \/ 1372 SPI MM \/ 1580 CARB. 91RON<br \/>\nFIAT &#8211; NZ TEMPRA MAQ.93 1750-2000 (&#8217;93-&#8217;96) SEDAN \u00abSX\u00bb \/ SEDAN \u00abSLX\u00bb \/ S.W.4X2 \u00abSX\u00bb \/ S.W.4X2 \u00abSLX\u00bb<br \/>\nFIAT &#8211; NJ TEMPRA MQ.93 D-TD (1993-1996)<br \/>\nFIAT &#8211; ME TIPO 1100-1370-1580 (1987-1993)<br \/>\nFIAT &#8211; NG TIPO 1750-2000 (1990-1993)<br \/>\nFIAT &#8211; MF TIPO DIESEL-T.DS. (1987-1993)<br \/>\nFIAT &#8211; NT TIPO MAQ.93 D-TD (1993-1995)<br \/>\nFIAT &#8211; NS TIPO MQ.93 1370-1580 (1993-1995) 1372 SPI MONOJETRONIC \/ 1372 CARB. \/ 1580 SPI \/ 1580 CARB.(95 RON) \/ 1108 SPI \/ 1372 SPI MM<br \/>\nFIAT &#8211; NU TIPO MQ.93 1750-2000 (1993-1995)<br \/>\nFIAT &#8211; MP TIPO SPORT 16V IE. (1988-1993)<br \/>\nFIAT &#8211; MU UNO DIESEL R\/89 (1989-1995) 1367 TURBO \/ 1697 ASPIRADO \/ 1930 ASPIRADO<br \/>\nFIAT &#8211; 1D UNO MONDO (1995-2010) 1000 CARB. \/ 1000 USA 83 \/ 1000 CF2 \/ 1370 CARB. \/ 1242 SPI CF2<br \/>\nFIAT &#8211; 1D UNO MONDO (1995-2010) 1242\u00a08V\u00a0MPI\u00a0CF3<br \/>\nFIAT &#8211; 1D UNO MONDO (1995-2010) 1697 DS EM08<br \/>\nFIAT &#8211; MS UNO R\/89 (1989-1995) 1370 SPI \/ 1370 SPI USA&#8217;83 \/ 1370 DAV-15 \/ 1500 SPI USA&#8217;83 \/ 1370 CARB.<br \/>\nFIAT &#8211; MR UNO R\/89 (1989-1995) 1108 USA&#8217;83 (51CV)<br \/>\nFIAT &#8211; MR UNO R\/89 (1989-1995) 994 SPI<br \/>\nALFA ROMEO &#8211; U1 145 BZ\/DS (1994-1996) 2.0 T.SPARK 16V \/ 2.0 T.SPARK 16V BR \/ 1930 TB\/DS EM.08 \/ 1930 TB\/DS CEE FASE 2<br \/>\nALFA ROMEO &#8211; T5 145 GAMMA 97 (1997-1999) 1800 T.S(AR32201)STEP.A \/ 2000 T.S(AR32301)STEP.A \/ 1600 T.S. \/ 1800 T.S.(AR67106) \/ 2000 T.S.(AR67204) \/ 2000 T.S.16V BRASIL \/ 1800 T.S.16V BRASIL<br \/>\nALFA ROMEO &#8211; T5 145 GAMMA 97 (1997-1999) 1400 T.S.<br \/>\nALFA ROMEO &#8211; T5 145 GAMMA 97 (1997-1999) 1930 T.DS. CEE FASE 2 \/ 1930 T.DS. EM08 ARGENTINA<br \/>\nALFA ROMEO &#8211; W3 145 M.Y. &#8217;99 (1999-2000) 1400 T.S.16V<br \/>\nALFA ROMEO &#8211; W3 145 M.Y. &#8217;99 (1999-2000) 1600 T.S.16V (AR67601) \/ 1600 T.S. 16V (AR32102) \/ 1800 T.S.16V \/ 2000 T.S.16V<br \/>\nALFA ROMEO &#8211; U2 146 BZ\/DS (1995-1996) 2.0 T.SPARK 16V \/ 1930 T.DS EM 08 \/ 1930 T.DS CEE FASE 2<br \/>\nALFA ROMEO &#8211; T6 146 GAMMA 97 (1997-1999) 1800 T.S.16V STEP.A \/ 2000 T.S.16V STEP.A \/ 1600 T.S. 16V \/ 1800 T.S. 16V \/ 2000 T.S. 16V<br \/>\nALFA ROMEO &#8211; T6 146 GAMMA 97 (1997-1999) 1400 T.S. 16V<br \/>\nALFA ROMEO &#8211; T6 146 GAMMA 97 (1997-1999) 1930 T.DS. CEE FASE 2 \/ 1930 T.DS. EM08 ARGENTINA<br \/>\nALFA ROMEO &#8211; W4 146 M.Y. &#8217;99 (1999-2000) 1400 T.S.16V<br \/>\nALFA ROMEO &#8211; W4 146 M.Y. &#8217;99 (1999-2000) 1600 T.S.16V (AR67601) \/ 1600 T.S. 16V (AR32102) \/ 1800 T.S.16V \/ 2000 T.S.16V<br \/>\nALFA ROMEO &#8211; W8 147 BZ\/DS (2000-2010) 1600 TS 16V 76 KW \/ 1600 TS 16V 88KW \/ 2000 TS 16V \/ 1910\u00a0JTD\u00a0CF3\u00a08V\u00a0100CV\/74\u00a0KW<br \/>\nALFA ROMEO &#8211; U5 155 ASPIRATO (1992-1996) 1.7 T.S. \/ 1.8 T.S. \/ 2.0 T.S. 8 VAL.<br \/>\nALFA ROMEO &#8211; U5 155 ASPIRATO (1992-1996) 2.0 T.S. 16V (MY 95) \/ 2.0 T.S. 16V MY 95 (BRASIL)<br \/>\nALFA ROMEO &#8211; T3 155 GAMMA 96 BZ (1996-1997) 1600 T.S. 16V \/ 1800 T.S. 16V \/ 2000 T.S. 16V \/ 2000 T.S. 16V BRASIL<br \/>\nALFA ROMEO &#8211; T4 155 GAMMA 96 DS (1996-1997) 1930 TD<br \/>\nALFA ROMEO &#8211; U6 155 TURBO BZ-DS (1992-1996) 1930 TD<br \/>\nALFA ROMEO &#8211; T7 156 BENZINA (1997-2002) 1600 T.S.(AR67601) \/ 1800 T.S. CF2 \/ 2000 T.S. CF2 \/ 2000 T.S. BRASIL \/ 1600 T.S. (AR32102)<br \/>\nALFA ROMEO &#8211; T7 156 BENZINA (1997-2002) 1600 T.S. (AR32104) \/ 1600 T.S. (AR32103) \/ 1800 T.S. CF3 \/ 2000 T.S. CF3<br \/>\nALFA ROMEO &#8211; X1 156 M.Y.2002 BZ\/DS (2001-2005) 1600 T.S. (AR32104) \/ 1800 TS 16V<br \/>\nALFA ROMEO &#8211; U8 G T V  (1995-1998) 2000 T.S. 16V<br \/>\nALFA ROMEO &#8211; W0 GTV &#8217;98 (1998-2005) 1800 T.S.16V \/ 2000 T.S. CF2 \/ 2000 T.S. CF3 \/ 2000 JTS<br \/>\nALFA ROMEO &#8211; U7 NUOVO SPIDER (1995-1998) 2000 T.SPARK 16V<br \/>\nALFA ROMEO &#8211; U9 SPIDER &#8217;98 (1998-2006) 1800 T.S.16V \/ 2000 T.S. CF2 \/ 2000 T.S. CF3 \/ 2000 JTS<br \/>\nLANCIA &#8211; RY DEDRA BENZINA (1989-1994)<br \/>\nLANCIA &#8211; SL DEDRA FL.94 (1994-1999) 1580 MPI 8V \/ 1750 MPI \/ 1750 16V CEE F2 115CV \/ 1580 SPI \/ 1580 MPI 16V<br \/>\nLANCIA &#8211; SM DEDRA FL.94 1750-2.0 (1994-1999) SEDAN LE 4X2 \/ SEDAN LX 4X2 \/ S.W. LS 4X2 \/ S.W. LX 4X2 \/ BN LS 4X2 \/ BN. &#8217;98 \/ S.W. &#8217;98<br \/>\nLANCIA &#8211; SN DEDRA FL.94 T.DS (1994-1999)<br \/>\nLANCIA &#8211; RZ DEDRA TURBO DIESEL (1989-1994)<br \/>\nLANCIA &#8211; TB DELTA R.86 (1986-1992) 1100 CARB \/ 1300 CARB \/ 1500 CARB<br \/>\nLANCIA &#8211; TB DELTA R.86 (1986-1992) 1600 MPI \/ 1600 SPI USA 83 \/ 1600 MPI TB \/ 1600 MPI TB USA 83<br \/>\nLANCIA &#8211; TB DELTA R.86 (1986-1992) 1930 TB\/DS<br \/>\nLANCIA &#8211; SX LYBRA BZ (1999-2005) 1580 16V CF2 \/ 1596 16V CF3<br \/>\nLANCIA &#8211; SX LYBRA BZ (1999-2005) 1.8 16V CF2 \/ 1.8 16V CF3 \/ 1.8 16V CF4 \/ 2.0 20V CF2 \/ 2.0 20V CF3<br \/>\nLANCIA &#8211; SF N.DELTA (1993-1999) 1372 SPI\u00bbMJ\u00bb \/ 1580 8V \/ 1372 SPI\u00bbMM\u00bb CEE F2<br \/>\nLANCIA &#8211; SF N.DELTA (1993-1999) 1750 105CV (77KW) \/ 1750 90CV (66KW) \/ 1750 CEE F2 97CV (71KW) \/ 1750 CEE F2 90CV (66KW)<br \/>\nLANCIA &#8211; SF N.DELTA (1993-1999) 1750 CEE F2 16V 115CV<br \/>\nLANCIA &#8211; SF N.DELTA (1993-1999) 1580 CEE F2 16V 103CV \/ 1580 CEE F2 16V 90CV<br \/>\nLANCIA &#8211; SG N.DELTA (&#8217;93-&#8217;99) 2000 16V ASP. \/ 1750 16V 132CV<br \/>\nLANCIA &#8211; SQ N.DELTA TB\/DS (1994-1999)<br \/>\nFIAT PROFESSIONAL &#8211; 2N FIORINO RL (1993-2000) CONDUCCION A\u00a0IZQUIERDA \/ 1372 SPI \/ 1580 SPI \/ 1372 SPI C.F.2 \/ 1580 SPI C.F.2<br \/>\nFIAT PROFESSIONAL &#8211; 2N FIORINO RL (1993-2000) CONDUCCION\u00a0A DERECHA \/ 1372 SPI C.F.2<br \/>\nFIAT PROFESSIONAL &#8211; 2N FIORINO RL (1993-2000) CONDUCCION A\u00a0IZQUIERDA \/ 1697 DS<br \/>\nFIAT PROFESSIONAL &#8211; 2N FIORINO RL (1993-2000) CONDUCCION\u00a0A DERECHA \/ 1697 DS<br \/>\nFIAT PROFESSIONAL &#8211; 2N FIORINO RL (1993-2000) 1697 TB\/DS<br \/>\nFIAT PROFESSIONAL &#8211; 1G STRADA (1999-2005) 1242 CF2 \/ 1242 CF3 \/ 1242 M.P.I.  8V CF3 FL \/ 1697 TDS<br \/>\nFIAT PROFESSIONAL &#8211; 1G STRADA (1999-2005) 1.9 DS CF3<br \/>\nFIAT PROFESSIONAL &#8211; 3G STRADA REST. 2 (2005-2011) 1697\u00a0TB\/DS\u00a0CF2<\/p>\n<p>LA PIEZA ES NUEVA Y ORIGINAL.<\/p>\n","protected":false},"excerpt":{"rendered":"<p>Separador pi\u00f1\u00f3n marcha atr\u00e1s del cambio de: FIAT &#8211; PK BARCHETTA (1995-2004) FIAT &#8211; 1V BRAVA (1995-1998) 1580 MPI 16V 103CV \/ 1580 MPI 16V 90CV \/ 1580 MPI 16V EM 04 \/ 1370 SPI 12V 80CV \/ SPECIFIC GEAR TYPE M38 FIAT &#8211; 1V BRAVA BZ\/DS (1995-1998) 1800 MPI 16V \/ 1930 DS EM [&hellip;]<\/p>\n","protected":false},"featured_media":36402,"template":"","meta":{"_seopress_robots_primary_cat":"","_seopress_titles_title":"","_seopress_titles_desc":"","_seopress_robots_index":""},"product_cat":[45,46,44,48,49,16,80,81,82,85,117,118,90,20,91,55,21,120,95,96,98,101,107,56,108,109,111,112,114],"product_tag":[],"class_list":{"0":"post-36401","1":"product","2":"type-product","3":"status-publish","4":"has-post-thumbnail","6":"product_cat-recambios-alfa-romeo-145","7":"product_cat-recambios-alfa-romeo-146","8":"product_cat-recambios-alfa-romeo-147","9":"product_cat-recambios-alfa-romeo-155","10":"product_cat-recambios-alfa-romeo-156","11":"product_cat-recambios-alfa-romeo","12":"product_cat-recambios-fiat-barchetta","13":"product_cat-recambios-fiat-brava","14":"product_cat-recambios-fiat-bravo","15":"product_cat-recambios-fiat-coupe","16":"product_cat-recambios-lancia-dedra","17":"product_cat-recambios-lancia-delta","18":"product_cat-recambios-fiat-elba","19":"product_cat-recambios-fiat","20":"product_cat-recambios-fiat-fiorino","21":"product_cat-recambios-alfa-romeo-gtv","22":"product_cat-recambios-lancia","23":"product_cat-recambios-lancia-lybra","24":"product_cat-recambios-fiat-marea","25":"product_cat-recambios-fiat-multipla","26":"product_cat-recambios-fiat-palio","27":"product_cat-recambios-fiat-punto","28":"product_cat-recambios-fiat-siena","29":"product_cat-recambios-alfa-romeo-spider","30":"product_cat-recambios-fiat-stilo","31":"product_cat-recambios-fiat-strada","32":"product_cat-recambios-fiat-tempra","33":"product_cat-recambios-fiat-tipo","34":"product_cat-recambios-fiat-uno","36":"first","37":"instock","38":"taxable","39":"shipping-taxable","40":"purchasable","41":"product-type-simple"},"_links":{"self":[{"href":"https:\/\/galicianparts.com\/shop\/wp-json\/wp\/v2\/product\/36401"}],"collection":[{"href":"https:\/\/galicianparts.com\/shop\/wp-json\/wp\/v2\/product"}],"about":[{"href":"https:\/\/galicianparts.com\/shop\/wp-json\/wp\/v2\/types\/product"}],"wp:featuredmedia":[{"embeddable":true,"href":"https:\/\/galicianparts.com\/shop\/wp-json\/wp\/v2\/media\/36402"}],"wp:attachment":[{"href":"https:\/\/galicianparts.com\/shop\/wp-json\/wp\/v2\/media?parent=36401"}],"wp:term":[{"taxonomy":"product_cat","embeddable":true,"href":"https:\/\/galicianparts.com\/shop\/wp-json\/wp\/v2\/product_cat?post=36401"},{"taxonomy":"product_tag","embeddable":true,"href":"https:\/\/galicianparts.com\/shop\/wp-json\/wp\/v2\/product_tag?post=36401"}],"curies":[{"name":"wp","href":"https:\/\/api.w.org\/{rel}","templated":true}]}}