{"id":36421,"date":"2021-11-17T13:35:13","date_gmt":"2021-11-17T11:35:13","guid":{"rendered":"https:\/\/galicianparts.com\/shop\/producto\/51874459-manguito-filtro-aire-fiat-500-panda-punto-alfa-mito-lancia-musa-nuevo-original\/"},"modified":"2021-12-03T15:05:08","modified_gmt":"2021-12-03T13:05:08","slug":"51874459-manguito-filtro-aire-fiat-500-panda-punto-alfa-mito-lancia-musa-nuevo-original","status":"publish","type":"product","link":"https:\/\/galicianparts.com\/shop\/producto\/51874459-manguito-filtro-aire-fiat-500-panda-punto-alfa-mito-lancia-musa-nuevo-original\/","title":{"rendered":"51874459 Manguito filtro aire Fiat 500 \/ Panda \/ Punto \/ Alfa Mito \/ Lancia Musa NUEVO ORIGINAL"},"content":{"rendered":"<p>51879778 Tubo del filtro de aire de:<br \/>\nFIAT &#8211; 83 500 MY2012 (2012-&#8230;.)  SIN TUBO DE GAS DE BLOW BY CALEFACTADO \/ DIESEL<br \/>\nFIAT &#8211; 3P NUOVA 500 (2007-2012) 1.3 JTD 95 CV<br \/>\nFIAT &#8211; 3X GRANDE PUNTO ACTUAL (2010-2013) LIM.CEE FASE 5 \/ 1200-1299 \/ DI\u00c9SEL<br \/>\nFIAT &#8211; 4D IDEA (2010-2012) LIM.CEE FASE 5 \/ 1100-1199 CC \/ DI\u00c9SEL \/ 1200-1299 CC<br \/>\nFIAT &#8211; 51 NUOVA PUNTO MY2012 (2012-2013) 1248 \/ LIM.CEE FASE 5<br \/>\nFIAT &#8211; 71 PANDA CLASSIC (2012-2012) DIESEL<br \/>\nFIAT &#8211; 0X PANDA MY 2011 (2010-2011) DI\u00c9SEL<br \/>\nFIAT &#8211; 3J PUNTO EVO (2009-2011) 1200-1299 \/ DI\u00c9SEL \/ LIM.CEE FASE 5<br \/>\nFIAT &#8211; 6U PUNTO MY 2013 (2013-&#8230;.) 1248 \/ LIM.CEE FASE 5<br \/>\nALFA ROMEO &#8211; X6 ALFA MITO (2008-2011) LIM.CEE FASE 5 \/ 1.3\u00a0SDE\u00a090CV\u00a0EURO4 \/ 95CV \/ 1.3\u00a0SDE\u00a085CV\u00a0EURO5<br \/>\nALFA ROMEO &#8211; QZ MITO MY2011 (2011-2013) 1.3<br \/>\nALFA ROMEO &#8211; 10 MITO MY2013 (2013-&#8230;.)  SIN ADAPTACI\u00d3N PARA PA\u00cdSES FR\u00cdOS<br \/>\nLANCIA &#8211; TJ MUSA (2010-2011) (1200-1299 CC) CON LIM.CEE FASE 5<br \/>\nLANCIA &#8211; 43 MUSA FLL (2011-2012) (1200-1299 CC)<br \/>\nFIAT PROFESSIONAL &#8211; 52 STRADA 2011 (2011-2014)<\/p>\n<p>LA PIEZA ES NUEVA Y ORIGINAL.<\/p>\n","protected":false},"excerpt":{"rendered":"<p>51879778 Tubo del filtro de aire de: FIAT &#8211; 83 500 MY2012 (2012-&#8230;.) SIN TUBO DE GAS DE BLOW BY CALEFACTADO \/ DIESEL FIAT &#8211; 3P NUOVA 500 (2007-2012) 1.3 JTD 95 CV FIAT &#8211; 3X GRANDE PUNTO ACTUAL (2010-2013) LIM.CEE FASE 5 \/ 1200-1299 \/ DI\u00c9SEL FIAT &#8211; 4D IDEA (2010-2012) LIM.CEE FASE 5 [&hellip;]<\/p>\n","protected":false},"featured_media":36422,"template":"","meta":{"_seopress_robots_primary_cat":"","_seopress_titles_title":"","_seopress_titles_desc":"","_seopress_robots_index":""},"product_cat":[74,16,20,92,93,21,47,121,99,101,109],"product_tag":[],"class_list":{"0":"post-36421","1":"product","2":"type-product","3":"status-publish","4":"has-post-thumbnail","6":"product_cat-recambios-fiat-500","7":"product_cat-recambios-alfa-romeo","8":"product_cat-recambios-fiat","9":"product_cat-recambios-fiat-grande-punto","10":"product_cat-recambios-fiat-idea","11":"product_cat-recambios-lancia","12":"product_cat-recambios-alfa-romeo-mito","13":"product_cat-recambios-lancia-musa","14":"product_cat-recambios-fiat-panda","15":"product_cat-recambios-fiat-punto","16":"product_cat-recambios-fiat-strada","18":"first","19":"outofstock","20":"taxable","21":"shipping-taxable","22":"purchasable","23":"product-type-simple"},"_links":{"self":[{"href":"https:\/\/galicianparts.com\/shop\/wp-json\/wp\/v2\/product\/36421"}],"collection":[{"href":"https:\/\/galicianparts.com\/shop\/wp-json\/wp\/v2\/product"}],"about":[{"href":"https:\/\/galicianparts.com\/shop\/wp-json\/wp\/v2\/types\/product"}],"wp:featuredmedia":[{"embeddable":true,"href":"https:\/\/galicianparts.com\/shop\/wp-json\/wp\/v2\/media\/36422"}],"wp:attachment":[{"href":"https:\/\/galicianparts.com\/shop\/wp-json\/wp\/v2\/media?parent=36421"}],"wp:term":[{"taxonomy":"product_cat","embeddable":true,"href":"https:\/\/galicianparts.com\/shop\/wp-json\/wp\/v2\/product_cat?post=36421"},{"taxonomy":"product_tag","embeddable":true,"href":"https:\/\/galicianparts.com\/shop\/wp-json\/wp\/v2\/product_tag?post=36421"}],"curies":[{"name":"wp","href":"https:\/\/api.w.org\/{rel}","templated":true}]}}