{"id":36502,"date":"2021-11-18T12:27:31","date_gmt":"2021-11-18T10:27:31","guid":{"rendered":"https:\/\/galicianparts.com\/shop\/producto\/4124881-junta-piston-49mm-de-pinza-freno-fiat-lancia-alfa-seat-pegueot-citroen-autobianchi\/"},"modified":"2021-11-18T12:32:33","modified_gmt":"2021-11-18T10:32:33","slug":"4124881-junta-piston-49mm-de-pinza-freno-fiat-lancia-alfa-seat-pegueot-citroen-autobianchi","status":"publish","type":"product","link":"https:\/\/galicianparts.com\/shop\/producto\/4124881-junta-piston-49mm-de-pinza-freno-fiat-lancia-alfa-seat-pegueot-citroen-autobianchi\/","title":{"rendered":"4124881 Junta pist\u00f3n 49mm de pinza freno Fiat \/ Lancia \/ Alfa \/ Seat \/ Pegueot \/ Citroen \/ Autobianchi"},"content":{"rendered":"<p>Junta del pist\u00f3n de la pinza de freno de:<br \/>\nDi\u00e1metro interior: 49mm<br \/>\nDi\u00e1metro exterior: 55mm<br \/>\nEspesor: 3mm<\/p>\n<p>AUTOBIANCHI A 112 Hatchback (A\u00f1o 10.1969 &#8211; 12.1986)<br \/>\nAUTOBIANCHI A111 Berlina (A\u00f1o 08.1969 &#8211; 11.1972)<br \/>\nFIAT Regata Berlina (138) (A\u00f1o 09.1983 &#8211; 08.1995)<br \/>\nFIAT Regata Weekend (A\u00f1o 06.1983 &#8211; 08.1995)<br \/>\nFIAT Ritmo I Cabrio (A\u00f1o 10.1979 &#8211; 07.1989)<br \/>\nFIAT Ritmo I Hatchback (138) (A\u00f1o 01.1978 &#8211; 12.1988)<br \/>\nFIAT 127 Hatchback (127) (A\u00f1o 06.1971 &#8211; 05.1996)<br \/>\nFIAT 128 Coup\u00e9 (128) (A\u00f1o 03.1972 &#8211; 02.1981)<br \/>\nFIAT 128 Berlina (128) (A\u00f1o 03.1969 &#8211; 12.1984)<br \/>\nFIAT 131 Berlina (131) (A\u00f1o 10.1974 &#8211; 03.1987)<br \/>\nFIAT Panda I Hatchback (141) (A\u00f1o 03.1980 &#8211; 07.2004)<br \/>\nFIAT Fiorino Furg\u00f3n (127) (A\u00f1o 10.1977 &#8211; 12.1987)<br \/>\nFIAT Fiorino I Furg\u00f3n (147) (A\u00f1o 01.1980 &#8211; 10.1993)<br \/>\nFIAT 124 Berlina (124) (A\u00f1o 07.1966 &#8211; 07.1975)<br \/>\nFIAT 124 Coup\u00e9 (124) (A\u00f1o 06.1967 &#8211; 02.1976)<br \/>\nFIAT 128 Familiare (128) (A\u00f1o 10.1969 &#8211; 10.1982)<br \/>\nFIAT 132 (132_) (A\u00f1o 04.1972 &#8211; 12.1982)<br \/>\nFIAT Fiorino Pick-up (147) (A\u00f1o 10.1977 &#8211; 10.1989)<br \/>\nFIAT 900 T\/E Pulmino (200_) (A\u00f1o 01.1978 &#8211; 01.1986)<br \/>\nFIAT 900 T\/E Panorama (200_) (A\u00f1o 01.1978 &#8211; 01.1986)<br \/>\nFIAT Panda Van (141) (A\u00f1o 01.1986 &#8211; 02.2004)<br \/>\nFIAT Uno Hatchback (146) (A\u00f1o 01.1983 &#8211; 06.2006)<br \/>\nFIAT Punto I Hatchback (176) (A\u00f1o 09.1993 &#8211; 09.1999)<br \/>\nFIAT Punto I Cabrio (176) (A\u00f1o 04.1994 &#8211; 06.2000)<br \/>\nFIAT Punto I Van (176) (A\u00f1o 04.1996 &#8211; 02.2000)<br \/>\nLANCIA Prisma (831) (A\u00f1o 01.1983 &#8211; 02.1992)<br \/>\nLANCIA Y10 (156) (A\u00f1o 03.1985 &#8211; 12.1995)<br \/>\nALFA ROMEO 145 (930) (A\u00f1o 07.1994 &#8211; 01.2001)<br \/>\nALFA ROMEO 33 Hatchback (907A) (A\u00f1o 01.1990 &#8211; 09.1994)<br \/>\nALFA ROMEO 33 Sportwagon (907B) (A\u00f1o 01.1990 &#8211; 09.1994)<br \/>\nALFA ROMEO 146 (930) (A\u00f1o 12.1994 &#8211; 01.2001)<br \/>\nALFA ROMEO 156 Berlina (932) (A\u00f1o 09.1997 &#8211; 09.2005)<br \/>\nALFA ROMEO 166 (936) (A\u00f1o 09.1998 &#8211; 06.2007)<br \/>\nALFA ROMEO 156 Sportwagon (932) (A\u00f1o 01.2000 &#8211; 05.2006)<br \/>\nCITRO\u00cbN LNA Hatchback (A\u00f1o 11.1976 &#8211; 10.1986)<br \/>\nCITRO\u00cbN Visa Hatchback (A\u00f1o 09.1978 &#8211; 03.1991)<br \/>\nCITRO\u00cbN Visa Cabrio (A\u00f1o 03.1983 &#8211; 10.1988)<br \/>\nPEUGEOT 106 I Hatchback (A\u00f1o 08.1991 &#8211; 04.1996)<br \/>\nPEUGEOT 205 I Hatchback (A\u00f1o 02.1983 &#8211; 10.1987)<br \/>\nPEUGEOT 205 II Hatchback (A\u00f1o 01.1987 &#8211; 12.2000)<br \/>\nPEUGEOT 306 Hatchback (A\u00f1o 01.1993 &#8211; 10.2003)<br \/>\nPEUGEOT 306 Cabrio (A\u00f1o 01.1994 &#8211; 04.2002)<br \/>\nPEUGEOT 306 Berlina (A\u00f1o 04.1993 &#8211; 10.2003)<br \/>\nPEUGEOT 309 I Hatchback (A\u00f1o 10.1985 &#8211; 12.1989)<br \/>\nPEUGEOT 405 I Familiar (15E) (A\u00f1o 06.1987 &#8211; 08.1992)<br \/>\nPEUGEOT 405 II Familiar (4E) (A\u00f1o 08.1992 &#8211; 10.1998)<br \/>\nPEUGEOT 405 I Berlina (15B) (A\u00f1o 01.1987 &#8211; 12.1993)<br \/>\nPEUGEOT 405 II Berlina (4B) (A\u00f1o 01.1992 &#8211; 11.1999)<br \/>\nPEUGEOT 309 II Hatchback (A\u00f1o 07.1989 &#8211; 12.1993)<br \/>\nPEUGEOT 306 Familiar (A\u00f1o 06.1994 &#8211; 04.2002)<br \/>\nPEUGEOT 205 F Furg\u00f3n (A\u00f1o 03.1994 &#8211; 05.1997)<br \/>\nSEAT Ronda (022A) (A\u00f1o 06.1982 &#8211; 11.1988)<br \/>\nSEAT Malaga (023A) (A\u00f1o 11.1984 &#8211; 12.1993)<br \/>\nSEAT Marbella Hatchback (28) (A\u00f1o 08.1986 &#8211; 10.1998)<br \/>\nSEAT Fura (025A) (A\u00f1o 01.1982 &#8211; 12.1986)<br \/>\nSEAT Ibiza I Hatchback (021A) (A\u00f1o 06.1984 &#8211; 12.1993)<\/p>\n<p>LA PIEZA ES NUEVA Y ORIGINAL.<\/p>\n","protected":false},"excerpt":{"rendered":"<p>Junta del pist\u00f3n de la pinza de freno de: Di\u00e1metro interior: 49mm Di\u00e1metro exterior: 55mm Espesor: 3mm AUTOBIANCHI A 112 Hatchback (A\u00f1o 10.1969 &#8211; 12.1986) AUTOBIANCHI A111 Berlina (A\u00f1o 08.1969 &#8211; 11.1972) FIAT Regata Berlina (138) (A\u00f1o 09.1983 &#8211; 08.1995) FIAT Regata Weekend (A\u00f1o 06.1983 &#8211; 08.1995) FIAT Ritmo I Cabrio (A\u00f1o 10.1979 &#8211; 07.1989) [&hellip;]<\/p>\n","protected":false},"featured_media":36509,"template":"","meta":{"_seopress_robots_primary_cat":"","_seopress_titles_title":"","_seopress_titles_desc":"","_seopress_robots_index":""},"product_cat":[145,65,68,69,70,71,45,46,49,57,235,147,149,43,150,186,62,63,16,25,23,20,91,208,162,21,260,164,207,99,24,123,101,102,103,165,26,114,140,126],"product_tag":[],"class_list":{"0":"post-36502","1":"product","2":"type-product","3":"status-publish","4":"has-post-thumbnail","6":"product_cat-recambios-peugeot-106","7":"product_cat-recambios-fiat-124","8":"product_cat-recambios-fiat-127","9":"product_cat-recambios-fiat-128","10":"product_cat-recambios-fiat-131","11":"product_cat-recambios-fiat-132","12":"product_cat-recambios-alfa-romeo-145","13":"product_cat-recambios-alfa-romeo-146","14":"product_cat-recambios-alfa-romeo-156","15":"product_cat-recambios-alfa-romeo-166","16":"product_cat-recambios-peugeot-205","17":"product_cat-recambios-peugeot-306","18":"product_cat-recambios-peugeot-309","19":"product_cat-recambios-alfa-romeo-33","20":"product_cat-recambios-peugeot-405","21":"product_cat-recambios-fiat-900","22":"product_cat-recambios-autobianchi-a111","23":"product_cat-recambios-autobianchi-a112","24":"product_cat-recambios-alfa-romeo","25":"product_cat-recambios-autobianchi","26":"product_cat-recambios-citroen","27":"product_cat-recambios-fiat","28":"product_cat-recambios-fiat-fiorino","29":"product_cat-recambios-seat-fura","30":"product_cat-recambios-seat-ibiza","31":"product_cat-recambios-lancia","32":"product_cat-recambios-citroen-lna","33":"product_cat-recambios-seat-malaga","34":"product_cat-recambios-seat-marbella","35":"product_cat-recambios-fiat-panda","36":"product_cat-recambios-peugeot","37":"product_cat-recambios-lancia-prisma","38":"product_cat-recambios-fiat-punto","39":"product_cat-recambios-fiat-regata","40":"product_cat-recambios-fiat-ritmo","41":"product_cat-recambios-seat-ronda","42":"product_cat-recambios-seat","43":"product_cat-recambios-fiat-uno","44":"product_cat-recambios-citroen-visa","45":"product_cat-recambios-lancia-y10","47":"first","48":"instock","49":"taxable","50":"shipping-taxable","51":"purchasable","52":"product-type-simple"},"_links":{"self":[{"href":"https:\/\/galicianparts.com\/shop\/wp-json\/wp\/v2\/product\/36502"}],"collection":[{"href":"https:\/\/galicianparts.com\/shop\/wp-json\/wp\/v2\/product"}],"about":[{"href":"https:\/\/galicianparts.com\/shop\/wp-json\/wp\/v2\/types\/product"}],"wp:featuredmedia":[{"embeddable":true,"href":"https:\/\/galicianparts.com\/shop\/wp-json\/wp\/v2\/media\/36509"}],"wp:attachment":[{"href":"https:\/\/galicianparts.com\/shop\/wp-json\/wp\/v2\/media?parent=36502"}],"wp:term":[{"taxonomy":"product_cat","embeddable":true,"href":"https:\/\/galicianparts.com\/shop\/wp-json\/wp\/v2\/product_cat?post=36502"},{"taxonomy":"product_tag","embeddable":true,"href":"https:\/\/galicianparts.com\/shop\/wp-json\/wp\/v2\/product_tag?post=36502"}],"curies":[{"name":"wp","href":"https:\/\/api.w.org\/{rel}","templated":true}]}}