{"id":3716,"date":"2020-09-29T13:43:14","date_gmt":"2020-09-29T11:43:14","guid":{"rendered":"https:\/\/galicianparts.com\/shop\/producto\/9567468588-kit-fuelle-fiat-citroen-peugeot-original\/"},"modified":"2024-07-20T20:12:06","modified_gmt":"2024-07-20T18:12:06","slug":"9567468588-kit-fuelle-fiat-citroen-peugeot-original","status":"publish","type":"product","link":"https:\/\/galicianparts.com\/shop\/producto\/9567468588-kit-fuelle-fiat-citroen-peugeot-original\/","title":{"rendered":"9567468588 Kit capuch\u00f3n palier lado cambio Citro\u00ebn \/Peugeot NUEVO ORIGINAL"},"content":{"rendered":"<p>Juego, set del fuelle del eje de transmisi\u00f3n del lado del cambio de:<br \/>\nDi\u00e1metro 1: 34 mm<br \/>\nDi\u00e1metro 2: 80 mm<br \/>\nLargo: 104 mm<\/p>\n<p>CITRO\u00cbN Xantia Hatchback (X1, X2)<br \/>\n1.8 i, A\u00f1o 04.1997 &#8211; 01.1998, 1761 , 90<br \/>\n1.8 i, A\u00f1o 03.1993 &#8211; 01.1998, 1761 , 101<br \/>\n1.8 i 16V, A\u00f1o 06.1995 &#8211; 01.1998, 1761 , 110<br \/>\n1.9 D, A\u00f1o 06.1994 &#8211; 01.1998, 1905 , 68<br \/>\n1.9 D, A\u00f1o 06.1994 &#8211; 01.1998, 1905 , 69<br \/>\n1.9 SD, A\u00f1o 02.1996 &#8211; 01.1998, 1905 , 75<br \/>\n1.9 Turbo D, A\u00f1o 10.1994 &#8211; 01.1998, 1905 , 90<br \/>\n2.0 i, A\u00f1o 03.1993 &#8211; 01.1998, 1998 , 121<br \/>\n2.0 i 16V, A\u00f1o 06.1995 &#8211; 01.1998, 1998 , 132<br \/>\n2.0 i 16V, A\u00f1o 06.1994 &#8211; 01.1998, 1998 , 150<br \/>\n2.0 i 16V, A\u00f1o 03.1993 &#8211; 01.1998, 1998 , 152<br \/>\n2.0 Turbo, A\u00f1o 06.1995 &#8211; 01.1998, 1998 , 147<br \/>\n2.1 Turbo D 12V, A\u00f1o 06.1995 &#8211; 01.1998, 2088 , 109<br \/>\nCITRO\u00cbN ZX Hatchback (N2)<br \/>\n1.6 i, A\u00f1o 03.1991 &#8211; 06.1997, 1580 , 88<br \/>\n2.0 i, A\u00f1o 07.1992 &#8211; 06.1997, 1998 , 121<br \/>\nCITRO\u00cbN C15 Furg\u00f3n<br \/>\n1.0, A\u00f1o 10.1984 &#8211; 12.1997, 954 , 45<br \/>\n1.1, A\u00f1o 10.1984 &#8211; 12.1996, 1124 , 48<br \/>\n1.1 i, A\u00f1o 07.1988 &#8211; 12.1996, 1124 , 60<br \/>\n1.3, A\u00f1o 07.1987 &#8211; 05.1988, 1294 , 64<br \/>\n1.4, A\u00f1o 07.1987 &#8211; 12.1996, 1360 , 67<br \/>\n1.4 E, A\u00f1o 05.1987 &#8211; 12.1996, 1360 , 60<br \/>\n1.4 i, A\u00f1o 05.1991 &#8211; 12.1996, 1360 , 75<br \/>\n1.8 D, A\u00f1o 07.1986 &#8211; 12.2000, 1769 , 60<br \/>\n1.9 D, A\u00f1o 12.2000 &#8211; 12.2005, 1868 , 60<br \/>\nCITRO\u00cbN Xantia Familiar (X1, X2)<br \/>\n1.8 i, A\u00f1o 04.1997 &#8211; 01.1998, 1761 , 90<br \/>\n1.8 i, A\u00f1o 06.1995 &#8211; 01.1998, 1761 , 101<br \/>\n1.8 i 16V, A\u00f1o 06.1995 &#8211; 01.1998, 1761 , 110<br \/>\n1.9 SD, A\u00f1o 04.1997 &#8211; 01.1998, 1905 , 75<br \/>\n1.9 Turbo D, A\u00f1o 06.1995 &#8211; 01.1998, 1905 , 90<br \/>\n2.0 i, A\u00f1o 06.1995 &#8211; 01.1998, 1998 , 121<br \/>\n2.0 i 16V, A\u00f1o 06.1995 &#8211; 01.1998, 1998 , 132<br \/>\n2.0 Turbo, A\u00f1o 06.1995 &#8211; 01.1998, 1998 , 147<br \/>\n2.1 Turbo D 12V, A\u00f1o 06.1996 &#8211; 01.1998, 2088 , 109<br \/>\nCITRO\u00cbN Jumpy I MPV<br \/>\n1.6, A\u00f1o 10.1995 &#8211; 08.2000, 1581 , 79<br \/>\n1.9 D, A\u00f1o 10.1995 &#8211; 08.1998, 1905 , 69<br \/>\nCITRO\u00cbN Berlingo \/ Berlingo First I Furg\u00f3n (M)<br \/>\n1.6 16V, A\u00f1o 10.2000 &#8211; 03.2008, 1587 , 109<br \/>\n1.8 D, A\u00f1o 07.1996 &#8211; 10.2002, 1769 , 59<br \/>\n1.8 i, A\u00f1o 08.1999 &#8211; 10.2002, 1761 , 90<br \/>\n1.9 D, A\u00f1o 07.1996 &#8211; 12.2003, 1905 , 70<br \/>\n1.9 D 70, A\u00f1o 04.1999 &#8211; 12.2011, 1868 , 69<br \/>\n1.9 D 70 4WD, A\u00f1o 07.1998 &#8211; 03.2006, 1868 , 69<br \/>\n2.0 HDI 90, A\u00f1o 12.1999 &#8211; 12.2011, 1997 , 90<br \/>\n2.0 HDI 90 4WD, A\u00f1o 11.2000 &#8211; 10.2005, 1997 , 90<br \/>\nCITRO\u00cbN Berlingo \/ Berlingo First I (MF, GJK, GFK)<br \/>\n1.6 16V, A\u00f1o 10.2000 &#8211; 12.2011, 1587 , 109<br \/>\n1.6 16V, A\u00f1o 11.2002 &#8211; 10.2008, 1587 , 110<br \/>\n1.8 D, A\u00f1o 07.1998 &#8211; 10.2002, 1769 , 58<br \/>\n1.8 i, A\u00f1o 05.1997 &#8211; 10.2002, 1761 , 90<br \/>\n1.8 i 4WD, A\u00f1o 04.1997 &#8211; 10.2001, 1761 , 90<br \/>\n1.9 D, A\u00f1o 07.1996 &#8211; 12.2003, 1905 , 68<br \/>\n1.9 D, A\u00f1o 07.1998 &#8211; 10.2005, 1868 , 70<br \/>\n1.9 D 4WD, A\u00f1o 07.1998 &#8211; 10.2005, 1868 , 69<br \/>\n2.0 HDi 4&#215;4, A\u00f1o 11.2002 &#8211; 10.2005, 1997 , 90<br \/>\n2.0 HDI 90, A\u00f1o 12.1999 &#8211; 10.2005, 1997 , 90<br \/>\nCITRO\u00cbN Xsara Hatchback (N1)<br \/>\n1.4 HDi, A\u00f1o 01.2003 &#8211; 03.2005, 1398 , 68<br \/>\n1.4 i, A\u00f1o 04.1997 &#8211; 03.2005, 1360 , 75<br \/>\n1.5 D, A\u00f1o 04.1997 &#8211; 09.2000, 1527 , 57<br \/>\n1.6 16V, A\u00f1o 09.2000 &#8211; 03.2005, 1587 , 109<br \/>\n1.6 i, A\u00f1o 04.1997 &#8211; 09.2000, 1587 , 88<br \/>\n1.8 D, A\u00f1o 04.1997 &#8211; 09.2000, 1769 , 58<br \/>\n1.8 i, A\u00f1o 04.1997 &#8211; 09.2000, 1761 , 90<br \/>\n1.8 i 16V, A\u00f1o 04.1997 &#8211; 09.2000, 1761 , 110<br \/>\n1.8 i Aut., A\u00f1o 04.1997 &#8211; 09.2000, 1761 , 101<br \/>\n1.8 VTS, A\u00f1o 09.2000 &#8211; 10.2004, 1749 , 116<br \/>\n1.9 D, A\u00f1o 04.1997 &#8211; 09.2000, 1905 , 68<br \/>\n1.9 D, A\u00f1o 07.1998 &#8211; 03.2005, 1868 , 70<br \/>\n1.9 SD, A\u00f1o 01.1998 &#8211; 09.2000, 1905 , 75<br \/>\n1.9 TD, A\u00f1o 04.1997 &#8211; 09.2000, 1905 , 90<br \/>\n2.0 16V, A\u00f1o 07.1998 &#8211; 09.2000, 1998 , 132<br \/>\n2.0 16V, A\u00f1o 09.2000 &#8211; 03.2005, 1997 , 136<br \/>\n2.0 HDi 109, A\u00f1o 05.2001 &#8211; 03.2005, 1997 , 109<br \/>\n2.0 HDi 90, A\u00f1o 02.1999 &#8211; 03.2005, 1997 , 90<br \/>\nCITRO\u00cbN Xsara Familiar (N2)<br \/>\n1.4 HDi, A\u00f1o 01.2003 &#8211; 08.2005, 1398 , 68<br \/>\n1.4 i, A\u00f1o 10.1997 &#8211; 08.2005, 1360 , 75<br \/>\n1.5 D, A\u00f1o 10.1997 &#8211; 09.2000, 1527 , 57<br \/>\n1.6 16V, A\u00f1o 09.2000 &#8211; 08.2005, 1587 , 109<br \/>\n1.6 i, A\u00f1o 10.1997 &#8211; 09.2000, 1587 , 88<br \/>\n1.8 D, A\u00f1o 10.1997 &#8211; 09.2000, 1769 , 58<br \/>\n1.8 i, A\u00f1o 10.1997 &#8211; 09.2000, 1761 , 90<br \/>\n1.8 i 16V, A\u00f1o 10.1997 &#8211; 09.2000, 1761 , 110<br \/>\n1.8 i Aut., A\u00f1o 10.1997 &#8211; 09.2000, 1761 , 101<br \/>\n1.8 LPG, A\u00f1o 05.1998 &#8211; 08.2000, 1761 , 110<br \/>\n1.9 D, A\u00f1o 10.1997 &#8211; 09.2000, 1905 , 68<br \/>\n1.9 D, A\u00f1o 07.1998 &#8211; 08.2005, 1868 , 70<br \/>\n1.9 D, A\u00f1o 01.1998 &#8211; 09.2000, 1905 , 75<br \/>\n1.9 TD, A\u00f1o 10.1997 &#8211; 09.2000, 1905 , 90<br \/>\n2.0 16V, A\u00f1o 07.1998 &#8211; 09.2000, 1998 , 132<br \/>\n2.0 16V, A\u00f1o 09.2000 &#8211; 08.2005, 1997 , 136<br \/>\n2.0 HDi 109, A\u00f1o 05.2001 &#8211; 08.2005, 1997 , 109<br \/>\n2.0 HDI 90, A\u00f1o 02.1999 &#8211; 08.2005, 1997 , 90<br \/>\nCITRO\u00cbN Xantia (X2) (A\u00f1o 01.1998 &#8211; 04.2003)<br \/>\n2.0 HDI 90, A\u00f1o 03.1999 &#8211; 04.2003, 1997 , 90<br \/>\n3.0 V6, A\u00f1o 01.1998 &#8211; 04.2003, 2946 , 190<br \/>\nCITRO\u00cbN Xsara Coup\u00e9 (N0)<br \/>\n1.4 HDi, A\u00f1o 01.2003 &#8211; 03.2005, 1398 , 68<br \/>\n1.4 i, A\u00f1o 03.1998 &#8211; 03.2005, 1360 , 75<br \/>\n1.6 16V, A\u00f1o 09.2000 &#8211; 03.2005, 1587 , 109<br \/>\n1.6 i, A\u00f1o 02.1998 &#8211; 09.2000, 1587 , 88<br \/>\n1.8 i, A\u00f1o 02.1998 &#8211; 09.2000, 1761 , 90<br \/>\n1.8 i, A\u00f1o 02.1998 &#8211; 09.2000, 1761 , 101<br \/>\n1.8 i 16V, A\u00f1o 02.1998 &#8211; 09.2000, 1761 , 110<br \/>\n1.8 LPG, A\u00f1o 01.1998 &#8211; 08.2000, 1761 , 112<br \/>\n1.9 D, A\u00f1o 02.1998 &#8211; 09.2000, 1905 , 68<br \/>\n1.9 D, A\u00f1o 02.1999 &#8211; 03.2005, 1868 , 70<br \/>\n1.9 D, A\u00f1o 02.1998 &#8211; 05.1999, 1905 , 75<br \/>\n1.9 TD, A\u00f1o 02.1998 &#8211; 09.2000, 1905 , 90<br \/>\n2.0 16V, A\u00f1o 09.2000 &#8211; 03.2005, 1997 , 136<br \/>\n2.0 HDi 109, A\u00f1o 05.2001 &#8211; 03.2005, 1997 , 109<br \/>\n2.0 HDI 90, A\u00f1o 02.1999 &#8211; 03.2005, 1997 , 90<br \/>\n2.0 i 16V, A\u00f1o 02.1998 &#8211; 03.2005, 1998 , 163<br \/>\nCITRO\u00cbN ZX Familiar (N2)<br \/>\n1.6 i, A\u00f1o 10.1993 &#8211; 10.1997, 1580 , 88<br \/>\nCITRO\u00cbN Xsara Picasso (N68)<br \/>\n1.6, A\u00f1o 12.1999 &#8211; 09.2001, 1587 , 88<br \/>\n1.6, A\u00f1o 06.2002 &#8211; 08.2005, 1587 , 91<br \/>\n1.6, A\u00f1o 12.1999 &#8211; 12.2010, 1587 , 95<br \/>\n1.6 Chrono, A\u00f1o 04.2001 &#8211; 10.2004, 1587 , 101<br \/>\n1.6 HDi, A\u00f1o 05.2004 &#8211; 12.2011, 1560 , 109<br \/>\n1.8 16V, A\u00f1o 02.2000 &#8211; 08.2005, 1749 , 115<br \/>\n2.0 16V, A\u00f1o 01.2003 &#8211; 06.2012, 1997 , 136<br \/>\n2.0 HDi, A\u00f1o 12.1999 &#8211; 12.2011, 1997 , 90<br \/>\nCITRO\u00cbN Jumpy I Furg\u00f3n<br \/>\n1.6 i, A\u00f1o 10.1995 &#8211; 08.2000, 1581 , 79<br \/>\n1.9 D, A\u00f1o 10.1995 &#8211; 08.1998, 1905 , 69<br \/>\nCITRO\u00cbN C5 I<br \/>\n1.8 16V, A\u00f1o 03.2001 &#8211; 08.2004, 1749 , 115<br \/>\n2.0 16V, A\u00f1o 03.2001 &#8211; 08.2004, 1997 , 136<br \/>\n2.0 16V HPi, A\u00f1o 03.2001 &#8211; 08.2004, 1997 , 140<br \/>\n2.0 HDi, A\u00f1o 03.2001 &#8211; 08.2004, 1997 , 107<br \/>\n2.0 HDi, A\u00f1o 03.2001 &#8211; 08.2004, 1997 , 90<br \/>\n2.0 HDi, A\u00f1o 03.2001 &#8211; 08.2004, 1997 , 109<br \/>\nCITRO\u00cbN C4 Coup\u00e9<br \/>\n1.6 16V, A\u00f1o 11.2004 &#8211; 07.2011, 1587 , 109<br \/>\n1.6 HDi, A\u00f1o 11.2004 &#8211; 07.2011, 1560 , 90<br \/>\n1.6 HDi, A\u00f1o 11.2004 &#8211; 07.2011, 1560 , 109<br \/>\n2.0 16V, A\u00f1o 11.2004 &#8211; 07.2007, 1997 , 136<br \/>\n2.0 16V, A\u00f1o 11.2004 &#8211; 12.2010, 1997 , 177<br \/>\nCITRO\u00cbN C4 I Hatchback<br \/>\n1.4 16V, A\u00f1o 11.2004 &#8211; 07.2011, 1360 , 88<br \/>\n1.6 16V, A\u00f1o 11.2004 &#8211; 07.2011, 1587 , 109<br \/>\n1.6 HDi, A\u00f1o 11.2004 &#8211; 07.2011, 1560 , 90<br \/>\n2.0 16V, A\u00f1o 11.2004 &#8211; 07.2007, 1997 , 136<br \/>\n2.0 16V, A\u00f1o 11.2004 &#8211; 07.2011, 1997 , 140<br \/>\n2.0 16V, A\u00f1o 11.2004 &#8211; 07.2008, 1997 , 177<br \/>\nCITRO\u00cbN C5 II<br \/>\n1.6 HDi, A\u00f1o 09.2004 &#8211; &#8230;, 1560 , 109<br \/>\n1.8 16V, A\u00f1o 09.2004 &#8211; &#8230;, 1749 , 116<br \/>\n2.0 16V, A\u00f1o 09.2004 &#8211; &#8230;, 1997 , 140<br \/>\nCITRO\u00cbN Xsara (N3)<br \/>\n1.8 D, A\u00f1o 05.1998 &#8211; 05.1999, 1769 , 58<br \/>\n1.9 D, A\u00f1o 06.1999 &#8211; 03.2005, 1868 , 69<br \/>\n1.9 D, A\u00f1o 05.1998 &#8211; 08.2000, 1905 , 88<br \/>\n2.0 HDi, A\u00f1o 09.2000 &#8211; 03.2005, 1997 , 90<\/p>\n<p>PEUGEOT 306<br \/>\n1.8 16V, A\u00f1o 03.1997 &#8211; 05.2001, 1761 , 110<br \/>\n1.9 D, A\u00f1o 05.1993 &#8211; 05.2001, 1905 , 64<br \/>\n1.9 D, A\u00f1o 06.1994 &#8211; 05.2001, 1905 , 68<br \/>\n1.9 D, A\u00f1o 09.1998 &#8211; 05.2001, 1868 , 69<br \/>\n1.9 D, A\u00f1o 03.1998 &#8211; 05.2001, 1905 , 75<br \/>\n1.9 DT, A\u00f1o 05.1993 &#8211; 05.2001, 1905 , 90<br \/>\n2.0 16V, A\u00f1o 03.1997 &#8211; 06.2000, 1998 , 135<br \/>\n2.0 HDI 90, A\u00f1o 06.1999 &#8211; 05.2001, 1997 , 90<br \/>\n2.0 S16, A\u00f1o 06.1994 &#8211; 05.2001, 1998 , 150<br \/>\n2.0 S16, A\u00f1o 05.1993 &#8211; 05.2001, 1998 , 152<br \/>\n2.0 S16, A\u00f1o 03.1996 &#8211; 05.2001, 1998 , 163<br \/>\nPEUGEOT 306 Berlina<br \/>\n1.6, A\u00f1o 07.2000 &#8211; 05.2001, 1587 , 90<br \/>\n1.6, A\u00f1o 10.2000 &#8211; 05.2001, 1587 , 98<br \/>\n1.8 16V, A\u00f1o 03.1997 &#8211; 05.2001, 1761 , 110<br \/>\n1.8 ST, A\u00f1o 06.1994 &#8211; 05.2001, 1762 , 101<br \/>\n1.9 D, A\u00f1o 09.1998 &#8211; 05.2001, 1868 , 69<br \/>\n1.9 D, A\u00f1o 03.1998 &#8211; 05.2001, 1905 , 75<br \/>\n1.9 SRDT, A\u00f1o 06.1994 &#8211; 05.2001, 1905 , 90<br \/>\n2.0, A\u00f1o 03.1997 &#8211; 05.2001, 1998 , 132<br \/>\n2.0 HDI 90, A\u00f1o 06.1999 &#8211; 05.2001, 1997 , 90<br \/>\n2.0 S16, A\u00f1o 06.1994 &#8211; 05.2001, 1998 , 150<br \/>\n2.0 S16, A\u00f1o 06.1994 &#8211; 05.2001, 1998 , 152<br \/>\n2.0 ST, A\u00f1o 07.1994 &#8211; 05.2001, 1998 , 121<br \/>\nPEUGEOT 405 II (4B)<br \/>\n1.9 D, A\u00f1o 08.1992 &#8211; 10.1995, 1905 , 64<br \/>\n1.9 D, A\u00f1o 06.1994 &#8211; 10.1995, 1905 , 68<br \/>\n1.9 TD, A\u00f1o 08.1992 &#8211; 10.1995, 1905 , 90<br \/>\n2.0 16V, A\u00f1o 06.1994 &#8211; 10.1995, 1998 , 150<br \/>\n2.0 MI-16, A\u00f1o 08.1992 &#8211; 10.1995, 1998 , 152<br \/>\n2.0 T 16 X4, A\u00f1o 08.1992 &#8211; 10.1995, 1998 , 196<br \/>\n2.0 X4, A\u00f1o 08.1992 &#8211; 10.1995, 1998 , 121<br \/>\nPEUGEOT 406 Berlina<br \/>\n1.6, A\u00f1o 11.1995 &#8211; 05.2004, 1580 , 88<br \/>\n1.8, A\u00f1o 05.1997 &#8211; 05.2004, 1761 , 90<br \/>\n1.8, A\u00f1o 10.1996 &#8211; 03.1999, 1761 , 101<br \/>\n1.8 16V, A\u00f1o 11.1995 &#8211; 10.2000, 1761 , 110<br \/>\n1.8 16V, A\u00f1o 10.2000 &#8211; 05.2004, 1749 , 116<br \/>\n1.8 Bifuel, A\u00f1o 04.1999 &#8211; 05.2003, 1761 , 110<br \/>\n1.9 D, A\u00f1o 10.1996 &#8211; 05.2004, 1905 , 75<br \/>\n1.9 TD, A\u00f1o 01.1996 &#8211; 05.2004, 1905 , 92<br \/>\n1.9 TD, A\u00f1o 10.1995 &#8211; 10.1997, 1905 , 94<br \/>\n2.0, A\u00f1o 11.1996 &#8211; 03.1999, 1998 , 141<br \/>\n2.0 16V, A\u00f1o 11.1995 &#8211; 05.2004, 1998 , 132<br \/>\n2.0 16V, A\u00f1o 01.1999 &#8211; 08.2000, 1997 , 135<br \/>\n2.0 16V, A\u00f1o 08.2000 &#8211; 06.2004, 1997 , 136<br \/>\n2.0 16V HPi, A\u00f1o 05.2001 &#8211; 05.2004, 1997 , 140<br \/>\n2.0 HDi 110, A\u00f1o 08.2001 &#8211; 05.2004, 1997 , 107<br \/>\n2.0 HDI 110, A\u00f1o 06.1998 &#8211; 08.2001, 1997 , 109<br \/>\n2.0 HDI 90, A\u00f1o 02.1999 &#8211; 05.2004, 1997 , 90<br \/>\n2.0 Turbo, A\u00f1o 04.1996 &#8211; 05.2004, 1998 , 147<br \/>\n2.2, A\u00f1o 07.2000 &#8211; 05.2004, 2230 , 158<br \/>\n2.2 HDi, A\u00f1o 03.2000 &#8211; 05.2004, 2179 , 133<br \/>\nPEUGEOT 106 II Hatchback (1A, 1C)<br \/>\n1.6 i, A\u00f1o 05.1996 &#8211; 01.2001, 1587 , 101<br \/>\nPEUGEOT 406<br \/>\n1.8, A\u00f1o 05.1997 &#8211; 10.2004, 1761 , 90<br \/>\n1.8 16V, A\u00f1o 10.2000 &#8211; 10.2004, 1749 , 116<br \/>\n1.9 D, A\u00f1o 10.1996 &#8211; 10.2004, 1905 , 75<br \/>\n1.9 TD, A\u00f1o 10.1996 &#8211; 10.2004, 1905 , 90<br \/>\n2.0, A\u00f1o 11.1996 &#8211; 03.1999, 1998 , 141<br \/>\n2.0 16V, A\u00f1o 10.1996 &#8211; 10.2004, 1998 , 132<br \/>\n2.0 16V, A\u00f1o 01.1999 &#8211; 10.2000, 1997 , 135<br \/>\n2.0 16V, A\u00f1o 10.2000 &#8211; 10.2004, 1997 , 136<br \/>\n2.0 16V HPi, A\u00f1o 05.2001 &#8211; 10.2004, 1997 , 140<br \/>\n2.0 HDi 110, A\u00f1o 08.2001 &#8211; 10.2004, 1997 , 107<br \/>\n2.0 HDI 110, A\u00f1o 02.1999 &#8211; 04.2004, 1997 , 109<br \/>\n2.0 HDI 90, A\u00f1o 02.1999 &#8211; 10.2004, 1997 , 90<br \/>\n2.2, A\u00f1o 07.2000 &#8211; 10.2004, 2230 , 158<br \/>\n2.2 HDI, A\u00f1o 03.2000 &#8211; 10.2004, 2179 , 133<br \/>\nPEUGEOT Partner I<br \/>\n1.6, A\u00f1o 09.2000 &#8211; 10.2002, 1587 , 109<br \/>\n1.6 Bioflex, A\u00f1o 09.2000 &#8211; 10.2002, 1587 , 109<br \/>\n1.8, A\u00f1o 03.1997 &#8211; 08.2000, 1761 , 90<br \/>\n1.8 D, A\u00f1o 06.1996 &#8211; 12.2002, 1769 , 58<br \/>\n1.9 D, A\u00f1o 06.1996 &#8211; 12.2015, 1868 , 69<br \/>\n1.9 D, A\u00f1o 06.1996 &#8211; 12.2002, 1905 , 69<br \/>\n1.9 D 4&#215;4, A\u00f1o 04.2004 &#8211; 11.2007, 1868 , 69<br \/>\n2.0 HDi, A\u00f1o 04.2000 &#8211; 07.2008, 1997 , 90<br \/>\n2.0 HDi 4&#215;4, A\u00f1o 04.2004 &#8211; 08.2005, 1997 , 90<br \/>\nPEUGEOT 206 Hatchback (2A\/C)<br \/>\n1.4 i, A\u00f1o 09.1998 &#8211; 12.2012, 1360 , 75<br \/>\n1.6 16V, A\u00f1o 12.2000 &#8211; 04.2009, 1587 , 109<br \/>\n1.6 HDi 110, A\u00f1o 05.2004 &#8211; 02.2007, 1560 , 109<br \/>\n1.6 i, A\u00f1o 09.1998 &#8211; 12.2000, 1587 , 89<br \/>\n1.9 D, A\u00f1o 09.1998 &#8211; 11.2001, 1868 , 69<br \/>\n2.0 HDI 90, A\u00f1o 12.1999 &#8211; 09.2009, 1997 , 90<br \/>\n2.0 RC, A\u00f1o 07.2003 &#8211; 12.2007, 1997 , 177<br \/>\n2.0 S16, A\u00f1o 04.1999 &#8211; 10.2000, 1997 , 135<br \/>\n2.0 S16, A\u00f1o 06.1999 &#8211; 12.2007, 1997 , 136<br \/>\nPEUGEOT 306 Familiar<br \/>\n1.6, A\u00f1o 03.1997 &#8211; 10.2000, 1587 , 89<br \/>\n1.6, A\u00f1o 10.2000 &#8211; 04.2002, 1587 , 98<br \/>\n1.8, A\u00f1o 03.1997 &#8211; 04.2002, 1762 , 101<br \/>\n1.8 16V, A\u00f1o 03.1997 &#8211; 04.2002, 1761 , 110<br \/>\n1.9 D, A\u00f1o 03.1997 &#8211; 04.2002, 1905 , 68<br \/>\n1.9 D, A\u00f1o 09.1998 &#8211; 04.2002, 1868 , 69<br \/>\n1.9 D, A\u00f1o 03.1998 &#8211; 04.2002, 1905 , 75<br \/>\n1.9 TD, A\u00f1o 02.1997 &#8211; 04.2002, 1905 , 90<br \/>\n2.0, A\u00f1o 03.1997 &#8211; 04.2002, 1998 , 132<br \/>\n2.0 16V, A\u00f1o 03.1997 &#8211; 04.2002, 1998 , 135<br \/>\n2.0 HDI 90, A\u00f1o 06.1999 &#8211; 04.2002, 1997 , 90<br \/>\nPEUGEOT 206 CC (2D)<br \/>\n1.6 16V, A\u00f1o 09.2000 &#8211; 12.2007, 1587 , 109<br \/>\n1.6 HDi 110, A\u00f1o 04.2005 &#8211; 02.2007, 1560 , 109<br \/>\n2.0 S16, A\u00f1o 09.2000 &#8211; 12.2007, 1997 , 136<br \/>\nPEUGEOT 307 (3A\/C)<br \/>\n1.4 16V, A\u00f1o 11.2003 &#8211; 07.2007, 1360 , 88<br \/>\n1.4 HDi, A\u00f1o 10.2001 &#8211; 06.2005, 1398 , 68<br \/>\n1.6 16V, A\u00f1o 08.2000 &#8211; 11.2007, 1587 , 109<br \/>\n1.6 HDi, A\u00f1o 04.2005 &#8211; 03.2009, 1560 , 90<br \/>\n1.6 HDi 110, A\u00f1o 02.2004 &#8211; 03.2009, 1560 , 109<br \/>\n2.0 16V, A\u00f1o 08.2000 &#8211; 06.2005, 1997 , 136<br \/>\n2.0 16V, A\u00f1o 03.2005 &#8211; 11.2007, 1997 , 140<br \/>\n2.0 16V, A\u00f1o 06.2005 &#8211; 11.2007, 1997 , 177<br \/>\n2.0 HDi 110, A\u00f1o 08.2000 &#8211; 03.2007, 1997 , 107<br \/>\n2.0 HDi 135, A\u00f1o 10.2003 &#8211; 11.2007, 1997 , 136<br \/>\n2.0 HDi 90, A\u00f1o 08.2000 &#8211; 03.2007, 1997 , 90<br \/>\nPEUGEOT 206 SW (2E\/K)<br \/>\n1.4, A\u00f1o 07.2002 &#8211; 02.2007, 1360 , 75<br \/>\n1.6 16V, A\u00f1o 07.2002 &#8211; &#8230;, 1587 , 109<br \/>\n1.6 HDi 110, A\u00f1o 05.2004 &#8211; &#8230;, 1560 , 109<br \/>\n2.0 16V, A\u00f1o 07.2002 &#8211; 02.2007, 1997 , 136<br \/>\n2.0 HDi, A\u00f1o 07.2002 &#8211; &#8230;, 1997 , 90<br \/>\nPEUGEOT 307 CC (3B)<br \/>\n1.6 16V, A\u00f1o 02.2005 &#8211; 04.2009, 1587 , 110<br \/>\n2.0 16V, A\u00f1o 10.2003 &#8211; 06.2005, 1997 , 136<br \/>\n2.0 16V, A\u00f1o 10.2003 &#8211; 04.2009, 1997 , 177<br \/>\nPEUGEOT 407<br \/>\n1.6 HDi 110, A\u00f1o 05.2004 &#8211; 12.2010, 1560 , 109<br \/>\n1.8, A\u00f1o 05.2004 &#8211; 07.2005, 1749 , 116<br \/>\n2.0, A\u00f1o 05.2004 &#8211; 07.2005, 1997 , 136<br \/>\nPEUGEOT 307 Familiar (3E)<br \/>\n1.4 HDi, A\u00f1o 03.2002 &#8211; 06.2005, 1398 , 68<br \/>\n1.6 16V, A\u00f1o 03.2002 &#8211; 04.2008, 1587 , 109<br \/>\n1.6 HDi, A\u00f1o 04.2005 &#8211; 04.2008, 1560 , 90<br \/>\n1.6 HDi 110, A\u00f1o 02.2004 &#8211; 04.2008, 1560 , 109<br \/>\n2.0, A\u00f1o 03.2002 &#8211; 06.2005, 1997 , 136<br \/>\n2.0 HDI 110, A\u00f1o 03.2002 &#8211; 12.2009, 1997 , 107<br \/>\n2.0 HDI 90, A\u00f1o 03.2002 &#8211; 04.2008, 1997 , 90<br \/>\nPEUGEOT 206 Furg\u00f3n<br \/>\n1.9 D, A\u00f1o 04.1999 &#8211; 05.2007, 1868 , 69<br \/>\nPEUGEOT Partner I Cami\u00f3n de plataforma\/Chasis<br \/>\n1.9 D, A\u00f1o 01.1999 &#8211; 07.2008, 1868 , 69<br \/>\n2.0 HDi, A\u00f1o 11.2002 &#8211; 07.2008, 1997 , 90<br \/>\nPEUGEOT 306 Furg\u00f3n \/ Hatchback<br \/>\n1.9 D, A\u00f1o 02.1999 &#8211; 08.2001, 1868 , 69<\/p>\n<p>LA PIEZA ES NUEVA Y ORIGINAL.<\/p>\n","protected":false},"excerpt":{"rendered":"<p>Juego, set del fuelle del eje de transmisi\u00f3n del lado del cambio de: Di\u00e1metro 1: 34 mm Di\u00e1metro 2: 80 mm Largo: 104 mm CITRO\u00cbN Xantia Hatchback (X1, X2) 1.8 i, A\u00f1o 04.1997 &#8211; 01.1998, 1761 , 90 1.8 i, A\u00f1o 03.1993 &#8211; 01.1998, 1761 , 101 1.8 i 16V, A\u00f1o 06.1995 &#8211; 01.1998, 1761 [&hellip;]<\/p>\n","protected":false},"featured_media":48337,"template":"","meta":{"_seopress_robots_primary_cat":"","_seopress_titles_title":"","_seopress_titles_desc":"","_seopress_robots_index":""},"product_cat":[145,146,147,148,150,151,152,129,131,134,135,23,138,158,24,141,143,144],"product_tag":[],"class_list":{"0":"post-3716","1":"product","2":"type-product","3":"status-publish","4":"has-post-thumbnail","6":"product_cat-recambios-peugeot-106","7":"product_cat-recambios-peugeot-206","8":"product_cat-recambios-peugeot-306","9":"product_cat-recambios-peugeot-307","10":"product_cat-recambios-peugeot-405","11":"product_cat-recambios-peugeot-406","12":"product_cat-recambios-peugeot-407","13":"product_cat-recambios-citroen-berlingo","14":"product_cat-recambios-citroen-c15","15":"product_cat-recambios-citroen-c4","16":"product_cat-recambios-citroen-c5","17":"product_cat-recambios-citroen","18":"product_cat-recambios-citroen-jumpy","19":"product_cat-recambios-peugeot-partner","20":"product_cat-recambios-peugeot","21":"product_cat-recambios-citroen-xantia","22":"product_cat-recambios-citroen-xsara","23":"product_cat-recambios-citroen-zx","25":"first","26":"instock","27":"taxable","28":"shipping-taxable","29":"purchasable","30":"product-type-simple"},"_links":{"self":[{"href":"https:\/\/galicianparts.com\/shop\/wp-json\/wp\/v2\/product\/3716"}],"collection":[{"href":"https:\/\/galicianparts.com\/shop\/wp-json\/wp\/v2\/product"}],"about":[{"href":"https:\/\/galicianparts.com\/shop\/wp-json\/wp\/v2\/types\/product"}],"wp:featuredmedia":[{"embeddable":true,"href":"https:\/\/galicianparts.com\/shop\/wp-json\/wp\/v2\/media\/48337"}],"wp:attachment":[{"href":"https:\/\/galicianparts.com\/shop\/wp-json\/wp\/v2\/media?parent=3716"}],"wp:term":[{"taxonomy":"product_cat","embeddable":true,"href":"https:\/\/galicianparts.com\/shop\/wp-json\/wp\/v2\/product_cat?post=3716"},{"taxonomy":"product_tag","embeddable":true,"href":"https:\/\/galicianparts.com\/shop\/wp-json\/wp\/v2\/product_tag?post=3716"}],"curies":[{"name":"wp","href":"https:\/\/api.w.org\/{rel}","templated":true}]}}