{"id":37341,"date":"2021-11-26T12:53:32","date_gmt":"2021-11-26T10:53:32","guid":{"rendered":"https:\/\/galicianparts.com\/shop\/producto\/4355787-rotula-inferior-suspension-delantera-fiat-124-132-125-argenta-nuevo-original\/"},"modified":"2022-06-06T19:40:56","modified_gmt":"2022-06-06T17:40:56","slug":"4355787-rotula-inferior-suspension-delantera-fiat-124-132-125-argenta-nuevo-original","status":"publish","type":"product","link":"https:\/\/galicianparts.com\/shop\/producto\/4355787-rotula-inferior-suspension-delantera-fiat-124-132-125-argenta-nuevo-original\/","title":{"rendered":"4355787 R\u00f3tula inferior suspensi\u00f3n delantera Fiat 124 \/ 132 \/ 125 \/ Argenta NUEVO ORIGINAL"},"content":{"rendered":"<p>R\u00f3tula del brazo oscilante inferior de la suspensi\u00f3n delantera de:<br \/>\nFIAT 124 Sport Spider (124) (A\u00f1o 01.1966 &#8211; 11.1985)<br \/>\n1.4 Sport, A\u00f1o 01.1966 &#8211; 12.1972, 1438 , 90<br \/>\n1.6 Sport, A\u00f1o 11.1969 &#8211; 08.1973, 1608 , 112<br \/>\n1.6 Sport, A\u00f1o 11.1969 &#8211; 08.1973, 1592 , 100<br \/>\n1.6 Sport, A\u00f1o 01.1969 &#8211; 12.1974, 1592 , 108<br \/>\n1.6 Sport, A\u00f1o 01.1969 &#8211; 12.1974, 1592 , 104<br \/>\n1.8 Sport, A\u00f1o 01.1972 &#8211; 12.1977, 1756 , 118<br \/>\nFIAT Argenta (132) (A\u00f1o 05.1977 &#8211; 03.1987)<br \/>\n1.6, A\u00f1o 04.1981 &#8211; 12.1985, 1585 , 98<br \/>\n1.6 i.e, A\u00f1o 04.1981 &#8211; 12.1985, 1585 , 90<br \/>\n2, A\u00f1o 06.1978 &#8211; 12.1985, 1995 , 113<br \/>\n2.0 i.e., A\u00f1o 06.1981 &#8211; 07.1986, 1995 , 122<br \/>\n2.0 Volumex, A\u00f1o 06.1984 &#8211; 07.1985, 1995 , 135<br \/>\n2.5 Di\u00e9sel, A\u00f1o 06.1981 &#8211; 11.1985, 2445 , 72<br \/>\nFIAT 124 Berlina (124) (A\u00f1o 07.1966 &#8211; 07.1975)<br \/>\n1.2, A\u00f1o 02.1973 &#8211; 07.1975, 1197 , 65<br \/>\n1.2, A\u00f1o 07.1966 &#8211; 10.1973, 1197 , 60<br \/>\n1.4, A\u00f1o 12.1968 &#8211; 12.1972, 1438 , 70<br \/>\n1.4, A\u00f1o 01.1973 &#8211; 07.1975, 1438 , 75<br \/>\n1.6, A\u00f1o 01.1973 &#8211; 07.1975, 1592 , 95<br \/>\nFIAT 124 Familiare (124) (A\u00f1o 04.1967 &#8211; 03.1975)<br \/>\n1.2, A\u00f1o 04.1967 &#8211; 05.1973, 1197 , 60<br \/>\n1.2, A\u00f1o 05.1973 &#8211; 03.1975, 1197 , 65<br \/>\nFIAT 124 Coup\u00e9 (124) (A\u00f1o 06.1967 &#8211; 02.1976)<br \/>\n1.4 Sport, A\u00f1o 06.1967 &#8211; 10.1972, 1438 , 90<br \/>\n1.6, A\u00f1o 11.1971 &#8211; 10.1973, 1608 , 100<br \/>\n1.6, A\u00f1o 04.1970 &#8211; 10.1973, 1608 , 110<br \/>\n1.6 Sport, A\u00f1o 08.1972 &#8211; 12.1975, 1592 , 104<br \/>\n1.6 Sport, A\u00f1o 08.1972 &#8211; 12.1975, 1592 , 108<br \/>\nFIAT 125 Berlina (125) (A\u00f1o 07.1967 &#8211; 03.1974)<br \/>\n1.6, A\u00f1o 07.1967 &#8211; 03.1974, 1608 , 90<br \/>\n1.6, A\u00f1o 05.1969 &#8211; 10.1973, 1608 , 100<br \/>\nFIAT 132 (132_) (A\u00f1o 04.1972 &#8211; 12.1982)<br \/>\n1.6, A\u00f1o 05.1977 &#8211; 09.1982, 1585 , 88<br \/>\n1.6, A\u00f1o 03.1977 &#8211; 12.1981, 1585 , 90<br \/>\n1.6, A\u00f1o 01.1976 &#8211; 12.1982, 1585 , 98<br \/>\n1.6, A\u00f1o 04.1972 &#8211; 01.1976, 1592 , 98<br \/>\n1.7 GLS, A\u00f1o 04.1974 &#8211; 12.1975, 1756 , 107<br \/>\n1.7 GLS, A\u00f1o 11.1975 &#8211; 01.1977, 1756 , 112<br \/>\n2.0, A\u00f1o 01.1976 &#8211; 06.1981, 1995 , 112<br \/>\n2.0 i.e., A\u00f1o 01.1980 &#8211; 12.1982, 1995 , 122<\/p>\n<p>LA PIEZA ES NUEVA Y ORIGINAL.<\/p>\n","protected":false},"excerpt":{"rendered":"<p>R\u00f3tula del brazo oscilante inferior de la suspensi\u00f3n delantera de: FIAT 124 Sport Spider (124) (A\u00f1o 01.1966 &#8211; 11.1985) 1.4 Sport, A\u00f1o 01.1966 &#8211; 12.1972, 1438 , 90 1.6 Sport, A\u00f1o 11.1969 &#8211; 08.1973, 1608 , 112 1.6 Sport, A\u00f1o 11.1969 &#8211; 08.1973, 1592 , 100 1.6 Sport, A\u00f1o 01.1969 &#8211; 12.1974, 1592 , 108 [&hellip;]<\/p>\n","protected":false},"featured_media":37342,"template":"","meta":{"_seopress_robots_primary_cat":"","_seopress_titles_title":"","_seopress_titles_desc":"","_seopress_robots_index":""},"product_cat":[65,66,71,79,20],"product_tag":[],"class_list":{"0":"post-37341","1":"product","2":"type-product","3":"status-publish","4":"has-post-thumbnail","6":"product_cat-recambios-fiat-124","7":"product_cat-recambios-fiat-125","8":"product_cat-recambios-fiat-132","9":"product_cat-recambios-fiat-argenta","10":"product_cat-recambios-fiat","12":"first","13":"outofstock","14":"taxable","15":"shipping-taxable","16":"purchasable","17":"product-type-simple"},"_links":{"self":[{"href":"https:\/\/galicianparts.com\/shop\/wp-json\/wp\/v2\/product\/37341"}],"collection":[{"href":"https:\/\/galicianparts.com\/shop\/wp-json\/wp\/v2\/product"}],"about":[{"href":"https:\/\/galicianparts.com\/shop\/wp-json\/wp\/v2\/types\/product"}],"wp:featuredmedia":[{"embeddable":true,"href":"https:\/\/galicianparts.com\/shop\/wp-json\/wp\/v2\/media\/37342"}],"wp:attachment":[{"href":"https:\/\/galicianparts.com\/shop\/wp-json\/wp\/v2\/media?parent=37341"}],"wp:term":[{"taxonomy":"product_cat","embeddable":true,"href":"https:\/\/galicianparts.com\/shop\/wp-json\/wp\/v2\/product_cat?post=37341"},{"taxonomy":"product_tag","embeddable":true,"href":"https:\/\/galicianparts.com\/shop\/wp-json\/wp\/v2\/product_tag?post=37341"}],"curies":[{"name":"wp","href":"https:\/\/api.w.org\/{rel}","templated":true}]}}