{"id":37481,"date":"2021-11-29T21:00:38","date_gmt":"2021-11-29T19:00:38","guid":{"rendered":"https:\/\/galicianparts.com\/shop\/producto\/4274724-pinon-marcha-atras-fiat-500-126-bis-nuevo-original\/"},"modified":"2021-11-29T21:04:12","modified_gmt":"2021-11-29T19:04:12","slug":"4274724-pinon-marcha-atras-fiat-500-126-bis-nuevo-original","status":"publish","type":"product","link":"https:\/\/galicianparts.com\/shop\/producto\/4274724-pinon-marcha-atras-fiat-500-126-bis-nuevo-original\/","title":{"rendered":"4274724 Pi\u00f1\u00f3n marcha atr\u00e1s Fiat 500 \/ 126 BIS NUEVO ORIGINAL"},"content":{"rendered":"<p>Engranaje de la marcha atr\u00e1s de:<br \/>\nDientes: 26<br \/>\nAltura: 33,5mm<\/p>\n<p>FIAT 500 R<br \/>\nFIAT &#8211; MD 126 BIS (1987-1999)<\/p>\n<p>LA PIEZA ES NUEVA Y ORIGINAL.<\/p>\n","protected":false},"excerpt":{"rendered":"<p>Engranaje de la marcha atr\u00e1s de: Dientes: 26 Altura: 33,5mm FIAT 500 R FIAT &#8211; MD 126 BIS (1987-1999) LA PIEZA ES NUEVA Y ORIGINAL.<\/p>\n","protected":false},"featured_media":37482,"template":"","meta":{"_seopress_robots_primary_cat":"","_seopress_titles_title":"","_seopress_titles_desc":"","_seopress_robots_index":""},"product_cat":[67,74,20],"product_tag":[],"class_list":{"0":"post-37481","1":"product","2":"type-product","3":"status-publish","4":"has-post-thumbnail","6":"product_cat-recambios-fiat-126","7":"product_cat-recambios-fiat-500","8":"product_cat-recambios-fiat","10":"first","11":"instock","12":"taxable","13":"shipping-taxable","14":"purchasable","15":"product-type-simple"},"_links":{"self":[{"href":"https:\/\/galicianparts.com\/shop\/wp-json\/wp\/v2\/product\/37481"}],"collection":[{"href":"https:\/\/galicianparts.com\/shop\/wp-json\/wp\/v2\/product"}],"about":[{"href":"https:\/\/galicianparts.com\/shop\/wp-json\/wp\/v2\/types\/product"}],"wp:featuredmedia":[{"embeddable":true,"href":"https:\/\/galicianparts.com\/shop\/wp-json\/wp\/v2\/media\/37482"}],"wp:attachment":[{"href":"https:\/\/galicianparts.com\/shop\/wp-json\/wp\/v2\/media?parent=37481"}],"wp:term":[{"taxonomy":"product_cat","embeddable":true,"href":"https:\/\/galicianparts.com\/shop\/wp-json\/wp\/v2\/product_cat?post=37481"},{"taxonomy":"product_tag","embeddable":true,"href":"https:\/\/galicianparts.com\/shop\/wp-json\/wp\/v2\/product_tag?post=37481"}],"curies":[{"name":"wp","href":"https:\/\/api.w.org\/{rel}","templated":true}]}}